{"id":373,"date":"2013-12-12T13:47:44","date_gmt":"2013-12-12T11:47:44","guid":{"rendered":"http:\/\/www.r5.glm.de\/?post_type=product&#038;p=373"},"modified":"2019-11-12T16:33:17","modified_gmt":"2019-11-12T14:33:17","slug":"martina-eisenreich-reine-geschmacksache-o-s-t","status":"publish","type":"product","link":"https:\/\/www.glm.de\/en\/product\/martina-eisenreich-reine-geschmacksache-o-s-t\/","title":{"rendered":"Martina Eisenreich &#8211; Reine Geschmacksache (O.S.T.)"},"content":{"rendered":"<p><b>Martina Eisenreich<\/b> Violin<\/p>\n<p><b>Knud Mensing<\/b> Guitars<br \/>\n<b>Yvo Fischer<\/b> Double Bass<br \/>\n<b>Wolfgang Lohmeier<\/b> Percussion<br \/>\n<b>Sebastian Seel<\/b> Piano<br \/>\n<b>Evelyn Huber<\/b> Harp<\/p>\n<p>01. <strong>Buddies On Tour<\/strong> <em>(Martina Eisenreich)<\/em> 1:15<br \/>\n02. <strong>Jungfernfahrt<\/strong> <em>(Martina Eisenreich)<\/em> 2:30<br \/>\n03. <strong>Road Trip<\/strong> (performed by Quadro Nuevo) <em>(Martina Eisenreich)<\/em> 3:34<br \/>\n04. <strong>Flirt Auf Dem Golfplatz<\/strong> <em>(Martina Eisenreich)<\/em> 2:02<br \/>\n05. <strong>Hit And Run<\/strong> <em>(Martina Eisenreich)<\/em> 1:56<br \/>\n06. <strong>Lamentation<\/strong> <em>(Martina Eisenreich)<\/em>1:15<br \/>\n07. <strong>Liebestraum<\/strong> (Franz Liszt) 3:47<br \/>\n08. <strong>Drifting Away<\/strong> <em>(Martina Eisenreich)<\/em>0:36<br \/>\n09. <strong>Fliesenmuster<\/strong> <em>(Martina Eisenreich)<\/em>1:04<br \/>\n10. <strong>Nullpunkt<\/strong> <em>(Martina Eisenreich)<\/em>0:44<br \/>\n11. <strong>Tapetenwechsel<\/strong> <em>(Martina Eisenreich)<\/em>2:59<br \/>\n12. <strong>&#8220;Bin Weg!&#8221;<\/strong> <em>(Martina Eisenreich)<\/em> 2:01<br \/>\n13. <strong>Confession<\/strong> <em>(Martina Eisenreich)<\/em>1:42<br \/>\n14. <strong>Sunny Road<\/strong> <em>(Martina Eisenreich)<\/em>1:54<br \/>\n15. <strong>Schachbrettmuster<\/strong> <em>(Martina Eisenreich)<\/em>1:23<br \/>\n16. <strong>Showdown Im Gartenteich<\/strong> <em>(Martina Eisenreich)<\/em>3:10<br \/>\n17. <strong>Rondo Alla Turca<\/strong> <em>(W. A. Mozart)<\/em> 3:17<br \/>\n18. <strong>Reine Geschmacksache &#8211; End Titels<\/strong> <em>(Martina Eisenreich)<\/em> 4:12<br \/>\n19. <strong>Notturno<\/strong> <em>(Martina Eisenreich)<\/em> 2:09<\/p>\n<p>Die erfrischende Filmmusik zum &#8220;<em>Kom\u00f6dien-Volltreffer mit Herz und Witz<\/em>&#8221; (<em>TV Movie<\/em>) komponiert, arrangiert und produziert von <strong>Martina Eisenreich<\/strong>.<\/p>\n<p>Wolfi, Handelsvertreter f\u00fcr Damenoberbekleidung, hat einen funkelnagelneuen Wagen, aber pl\u00f6tzlich ein Problem: Er hat keinen F\u00fchrerschein mehr. Sein Sohn Karsten, frischgebackener Abiturient, hat eine Sprachreise nach Spanien gebucht, aber pl\u00f6tzlich ein Problem: Sein Vater hat keinen F\u00fchrerschein mehr. Protestieren hilft nicht: Karsten wird zwangsverpflichtet, Wolfi samt Fr\u00fchjahrskollektion durch die deutsche Provinz zu chauffieren. Eine Buddykom\u00f6die \u00fcber Vater und Sohn, die sich nun viel besser kennen lernen als ihnen lieb ist. Das Titelthema zu dem neuen Kinofilm des deutschen Regisseurs Ingo Rasper wird auf der CD von dem erfolgreichen Quartett <strong>Quadro Nuevo<\/strong> interpretiert.<\/p>\n","protected":false},"excerpt":{"rendered":"<p><a class=\"button smart_link_button\" href=\"https:\/\/smarturl.it\/reinegeschmacksache\" target=\"_blank\" rel=\"noopener\">Choose your store!<\/a><\/p>\n","protected":false},"featured_media":389,"comment_status":"open","ping_status":"closed","template":"","meta":[],"product_brand":[],"product_cat":[604,619],"product_tag":[632,97,109,62,623,111,641],"class_list":{"0":"post-373","1":"product","2":"type-product","3":"status-publish","4":"has-post-thumbnail","6":"product_cat-fine-music","7":"product_cat-martina-eisenreich","8":"product_tag-evelyn-huber","9":"product_tag-filmmusik","10":"product_tag-knud-mensing","11":"product_tag-tina-eisenreich","12":"product_tag-quadro-nuevo","13":"product_tag-soundtrack","14":"product_tag-wolfgang-lohmeier","16":"first","17":"instock","18":"taxable","19":"shipping-taxable","20":"product-type-external"},"_links":{"self":[{"href":"https:\/\/www.glm.de\/en\/wp-json\/wp\/v2\/product\/373"}],"collection":[{"href":"https:\/\/www.glm.de\/en\/wp-json\/wp\/v2\/product"}],"about":[{"href":"https:\/\/www.glm.de\/en\/wp-json\/wp\/v2\/types\/product"}],"replies":[{"embeddable":true,"href":"https:\/\/www.glm.de\/en\/wp-json\/wp\/v2\/comments?post=373"}],"wp:featuredmedia":[{"embeddable":true,"href":"https:\/\/www.glm.de\/en\/wp-json\/wp\/v2\/media\/389"}],"wp:attachment":[{"href":"https:\/\/www.glm.de\/en\/wp-json\/wp\/v2\/media?parent=373"}],"wp:term":[{"taxonomy":"product_brand","embeddable":true,"href":"https:\/\/www.glm.de\/en\/wp-json\/wp\/v2\/product_brand?post=373"},{"taxonomy":"product_cat","embeddable":true,"href":"https:\/\/www.glm.de\/en\/wp-json\/wp\/v2\/product_cat?post=373"},{"taxonomy":"product_tag","embeddable":true,"href":"https:\/\/www.glm.de\/en\/wp-json\/wp\/v2\/product_tag?post=373"}],"curies":[{"name":"wp","href":"https:\/\/api.w.org\/{rel}","templated":true}]}}