{"id":378,"date":"2013-12-12T15:18:09","date_gmt":"2013-12-12T13:18:09","guid":{"rendered":"http:\/\/www.r5.glm.de\/?post_type=product&#038;p=378"},"modified":"2023-02-23T18:04:28","modified_gmt":"2023-02-23T16:04:28","slug":"johannes-tonio-kreusch-hommage-a-heitor-villa-lobos","status":"publish","type":"product","link":"https:\/\/www.glm.de\/en\/product\/johannes-tonio-kreusch-hommage-a-heitor-villa-lobos\/","title":{"rendered":"Johannes Tonio Kreusch &#8211; Hommage \u00e1 Heitor Villa-Lobos"},"content":{"rendered":"<p><strong>Johannes Tonio Kreusch<\/strong> Guitar<\/p>\n<p>01. <strong>Preludio No.1 Andantino espressivo<\/strong> <em>(Heitor Villa-Lobos)<\/em> 4:38<br \/>\n02. <strong>Preludio No.2 Andantino<\/strong> <em>(Heitor Villa-Lobos)<\/em> 3:19<br \/>\n03. <strong>Preludio No.3 Andante<\/strong> <em>(Heitor Villa-Lobos)<\/em> 7:06<br \/>\n04. <strong>Preludio No.4 Cantabile<\/strong> <em>(Heitor Villa-Lobos)<\/em> 3:01<br \/>\n05. <strong>Preludio No.5 Poco animato<\/strong> <em>(Heitor Villa-Lobos)<\/em> 4:11<br \/>\n06. <strong>Simples (Mazurka)<\/strong> <em>(Heitor Villa-Lobos)<\/em> 2:06<br \/>\n07. <strong>Valsa (fragment)<\/strong> <em>(Heitor Villa-Lobos)<\/em> 1:43<br \/>\n08. <strong>Valsa Concerto No.2 (unfinished)<\/strong> <em>(Heitor Villa-Lobos)<\/em> 4:00<br \/>\n09. <strong>Valse-Ch\u00f4ro<\/strong> <em>(Heitor Villa-Lobos)<\/em> 5:20<br \/>\n10. <strong>Etude No.11 (1928 manuscript version)<\/strong> <em>(Heitor Villa-Lobos)<\/em> 3:51<br \/>\n11. <strong>Et\u00fcde No.1 Prelude (1928 manuscript version)<\/strong> <em>(Heitor Villa-Lobos)<\/em> 1:31<\/p>\n<p>12. <strong>Preludio No.1 Moderato<\/strong> <em>(Tulio Peramo Cabrera)<\/em> 3:33<br \/>\n13. <strong>Preludio No.2 Molto Moderato<\/strong> <em>(Tulio Peramo Cabrera)<\/em> 3:39<br \/>\n14. <strong>Preludio No.3 Lento<\/strong> <em>(Tulio Peramo Cabrera)<\/em> 3:02<br \/>\n15. <strong>Preludio No.4 Sabroso<\/strong> <em>(Tulio Peramo Cabrera)<\/em> 2:48<br \/>\n16. <strong>Preludio No.5 Poco Allegro<\/strong> <em>(Tulio Peramo Cabrera)<\/em> 3:15<br \/>\n17. <strong>Mazurka-Ch\u00f4ro<\/strong> <em>(Heitor Villa-Lobos)<\/em> 4:13<\/p>\n<p><strong>Johannes Tonio Kreusch<\/strong> studierte am Salzburger Mozarteum und an der New Yorker Juilliard School of Music klassische Gitarre. Seit seinem Solo-Debut in der Carnegie Recital Hall im Jahre 1996 f\u00fchrten ihn Konzertreisen als Solist und Kammermusiker in viele St\u00e4dte Europas, der USA, des Fernen Ostens und Lateinamerikas. Durch seine intensive Zusammenarbeit mit Komponisten unserer Zeit entstanden zahlreiche neue Werke f\u00fcr die Gitarre. Er arbeitet immer wieder mit renommierten Musikern aus den Bereichen Klassik und improvisierter Musik zusammen, wie beispielsweise mit Markus Stockhausen, Cornelius Claudio Kreusch oder Gitarrenkollegen wie u.a. Andy York, Badi Assad, Pavel Steidl und Antigoni Goni. Das Carnegie Hall Konzert-Debut mit dem Tenor der Metropolitan Opera Anthony Dean Griffey bezeichnete die New York Times als \u0084Offenbarung\u0093.<\/p>\n<p><strong>Johannes Tonio Kreusch<\/strong> hat zahlreiche erfolgreiche CDs und Rundfunkaufnahmen produziert. Seine Aufnahmen umfassen nicht nur das Standardrepertoire (von der Lautenmusik Johann Sebastian Bachs bis zu den Villa-Lobos Et\u00fcden) sondern auch Weltersteinspielungen von zeitgen\u00f6ssischer Musik und eigene Kompositionen. Die franz\u00f6sische Musikzeitung Classica-R\u00e9pertoire k\u00fcrte seine CD-Einspielung der Villa-Lobos Et\u00fcden mit dem \u008410 de R\u00e9pertoire\u0093-Preis und bezeichnete sie als &#8220;<em>neue Referenzaufnahme seit den legend\u00e4ren Aufnahmen von Narciso Yepes und Julian Bream<\/em>&#8220;.<\/p>\n<p>Neben seiner Konzertt\u00e4tigkeit gibt Johannes Tonio Kreusch Seminare und Meisterkurse im In- und Ausland. Er ist Autor zahlreicher gitarrenp\u00e4dagogischer Ver\u00f6ffentlichungen und k\u00fcnstlerischer Leiter des Internationalen Gitarrenfestivals in Hersbruck und der Ottobrunner Konzerte bei M\u00fcnchen.<\/p>\n<p>&#8220;<em>Johannes Tonio Kreusch spielt nicht nur Gitarre, er lebt sie. Feinsinn, Sensibilit\u00e4t, still abgeschatteter Ton, zarte, mehr getupfte als gezupfte Kl\u00e4nge zeichnen kleine Klanggem\u00e4lde von filigran introvertierter Zerbrechlichkeit&#8230;<\/em>&#8221; (<strong>S\u00fcddeutsche Zeitung<\/strong>)<\/p>\n","protected":false},"excerpt":{"rendered":"<p><a class=\"button smart_link_button\" href=\"https:\/\/glmmusic.de\/HommageWE\" target=\"_blank\" rel=\"noopener\">Choose your store!<\/a><\/p>\n","protected":false},"featured_media":404,"comment_status":"open","ping_status":"closed","template":"","meta":[],"product_brand":[],"product_cat":[607,653],"product_tag":[120,654,650],"class_list":{"0":"post-378","1":"product","2":"type-product","3":"status-publish","4":"has-post-thumbnail","6":"product_cat-edition-collage","7":"product_cat-johannes-tonio-kreusch","8":"product_tag-guitar","9":"product_tag-johannes-tonio-kreusch","10":"product_tag-solo","12":"first","13":"instock","14":"taxable","15":"shipping-taxable","16":"product-type-external"},"_links":{"self":[{"href":"https:\/\/www.glm.de\/en\/wp-json\/wp\/v2\/product\/378"}],"collection":[{"href":"https:\/\/www.glm.de\/en\/wp-json\/wp\/v2\/product"}],"about":[{"href":"https:\/\/www.glm.de\/en\/wp-json\/wp\/v2\/types\/product"}],"replies":[{"embeddable":true,"href":"https:\/\/www.glm.de\/en\/wp-json\/wp\/v2\/comments?post=378"}],"wp:featuredmedia":[{"embeddable":true,"href":"https:\/\/www.glm.de\/en\/wp-json\/wp\/v2\/media\/404"}],"wp:attachment":[{"href":"https:\/\/www.glm.de\/en\/wp-json\/wp\/v2\/media?parent=378"}],"wp:term":[{"taxonomy":"product_brand","embeddable":true,"href":"https:\/\/www.glm.de\/en\/wp-json\/wp\/v2\/product_brand?post=378"},{"taxonomy":"product_cat","embeddable":true,"href":"https:\/\/www.glm.de\/en\/wp-json\/wp\/v2\/product_cat?post=378"},{"taxonomy":"product_tag","embeddable":true,"href":"https:\/\/www.glm.de\/en\/wp-json\/wp\/v2\/product_tag?post=378"}],"curies":[{"name":"wp","href":"https:\/\/api.w.org\/{rel}","templated":true}]}}