{"id":4233,"date":"2017-11-14T19:13:16","date_gmt":"2017-11-14T17:13:16","guid":{"rendered":"http:\/\/www.glm.de\/en\/?post_type=product&#038;p=4233"},"modified":"2021-04-09T10:00:14","modified_gmt":"2021-04-09T08:00:14","slug":"johannes-tonio-kreusch-doris-orsan-tango-canciones","status":"publish","type":"product","link":"https:\/\/www.glm.de\/en\/product\/johannes-tonio-kreusch-doris-orsan-tango-canciones\/","title":{"rendered":"Johannes Tonio Kreusch &#038; Doris Orsan \u2013 Tango &#038; Canciones"},"content":{"rendered":"<p><strong>Johannes Tonio Kreusch<\/strong> guitar<br \/>\n<strong>Doris Orsan<\/strong> violin<\/p>\n<!--[if lt IE 9]><script>document.createElement('audio');<\/script><![endif]-->\n\t<div class=\"wp-playlist wp-audio-playlist wp-playlist-light\">\n\t\t\t<div class=\"wp-playlist-current-item\"><\/div>\n\t\t<audio controls=\"controls\" preload=\"none\" width=\"958\"\n\t\t\t><\/audio>\n\t<div class=\"wp-playlist-next\"><\/div>\n\t<div class=\"wp-playlist-prev\"><\/div>\n\t<noscript>\n\t<ol>\n\t\t<li><a href='https:\/\/www.glm.de\/en\/wp-content\/uploads\/2017\/11\/01_LHistoire_du_Tango_-_Bordell_1900_snip.mp3'>L'Histoire du Tango - Bordell 1900<\/a><\/li><li><a href='https:\/\/www.glm.de\/en\/wp-content\/uploads\/2017\/11\/02_LHistoire_du_Tango_-_Cafe_1930_snip.mp3'>L'Histoire du Tango - Cafe 1930<\/a><\/li><li><a href='https:\/\/www.glm.de\/en\/wp-content\/uploads\/2017\/11\/03_LHistoire_du_Tango_-_Nightclub_1960_snip.mp3'>L'Histoire du Tango - Nightclub 1960<\/a><\/li><li><a href='https:\/\/www.glm.de\/en\/wp-content\/uploads\/2017\/11\/04_LHistoire_du_Tango_-_Concert_daujourdhui_snip.mp3'>L'Histoire du Tango - Concert d'aujourd'hui<\/a><\/li><li><a href='https:\/\/www.glm.de\/en\/wp-content\/uploads\/2017\/11\/05_Tr\u00edptico_porte\u00f1o_-_Estaci\u00f3n_Retiro_snip.mp3'>Tr\u00edptico porte\u00f1o - Estaci\u00f3n Retiro<\/a><\/li><li><a href='https:\/\/www.glm.de\/en\/wp-content\/uploads\/2017\/11\/06_Tr\u00edptico_porte\u00f1o_-_El_Rosedal_snip.mp3'>Tr\u00edptico porte\u00f1o - El Rosedal<\/a><\/li><li><a href='https:\/\/www.glm.de\/en\/wp-content\/uploads\/2017\/11\/07_Tr\u00edptico_porte\u00f1o_-_Plaza_de_Mayo_snip.mp3'>Tr\u00edptico porte\u00f1o - Plaza de Mayo<\/a><\/li><li><a href='https:\/\/www.glm.de\/en\/wp-content\/uploads\/2017\/11\/08_Oblivion_snip.mp3'>Oblivion<\/a><\/li><li><a href='https:\/\/www.glm.de\/en\/wp-content\/uploads\/2017\/11\/09_Agua_e_Vinho_snip.mp3'>Agua e Vinho<\/a><\/li><li><a href='https:\/\/www.glm.de\/en\/wp-content\/uploads\/2017\/11\/10_Suite_populaire_espag\u00f1ole_-_El_pa\u00f1o_moruno_snip.mp3'>Suite populaire espag\u00f1ole - El pa\u00f1o moruno<\/a><\/li><li><a href='https:\/\/www.glm.de\/en\/wp-content\/uploads\/2017\/11\/11_Suite_populaire_espag\u00f1ole_-_Seguidilla_murciana_snip.mp3'>Suite populaire espag\u00f1ole - Seguidilla murciana<\/a><\/li><li><a href='https:\/\/www.glm.de\/en\/wp-content\/uploads\/2017\/11\/12_Suite_populaire_espag\u00f1ole_-_Asturiana_snip.mp3'>Suite populaire espag\u00f1ole - Asturiana<\/a><\/li><li><a href='https:\/\/www.glm.de\/en\/wp-content\/uploads\/2017\/11\/13_Suite_populaire_espag\u00f1ole_-_Jota_snip.mp3'>Suite populaire espag\u00f1ole - Jota<\/a><\/li><li><a href='https:\/\/www.glm.de\/en\/wp-content\/uploads\/2017\/11\/14_Suite_populaire_espag\u00f1ole_-_Nana_snip.mp3'>Suite populaire espag\u00f1ole - Nana<\/a><\/li><li><a href='https:\/\/www.glm.de\/en\/wp-content\/uploads\/2017\/11\/15_Suite_populaire_espag\u00f1ole_-_Cancion_snip.mp3'>Suite populaire espag\u00f1ole - Cancion<\/a><\/li><li><a href='https:\/\/www.glm.de\/en\/wp-content\/uploads\/2017\/11\/16_Suite_populaire_espag\u00f1ole_-_Polo_snip.mp3'>Suite populaire espag\u00f1ole - Polo<\/a><\/li><li><a href='https:\/\/www.glm.de\/en\/wp-content\/uploads\/2017\/11\/17_Danza_Espag\u00f1ola_No._1_from_La_Vida_Breve_snip.mp3'>Danza Espag\u00f1ola No. 1 from La Vida Breve<\/a><\/li><li><a href='https:\/\/www.glm.de\/en\/wp-content\/uploads\/2017\/11\/18_Cuatro_piezas_en_estilo_tradicional_cubano_-_Contradanza_snip.mp3'>Cuatro piezas en estilo tradicional cubano - Contradanza<\/a><\/li><li><a href='https:\/\/www.glm.de\/en\/wp-content\/uploads\/2017\/11\/19_Cuatro_piezas_en_estilo_tradicional_cubano_-_Habanera_snip.mp3'>Cuatro piezas en estilo tradicional cubano - Habanera<\/a><\/li><li><a href='https:\/\/www.glm.de\/en\/wp-content\/uploads\/2017\/11\/20_Cuatro_piezas_en_estilo_tradicional_cubano_-_Son_snip.mp3'>Cuatro piezas en estilo tradicional cubano - Son<\/a><\/li><li><a href='https:\/\/www.glm.de\/en\/wp-content\/uploads\/2017\/11\/21_Cuatro_piezas_en_estilo_tradicional_cubano_-_Danz\u00f3n_breve_snip.mp3'>Cuatro piezas en estilo tradicional cubano - Danz\u00f3n breve<\/a><\/li><li><a href='https:\/\/www.glm.de\/en\/wp-content\/uploads\/2017\/11\/22_Una_Cancion_snip.mp3'>Una Cancion<\/a><\/li>\t<\/ol>\n\t<\/noscript>\n\t<script type=\"application\/json\" class=\"wp-playlist-script\">{\"type\":\"audio\",\"tracklist\":true,\"tracknumbers\":true,\"images\":true,\"artists\":true,\"tracks\":[{\"src\":\"https:\\\/\\\/www.glm.de\\\/en\\\/wp-content\\\/uploads\\\/2017\\\/11\\\/01_LHistoire_du_Tango_-_Bordell_1900_snip.mp3\",\"type\":\"audio\\\/mpeg\",\"title\":\"L'Histoire du Tango - Bordell 1900\",\"caption\":\"\",\"description\":\"\\\"01_L'Histoire_du_Tango_-_Bordell_1900_snip\\\" from Tangos &amp; Canciones by Johannes Tonio Kreusch &amp; Doris Orsan.\",\"meta\":{\"artist\":\"Johannes Tonio Kreusch & Doris Orsan\",\"album\":\"Tangos & Canciones\",\"length_formatted\":\"1:30\"},\"image\":{\"src\":\"https:\\\/\\\/www.glm.de\\\/en\\\/wp-content\\\/uploads\\\/2017\\\/11\\\/01_LHistoire_du_Tango_-_Bordell_1900-mp3-image.jpg\",\"width\":300,\"height\":300},\"thumb\":{\"src\":\"https:\\\/\\\/www.glm.de\\\/en\\\/wp-content\\\/uploads\\\/2017\\\/11\\\/01_LHistoire_du_Tango_-_Bordell_1900-mp3-image-150x150.jpg\",\"width\":150,\"height\":150}},{\"src\":\"https:\\\/\\\/www.glm.de\\\/en\\\/wp-content\\\/uploads\\\/2017\\\/11\\\/02_LHistoire_du_Tango_-_Cafe_1930_snip.mp3\",\"type\":\"audio\\\/mpeg\",\"title\":\"L'Histoire du Tango - Cafe 1930\",\"caption\":\"\",\"description\":\"\\\"02_L'Histoire_du_Tango_-_Cafe_1930_snip\\\" from Tangos &amp; Canciones by Johannes Tonio Kreusch &amp; Doris Orsan.\",\"meta\":{\"artist\":\"Johannes Tonio Kreusch & Doris Orsan\",\"album\":\"Tangos & Canciones\",\"length_formatted\":\"1:30\"},\"image\":{\"src\":\"https:\\\/\\\/www.glm.de\\\/en\\\/wp-content\\\/uploads\\\/2017\\\/11\\\/01_LHistoire_du_Tango_-_Bordell_1900-mp3-image.jpg\",\"width\":300,\"height\":300},\"thumb\":{\"src\":\"https:\\\/\\\/www.glm.de\\\/en\\\/wp-content\\\/uploads\\\/2017\\\/11\\\/01_LHistoire_du_Tango_-_Bordell_1900-mp3-image-150x150.jpg\",\"width\":150,\"height\":150}},{\"src\":\"https:\\\/\\\/www.glm.de\\\/en\\\/wp-content\\\/uploads\\\/2017\\\/11\\\/03_LHistoire_du_Tango_-_Nightclub_1960_snip.mp3\",\"type\":\"audio\\\/mpeg\",\"title\":\"L'Histoire du Tango - Nightclub 1960\",\"caption\":\"\",\"description\":\"\\\"03_L'Histoire_du_Tango_-_Nightclub_1960_snip\\\" from Tangos &amp; Canciones by Johannes Tonio Kreusch &amp; Doris Orsan.\",\"meta\":{\"artist\":\"Johannes Tonio Kreusch & Doris Orsan\",\"album\":\"Tangos & Canciones\",\"length_formatted\":\"1:30\"},\"image\":{\"src\":\"https:\\\/\\\/www.glm.de\\\/en\\\/wp-content\\\/uploads\\\/2017\\\/11\\\/01_LHistoire_du_Tango_-_Bordell_1900-mp3-image.jpg\",\"width\":300,\"height\":300},\"thumb\":{\"src\":\"https:\\\/\\\/www.glm.de\\\/en\\\/wp-content\\\/uploads\\\/2017\\\/11\\\/01_LHistoire_du_Tango_-_Bordell_1900-mp3-image-150x150.jpg\",\"width\":150,\"height\":150}},{\"src\":\"https:\\\/\\\/www.glm.de\\\/en\\\/wp-content\\\/uploads\\\/2017\\\/11\\\/04_LHistoire_du_Tango_-_Concert_daujourdhui_snip.mp3\",\"type\":\"audio\\\/mpeg\",\"title\":\"L'Histoire du Tango - Concert d'aujourd'hui\",\"caption\":\"\",\"description\":\"\\\"04_L'Histoire_du_Tango_-_Concert_d'aujourd'hui_snip\\\" from Tangos &amp; Canciones by Johannes Tonio Kreusch &amp; Doris Orsan.\",\"meta\":{\"artist\":\"Johannes Tonio Kreusch & Doris Orsan\",\"album\":\"Tangos & Canciones\",\"length_formatted\":\"1:30\"},\"image\":{\"src\":\"https:\\\/\\\/www.glm.de\\\/en\\\/wp-content\\\/uploads\\\/2017\\\/11\\\/01_LHistoire_du_Tango_-_Bordell_1900-mp3-image.jpg\",\"width\":300,\"height\":300},\"thumb\":{\"src\":\"https:\\\/\\\/www.glm.de\\\/en\\\/wp-content\\\/uploads\\\/2017\\\/11\\\/01_LHistoire_du_Tango_-_Bordell_1900-mp3-image-150x150.jpg\",\"width\":150,\"height\":150}},{\"src\":\"https:\\\/\\\/www.glm.de\\\/en\\\/wp-content\\\/uploads\\\/2017\\\/11\\\/05_Tr\\u00edptico_porte\\u00f1o_-_Estaci\\u00f3n_Retiro_snip.mp3\",\"type\":\"audio\\\/mpeg\",\"title\":\"Tr\\u00edptico porte\\u00f1o - Estaci\\u00f3n Retiro\",\"caption\":\"\",\"description\":\"\\\"05_Tr\\u00edptico_porte\\u00f1o_-_Estaci\\u00f3n_Retiro_snip\\\" from Tangos &amp; Canciones by Johannes Tonio Kreusch &amp; Doris Orsan.\",\"meta\":{\"artist\":\"Johannes Tonio Kreusch & Doris Orsan\",\"album\":\"Tangos & Canciones\",\"length_formatted\":\"1:30\"},\"image\":{\"src\":\"https:\\\/\\\/www.glm.de\\\/en\\\/wp-content\\\/uploads\\\/2017\\\/11\\\/01_LHistoire_du_Tango_-_Bordell_1900-mp3-image.jpg\",\"width\":300,\"height\":300},\"thumb\":{\"src\":\"https:\\\/\\\/www.glm.de\\\/en\\\/wp-content\\\/uploads\\\/2017\\\/11\\\/01_LHistoire_du_Tango_-_Bordell_1900-mp3-image-150x150.jpg\",\"width\":150,\"height\":150}},{\"src\":\"https:\\\/\\\/www.glm.de\\\/en\\\/wp-content\\\/uploads\\\/2017\\\/11\\\/06_Tr\\u00edptico_porte\\u00f1o_-_El_Rosedal_snip.mp3\",\"type\":\"audio\\\/mpeg\",\"title\":\"Tr\\u00edptico porte\\u00f1o - El Rosedal\",\"caption\":\"\",\"description\":\"\\\"06_Tr\\u00edptico_porte\\u00f1o_-_El_Rosedal_snip\\\" from Tangos &amp; Canciones by Johannes Tonio Kreusch &amp; Doris Orsan.\",\"meta\":{\"artist\":\"Johannes Tonio Kreusch & Doris Orsan\",\"album\":\"Tangos & Canciones\",\"length_formatted\":\"1:30\"},\"image\":{\"src\":\"https:\\\/\\\/www.glm.de\\\/en\\\/wp-content\\\/uploads\\\/2017\\\/11\\\/01_LHistoire_du_Tango_-_Bordell_1900-mp3-image.jpg\",\"width\":300,\"height\":300},\"thumb\":{\"src\":\"https:\\\/\\\/www.glm.de\\\/en\\\/wp-content\\\/uploads\\\/2017\\\/11\\\/01_LHistoire_du_Tango_-_Bordell_1900-mp3-image-150x150.jpg\",\"width\":150,\"height\":150}},{\"src\":\"https:\\\/\\\/www.glm.de\\\/en\\\/wp-content\\\/uploads\\\/2017\\\/11\\\/07_Tr\\u00edptico_porte\\u00f1o_-_Plaza_de_Mayo_snip.mp3\",\"type\":\"audio\\\/mpeg\",\"title\":\"Tr\\u00edptico porte\\u00f1o - Plaza de Mayo\",\"caption\":\"\",\"description\":\"\\\"07_Tr\\u00edptico_porte\\u00f1o_-_Plaza_de_Mayo_snip\\\" from Tangos &amp; Canciones by Johannes Tonio Kreusch &amp; Doris Orsan.\",\"meta\":{\"artist\":\"Johannes Tonio Kreusch & Doris Orsan\",\"album\":\"Tangos & Canciones\",\"length_formatted\":\"1:30\"},\"image\":{\"src\":\"https:\\\/\\\/www.glm.de\\\/en\\\/wp-content\\\/uploads\\\/2017\\\/11\\\/01_LHistoire_du_Tango_-_Bordell_1900-mp3-image.jpg\",\"width\":300,\"height\":300},\"thumb\":{\"src\":\"https:\\\/\\\/www.glm.de\\\/en\\\/wp-content\\\/uploads\\\/2017\\\/11\\\/01_LHistoire_du_Tango_-_Bordell_1900-mp3-image-150x150.jpg\",\"width\":150,\"height\":150}},{\"src\":\"https:\\\/\\\/www.glm.de\\\/en\\\/wp-content\\\/uploads\\\/2017\\\/11\\\/08_Oblivion_snip.mp3\",\"type\":\"audio\\\/mpeg\",\"title\":\"Oblivion\",\"caption\":\"\",\"description\":\"\\\"08_Oblivion_snip\\\" from Tangos &amp; Canciones by Johannes Tonio Kreusch &amp; Doris Orsan.\",\"meta\":{\"artist\":\"Johannes Tonio Kreusch & Doris Orsan\",\"album\":\"Tangos & Canciones\",\"length_formatted\":\"1:30\"},\"image\":{\"src\":\"https:\\\/\\\/www.glm.de\\\/en\\\/wp-content\\\/uploads\\\/2017\\\/11\\\/01_LHistoire_du_Tango_-_Bordell_1900-mp3-image.jpg\",\"width\":300,\"height\":300},\"thumb\":{\"src\":\"https:\\\/\\\/www.glm.de\\\/en\\\/wp-content\\\/uploads\\\/2017\\\/11\\\/01_LHistoire_du_Tango_-_Bordell_1900-mp3-image-150x150.jpg\",\"width\":150,\"height\":150}},{\"src\":\"https:\\\/\\\/www.glm.de\\\/en\\\/wp-content\\\/uploads\\\/2017\\\/11\\\/09_Agua_e_Vinho_snip.mp3\",\"type\":\"audio\\\/mpeg\",\"title\":\"Agua e Vinho\",\"caption\":\"\",\"description\":\"\\\"09_Agua_e_Vinho_snip\\\" from Tangos &amp; Canciones by Johannes Tonio Kreusch &amp; Doris Orsan.\",\"meta\":{\"artist\":\"Johannes Tonio Kreusch & Doris Orsan\",\"album\":\"Tangos & Canciones\",\"length_formatted\":\"1:30\"},\"image\":{\"src\":\"https:\\\/\\\/www.glm.de\\\/en\\\/wp-content\\\/uploads\\\/2017\\\/11\\\/01_LHistoire_du_Tango_-_Bordell_1900-mp3-image.jpg\",\"width\":300,\"height\":300},\"thumb\":{\"src\":\"https:\\\/\\\/www.glm.de\\\/en\\\/wp-content\\\/uploads\\\/2017\\\/11\\\/01_LHistoire_du_Tango_-_Bordell_1900-mp3-image-150x150.jpg\",\"width\":150,\"height\":150}},{\"src\":\"https:\\\/\\\/www.glm.de\\\/en\\\/wp-content\\\/uploads\\\/2017\\\/11\\\/10_Suite_populaire_espag\\u00f1ole_-_El_pa\\u00f1o_moruno_snip.mp3\",\"type\":\"audio\\\/mpeg\",\"title\":\"Suite populaire espag\\u00f1ole - El pa\\u00f1o moruno\",\"caption\":\"\",\"description\":\"\\\"10_Suite_populaire_espag\\u00f1ole_-_El_pa\\u00f1o_moruno_snip\\\" from Tangos &amp; Canciones by Johannes Tonio Kreusch &amp; Doris Orsan.\",\"meta\":{\"artist\":\"Johannes Tonio Kreusch & Doris Orsan\",\"album\":\"Tangos & Canciones\",\"length_formatted\":\"1:30\"},\"image\":{\"src\":\"https:\\\/\\\/www.glm.de\\\/en\\\/wp-content\\\/uploads\\\/2017\\\/11\\\/01_LHistoire_du_Tango_-_Bordell_1900-mp3-image.jpg\",\"width\":300,\"height\":300},\"thumb\":{\"src\":\"https:\\\/\\\/www.glm.de\\\/en\\\/wp-content\\\/uploads\\\/2017\\\/11\\\/01_LHistoire_du_Tango_-_Bordell_1900-mp3-image-150x150.jpg\",\"width\":150,\"height\":150}},{\"src\":\"https:\\\/\\\/www.glm.de\\\/en\\\/wp-content\\\/uploads\\\/2017\\\/11\\\/11_Suite_populaire_espag\\u00f1ole_-_Seguidilla_murciana_snip.mp3\",\"type\":\"audio\\\/mpeg\",\"title\":\"Suite populaire espag\\u00f1ole - Seguidilla murciana\",\"caption\":\"\",\"description\":\"\\\"11_Suite_populaire_espag\\u00f1ole_-_Seguidilla_murciana_snip\\\" from Tangos &amp; Canciones by Johannes Tonio Kreusch &amp; Doris Orsan.\",\"meta\":{\"artist\":\"Johannes Tonio Kreusch & Doris Orsan\",\"album\":\"Tangos & Canciones\",\"length_formatted\":\"1:14\"},\"image\":{\"src\":\"https:\\\/\\\/www.glm.de\\\/en\\\/wp-content\\\/uploads\\\/2017\\\/11\\\/01_LHistoire_du_Tango_-_Bordell_1900-mp3-image.jpg\",\"width\":300,\"height\":300},\"thumb\":{\"src\":\"https:\\\/\\\/www.glm.de\\\/en\\\/wp-content\\\/uploads\\\/2017\\\/11\\\/01_LHistoire_du_Tango_-_Bordell_1900-mp3-image-150x150.jpg\",\"width\":150,\"height\":150}},{\"src\":\"https:\\\/\\\/www.glm.de\\\/en\\\/wp-content\\\/uploads\\\/2017\\\/11\\\/12_Suite_populaire_espag\\u00f1ole_-_Asturiana_snip.mp3\",\"type\":\"audio\\\/mpeg\",\"title\":\"Suite populaire espag\\u00f1ole - Asturiana\",\"caption\":\"\",\"description\":\"\\\"12_Suite_populaire_espag\\u00f1ole_-_Asturiana_snip\\\" from Tangos &amp; Canciones by Johannes Tonio Kreusch &amp; Doris Orsan.\",\"meta\":{\"artist\":\"Johannes Tonio Kreusch & Doris Orsan\",\"album\":\"Tangos & Canciones\",\"length_formatted\":\"1:30\"},\"image\":{\"src\":\"https:\\\/\\\/www.glm.de\\\/en\\\/wp-content\\\/uploads\\\/2017\\\/11\\\/01_LHistoire_du_Tango_-_Bordell_1900-mp3-image.jpg\",\"width\":300,\"height\":300},\"thumb\":{\"src\":\"https:\\\/\\\/www.glm.de\\\/en\\\/wp-content\\\/uploads\\\/2017\\\/11\\\/01_LHistoire_du_Tango_-_Bordell_1900-mp3-image-150x150.jpg\",\"width\":150,\"height\":150}},{\"src\":\"https:\\\/\\\/www.glm.de\\\/en\\\/wp-content\\\/uploads\\\/2017\\\/11\\\/13_Suite_populaire_espag\\u00f1ole_-_Jota_snip.mp3\",\"type\":\"audio\\\/mpeg\",\"title\":\"Suite populaire espag\\u00f1ole - Jota\",\"caption\":\"\",\"description\":\"\\\"13_Suite_populaire_espag\\u00f1ole_-_Jota_snip\\\" from Tangos &amp; Canciones by Johannes Tonio Kreusch &amp; Doris Orsan.\",\"meta\":{\"artist\":\"Johannes Tonio Kreusch & Doris Orsan\",\"album\":\"Tangos & Canciones\",\"length_formatted\":\"1:30\"},\"image\":{\"src\":\"https:\\\/\\\/www.glm.de\\\/en\\\/wp-content\\\/uploads\\\/2017\\\/11\\\/01_LHistoire_du_Tango_-_Bordell_1900-mp3-image.jpg\",\"width\":300,\"height\":300},\"thumb\":{\"src\":\"https:\\\/\\\/www.glm.de\\\/en\\\/wp-content\\\/uploads\\\/2017\\\/11\\\/01_LHistoire_du_Tango_-_Bordell_1900-mp3-image-150x150.jpg\",\"width\":150,\"height\":150}},{\"src\":\"https:\\\/\\\/www.glm.de\\\/en\\\/wp-content\\\/uploads\\\/2017\\\/11\\\/14_Suite_populaire_espag\\u00f1ole_-_Nana_snip.mp3\",\"type\":\"audio\\\/mpeg\",\"title\":\"Suite populaire espag\\u00f1ole - Nana\",\"caption\":\"\",\"description\":\"\\\"14_Suite_populaire_espag\\u00f1ole_-_Nana_snip\\\" from Tangos &amp; Canciones by Johannes Tonio Kreusch &amp; Doris Orsan.\",\"meta\":{\"artist\":\"Johannes Tonio Kreusch & Doris Orsan\",\"album\":\"Tangos & Canciones\",\"length_formatted\":\"1:30\"},\"image\":{\"src\":\"https:\\\/\\\/www.glm.de\\\/en\\\/wp-content\\\/uploads\\\/2017\\\/11\\\/01_LHistoire_du_Tango_-_Bordell_1900-mp3-image.jpg\",\"width\":300,\"height\":300},\"thumb\":{\"src\":\"https:\\\/\\\/www.glm.de\\\/en\\\/wp-content\\\/uploads\\\/2017\\\/11\\\/01_LHistoire_du_Tango_-_Bordell_1900-mp3-image-150x150.jpg\",\"width\":150,\"height\":150}},{\"src\":\"https:\\\/\\\/www.glm.de\\\/en\\\/wp-content\\\/uploads\\\/2017\\\/11\\\/15_Suite_populaire_espag\\u00f1ole_-_Cancion_snip.mp3\",\"type\":\"audio\\\/mpeg\",\"title\":\"Suite populaire espag\\u00f1ole - Cancion\",\"caption\":\"\",\"description\":\"\\\"15_Suite_populaire_espag\\u00f1ole_-_Cancion_snip\\\" from Tangos &amp; Canciones by Johannes Tonio Kreusch &amp; Doris Orsan.\",\"meta\":{\"artist\":\"Johannes Tonio Kreusch & Doris Orsan\",\"album\":\"Tangos & Canciones\",\"length_formatted\":\"1:27\"},\"image\":{\"src\":\"https:\\\/\\\/www.glm.de\\\/en\\\/wp-content\\\/uploads\\\/2017\\\/11\\\/01_LHistoire_du_Tango_-_Bordell_1900-mp3-image.jpg\",\"width\":300,\"height\":300},\"thumb\":{\"src\":\"https:\\\/\\\/www.glm.de\\\/en\\\/wp-content\\\/uploads\\\/2017\\\/11\\\/01_LHistoire_du_Tango_-_Bordell_1900-mp3-image-150x150.jpg\",\"width\":150,\"height\":150}},{\"src\":\"https:\\\/\\\/www.glm.de\\\/en\\\/wp-content\\\/uploads\\\/2017\\\/11\\\/16_Suite_populaire_espag\\u00f1ole_-_Polo_snip.mp3\",\"type\":\"audio\\\/mpeg\",\"title\":\"Suite populaire espag\\u00f1ole - Polo\",\"caption\":\"\",\"description\":\"\\\"16_Suite_populaire_espag\\u00f1ole_-_Polo_snip\\\" from Tangos &amp; Canciones by Johannes Tonio Kreusch &amp; Doris Orsan.\",\"meta\":{\"artist\":\"Johannes Tonio Kreusch & Doris Orsan\",\"album\":\"Tangos & Canciones\",\"length_formatted\":\"1:27\"},\"image\":{\"src\":\"https:\\\/\\\/www.glm.de\\\/en\\\/wp-content\\\/uploads\\\/2017\\\/11\\\/01_LHistoire_du_Tango_-_Bordell_1900-mp3-image.jpg\",\"width\":300,\"height\":300},\"thumb\":{\"src\":\"https:\\\/\\\/www.glm.de\\\/en\\\/wp-content\\\/uploads\\\/2017\\\/11\\\/01_LHistoire_du_Tango_-_Bordell_1900-mp3-image-150x150.jpg\",\"width\":150,\"height\":150}},{\"src\":\"https:\\\/\\\/www.glm.de\\\/en\\\/wp-content\\\/uploads\\\/2017\\\/11\\\/17_Danza_Espag\\u00f1ola_No._1_from_La_Vida_Breve_snip.mp3\",\"type\":\"audio\\\/mpeg\",\"title\":\"Danza Espag\\u00f1ola No. 1 from La Vida Breve\",\"caption\":\"\",\"description\":\"\\\"17_Danza_Espag\\u00f1ola_No._1_from_La_Vida_Breve_snip\\\" from Tangos &amp; Canciones by Johannes Tonio Kreusch &amp; Doris Orsan.\",\"meta\":{\"artist\":\"Johannes Tonio Kreusch & Doris Orsan\",\"album\":\"Tangos & Canciones\",\"length_formatted\":\"1:30\"},\"image\":{\"src\":\"https:\\\/\\\/www.glm.de\\\/en\\\/wp-content\\\/uploads\\\/2017\\\/11\\\/01_LHistoire_du_Tango_-_Bordell_1900-mp3-image.jpg\",\"width\":300,\"height\":300},\"thumb\":{\"src\":\"https:\\\/\\\/www.glm.de\\\/en\\\/wp-content\\\/uploads\\\/2017\\\/11\\\/01_LHistoire_du_Tango_-_Bordell_1900-mp3-image-150x150.jpg\",\"width\":150,\"height\":150}},{\"src\":\"https:\\\/\\\/www.glm.de\\\/en\\\/wp-content\\\/uploads\\\/2017\\\/11\\\/18_Cuatro_piezas_en_estilo_tradicional_cubano_-_Contradanza_snip.mp3\",\"type\":\"audio\\\/mpeg\",\"title\":\"Cuatro piezas en estilo tradicional cubano - Contradanza\",\"caption\":\"\",\"description\":\"\\\"18_Cuatro_piezas_en_estilo_tradicional_cubano_-_Contradanza_snip\\\" from Tangos &amp; Canciones by Johannes Tonio Kreusch &amp; Doris Orsan.\",\"meta\":{\"artist\":\"Johannes Tonio Kreusch & Doris Orsan\",\"album\":\"Tangos & Canciones\",\"length_formatted\":\"1:28\"},\"image\":{\"src\":\"https:\\\/\\\/www.glm.de\\\/en\\\/wp-content\\\/uploads\\\/2017\\\/11\\\/01_LHistoire_du_Tango_-_Bordell_1900-mp3-image.jpg\",\"width\":300,\"height\":300},\"thumb\":{\"src\":\"https:\\\/\\\/www.glm.de\\\/en\\\/wp-content\\\/uploads\\\/2017\\\/11\\\/01_LHistoire_du_Tango_-_Bordell_1900-mp3-image-150x150.jpg\",\"width\":150,\"height\":150}},{\"src\":\"https:\\\/\\\/www.glm.de\\\/en\\\/wp-content\\\/uploads\\\/2017\\\/11\\\/19_Cuatro_piezas_en_estilo_tradicional_cubano_-_Habanera_snip.mp3\",\"type\":\"audio\\\/mpeg\",\"title\":\"Cuatro piezas en estilo tradicional cubano - Habanera\",\"caption\":\"\",\"description\":\"\\\"19_Cuatro_piezas_en_estilo_tradicional_cubano_-_Habanera_snip\\\" from Tangos &amp; Canciones by Johannes Tonio Kreusch &amp; Doris Orsan.\",\"meta\":{\"artist\":\"Johannes Tonio Kreusch & Doris Orsan\",\"album\":\"Tangos & Canciones\",\"length_formatted\":\"1:30\"},\"image\":{\"src\":\"https:\\\/\\\/www.glm.de\\\/en\\\/wp-content\\\/uploads\\\/2017\\\/11\\\/01_LHistoire_du_Tango_-_Bordell_1900-mp3-image.jpg\",\"width\":300,\"height\":300},\"thumb\":{\"src\":\"https:\\\/\\\/www.glm.de\\\/en\\\/wp-content\\\/uploads\\\/2017\\\/11\\\/01_LHistoire_du_Tango_-_Bordell_1900-mp3-image-150x150.jpg\",\"width\":150,\"height\":150}},{\"src\":\"https:\\\/\\\/www.glm.de\\\/en\\\/wp-content\\\/uploads\\\/2017\\\/11\\\/20_Cuatro_piezas_en_estilo_tradicional_cubano_-_Son_snip.mp3\",\"type\":\"audio\\\/mpeg\",\"title\":\"Cuatro piezas en estilo tradicional cubano - Son\",\"caption\":\"\",\"description\":\"\\\"20_Cuatro_piezas_en_estilo_tradicional_cubano_-_Son_snip\\\" from Tangos &amp; Canciones by Johannes Tonio Kreusch &amp; Doris Orsan.\",\"meta\":{\"artist\":\"Johannes Tonio Kreusch & Doris Orsan\",\"album\":\"Tangos & Canciones\",\"length_formatted\":\"1:30\"},\"image\":{\"src\":\"https:\\\/\\\/www.glm.de\\\/en\\\/wp-content\\\/uploads\\\/2017\\\/11\\\/01_LHistoire_du_Tango_-_Bordell_1900-mp3-image.jpg\",\"width\":300,\"height\":300},\"thumb\":{\"src\":\"https:\\\/\\\/www.glm.de\\\/en\\\/wp-content\\\/uploads\\\/2017\\\/11\\\/01_LHistoire_du_Tango_-_Bordell_1900-mp3-image-150x150.jpg\",\"width\":150,\"height\":150}},{\"src\":\"https:\\\/\\\/www.glm.de\\\/en\\\/wp-content\\\/uploads\\\/2017\\\/11\\\/21_Cuatro_piezas_en_estilo_tradicional_cubano_-_Danz\\u00f3n_breve_snip.mp3\",\"type\":\"audio\\\/mpeg\",\"title\":\"Cuatro piezas en estilo tradicional cubano - Danz\\u00f3n breve\",\"caption\":\"\",\"description\":\"\\\"21_Cuatro_piezas_en_estilo_tradicional_cubano_-_Danz\\u00f3n_breve_snip\\\" from Tangos &amp; Canciones by Johannes Tonio Kreusch &amp; Doris Orsan.\",\"meta\":{\"artist\":\"Johannes Tonio Kreusch & Doris Orsan\",\"album\":\"Tangos & Canciones\",\"length_formatted\":\"1:30\"},\"image\":{\"src\":\"https:\\\/\\\/www.glm.de\\\/en\\\/wp-content\\\/uploads\\\/2017\\\/11\\\/01_LHistoire_du_Tango_-_Bordell_1900-mp3-image.jpg\",\"width\":300,\"height\":300},\"thumb\":{\"src\":\"https:\\\/\\\/www.glm.de\\\/en\\\/wp-content\\\/uploads\\\/2017\\\/11\\\/01_LHistoire_du_Tango_-_Bordell_1900-mp3-image-150x150.jpg\",\"width\":150,\"height\":150}},{\"src\":\"https:\\\/\\\/www.glm.de\\\/en\\\/wp-content\\\/uploads\\\/2017\\\/11\\\/22_Una_Cancion_snip.mp3\",\"type\":\"audio\\\/mpeg\",\"title\":\"Una Cancion\",\"caption\":\"\",\"description\":\"\\\"22_Una_Cancion_snip\\\" from Tangos &amp; Canciones by Johannes Tonio Kreusch &amp; Doris Orsan.\",\"meta\":{\"artist\":\"Johannes Tonio Kreusch & Doris Orsan\",\"album\":\"Tangos & Canciones\",\"length_formatted\":\"1:30\"},\"image\":{\"src\":\"https:\\\/\\\/www.glm.de\\\/en\\\/wp-content\\\/uploads\\\/2017\\\/11\\\/01_LHistoire_du_Tango_-_Bordell_1900-mp3-image.jpg\",\"width\":300,\"height\":300},\"thumb\":{\"src\":\"https:\\\/\\\/www.glm.de\\\/en\\\/wp-content\\\/uploads\\\/2017\\\/11\\\/01_LHistoire_du_Tango_-_Bordell_1900-mp3-image-150x150.jpg\",\"width\":150,\"height\":150}}]}<\/script>\n<\/div>\n\t\n<p><strong>Johannes Tonio Kreusch<\/strong>, &#8220;one of the most creative guitarists of our times&#8221; (Akustik Gitarre Magazin), once again presents an album with unusual unique repertoire with his fourth recording for GLM. With &#8220;Tangos &amp; Canciones&#8221;, he and his longtime duo partner, the violinist <strong>Doris Orsan<\/strong>, are mainly dedicated to music from Argentina, Spain and Cuba. The focus is on two world premiere recordings of cycles composed for the duo. The well-known tango composer Ma\u0301ximo Diego Pujol has musically staged well-known locations in Buenos Aires with his three- movement work &#8220;Tripticon porten\u0303o&#8221; dedicated to the two musicians. This cycle is a modern response to the Tango Suite &#8220;L&#8217;Histoire du Tango &#8211; The History of Tango&#8221;, with which the tango-revolutionary Astor Piazzolla retraces the developmental history of tango. This legendary work, as well as its famous &#8220;Oblivion&#8221; are reaching a new level of intensity with the instrumentation with violin and guitar.<\/p>\n<p>Another world premiere recording is the &#8220;Cuatro Piezas en Estilo Tradicional Cubano&#8221;, written by the Cuban composer Tulio Peramo Cabrera for Doris Orsan and Johannes Tonio Kreusch. Tango &amp; Canciones&#8221; is completed with &#8220;Una Cancio\u0301n&#8221; by Ani\u0301bal Troilo, a companion and teacher of Astor Piazzolla and Egberto Gismonti&#8217;s stirring &#8220;Agua e Vinho&#8221;. Both works have been rearranged by Tulio Peramo Cabrera for Doris Orsan and Johannes Tonio Kreusch.<\/p>\n","protected":false},"excerpt":{"rendered":"<p><a class=\"button smart_link_button\" href=\"https:\/\/glm.lnk.to\/TangoCancionesWE\" target=\"_blank\" rel=\"noopener\">Choose your store!<\/a><\/p>\n","protected":false},"featured_media":4189,"comment_status":"open","ping_status":"closed","template":"","meta":[],"product_brand":[],"product_cat":[983,604,653],"product_tag":[783,782,780,779,784,781],"class_list":{"0":"post-4233","1":"product","2":"type-product","3":"status-publish","4":"has-post-thumbnail","6":"product_cat-doris-orsan","7":"product_cat-fine-music","8":"product_cat-johannes-tonio-kreusch","9":"product_tag-doris","10":"product_tag-inspiracion","11":"product_tag-johannes","12":"product_tag-kreusch","13":"product_tag-orsan","14":"product_tag-tonio","15":"pa_art-cd","16":"pa_art-mp3-download","18":"first","19":"instock","20":"taxable","21":"shipping-taxable","22":"product-type-external"},"_links":{"self":[{"href":"https:\/\/www.glm.de\/en\/wp-json\/wp\/v2\/product\/4233"}],"collection":[{"href":"https:\/\/www.glm.de\/en\/wp-json\/wp\/v2\/product"}],"about":[{"href":"https:\/\/www.glm.de\/en\/wp-json\/wp\/v2\/types\/product"}],"replies":[{"embeddable":true,"href":"https:\/\/www.glm.de\/en\/wp-json\/wp\/v2\/comments?post=4233"}],"wp:featuredmedia":[{"embeddable":true,"href":"https:\/\/www.glm.de\/en\/wp-json\/wp\/v2\/media\/4189"}],"wp:attachment":[{"href":"https:\/\/www.glm.de\/en\/wp-json\/wp\/v2\/media?parent=4233"}],"wp:term":[{"taxonomy":"product_brand","embeddable":true,"href":"https:\/\/www.glm.de\/en\/wp-json\/wp\/v2\/product_brand?post=4233"},{"taxonomy":"product_cat","embeddable":true,"href":"https:\/\/www.glm.de\/en\/wp-json\/wp\/v2\/product_cat?post=4233"},{"taxonomy":"product_tag","embeddable":true,"href":"https:\/\/www.glm.de\/en\/wp-json\/wp\/v2\/product_tag?post=4233"}],"curies":[{"name":"wp","href":"https:\/\/api.w.org\/{rel}","templated":true}]}}