{"id":4579,"date":"2018-10-24T12:17:02","date_gmt":"2018-10-24T10:17:02","guid":{"rendered":"https:\/\/www.glm.de\/en\/?post_type=product&#038;p=4579"},"modified":"2024-09-10T17:52:49","modified_gmt":"2024-09-10T15:52:49","slug":"marie-jean-claude-seferian-un-homme-et-une-femme","status":"publish","type":"product","link":"https:\/\/www.glm.de\/en\/product\/marie-jean-claude-seferian-un-homme-et-une-femme\/","title":{"rendered":"Marie &#038; Jean-Claude S\u00e9f\u00e9rian &#8211; Un homme et une femme"},"content":{"rendered":"<p><strong>Marie S\u00e9f\u00e9rian<\/strong> vocals<br \/>\n<strong>Jean-Claude S\u00e9f\u00e9rian<\/strong> vocals<br \/>\n<strong>Christiane Rieger-S\u00e9f\u00e9rian<\/strong> piano<br \/>\n<strong>Niko Meinhold<\/strong> piano<br \/>\n<strong>Tim Kleinsorge<\/strong> bass<br \/>\n<strong>Javier Reyes<\/strong> drums<br \/>\n<strong>Maria Reich<\/strong> violin<br \/>\n<strong>Tercia Oliveira<\/strong> violin<br \/>\n<strong>Mari H\u00e4ring<\/strong> viola<br \/>\n<strong>Margarethe Niebuhr<\/strong> cello<br \/>\n<strong>Miroslaw Tybora<\/strong> accordeon<\/p>\n<!--[if lt IE 9]><script>document.createElement('audio');<\/script><![endif]-->\n\t<div class=\"wp-playlist wp-audio-playlist wp-playlist-light\">\n\t\t\t<div class=\"wp-playlist-current-item\"><\/div>\n\t\t<audio controls=\"controls\" preload=\"none\" width=\"958\"\n\t\t\t><\/audio>\n\t<div class=\"wp-playlist-next\"><\/div>\n\t<div class=\"wp-playlist-prev\"><\/div>\n\t<noscript>\n\t<ol>\n\t\t<li><a href='https:\/\/www.glm.de\/en\/wp-content\/uploads\/2018\/10\/01_La_chanson_dOrphee_snip.mp3'>La chanson d'Orphee<\/a><\/li><li><a href='https:\/\/www.glm.de\/en\/wp-content\/uploads\/2018\/10\/02_Sous_le_ciel_de_Paris_snip.mp3'>Sous le ciel de Paris<\/a><\/li><li><a href='https:\/\/www.glm.de\/en\/wp-content\/uploads\/2018\/10\/03_Les_parapluies_de_Cherbourg_snip.mp3'>Les parapluies de Cherbourg<\/a><\/li><li><a href='https:\/\/www.glm.de\/en\/wp-content\/uploads\/2018\/10\/04_Toi_jamais_snip.mp3'>Toi jamais<\/a><\/li><li><a href='https:\/\/www.glm.de\/en\/wp-content\/uploads\/2018\/10\/05_Mourir_daimer_snip.mp3'>Mourir daimer<\/a><\/li><li><a href='https:\/\/www.glm.de\/en\/wp-content\/uploads\/2018\/10\/06_Un_homme_et_une_femme_snip.mp3'>Un homme et une femme<\/a><\/li><li><a href='https:\/\/www.glm.de\/en\/wp-content\/uploads\/2018\/10\/07_Chanson_dHelene_snip.mp3'>Chanson d'Helene<\/a><\/li><li><a href='https:\/\/www.glm.de\/en\/wp-content\/uploads\/2018\/10\/08_Love_Story_snip.mp3'>Love Story<\/a><\/li><li><a href='https:\/\/www.glm.de\/en\/wp-content\/uploads\/2018\/10\/09_Aimez-vous_Brahms_snip.mp3'>Aimez-vous Brahms<\/a><\/li><li><a href='https:\/\/www.glm.de\/en\/wp-content\/uploads\/2018\/10\/10_Samba_Saravah_snip.mp3'>Samba Saravah<\/a><\/li><li><a href='https:\/\/www.glm.de\/en\/wp-content\/uploads\/2018\/10\/11_Des_ronds_dans_leau_snip.mp3'>Des ronds dans l'eau<\/a><\/li><li><a href='https:\/\/www.glm.de\/en\/wp-content\/uploads\/2018\/10\/12_Le_tourbillon_snip.mp3'>Le tourbillon<\/a><\/li><li><a href='https:\/\/www.glm.de\/en\/wp-content\/uploads\/2018\/10\/13_The_Summer_Knows_snip.mp3'>The Summer Knows<\/a><\/li><li><a href='https:\/\/www.glm.de\/en\/wp-content\/uploads\/2018\/10\/14_A_bicyclette_snip.mp3'>A bicyclette<\/a><\/li><li><a href='https:\/\/www.glm.de\/en\/wp-content\/uploads\/2018\/10\/15_Plus_fort_que_nous_snip.mp3'>Plus fort que nous<\/a><\/li>\t<\/ol>\n\t<\/noscript>\n\t<script type=\"application\/json\" class=\"wp-playlist-script\">{\"type\":\"audio\",\"tracklist\":true,\"tracknumbers\":true,\"images\":true,\"artists\":true,\"tracks\":[{\"src\":\"https:\\\/\\\/www.glm.de\\\/en\\\/wp-content\\\/uploads\\\/2018\\\/10\\\/01_La_chanson_dOrphee_snip.mp3\",\"type\":\"audio\\\/mpeg\",\"title\":\"La chanson d'Orphee\",\"caption\":\"\",\"description\":\"\\\"01_La_chanson_dOrphee_snip\\\" from Un homme et une femme by Marie &amp; Jean-Claude S\\u00e9f\\u00e9rian.\",\"meta\":{\"artist\":\"Marie & Jean-Claude S\\u00e9f\\u00e9rian\",\"album\":\"Un homme et une femme\",\"length_formatted\":\"1:30\"},\"image\":{\"src\":\"https:\\\/\\\/www.glm.de\\\/en\\\/wp-content\\\/uploads\\\/2018\\\/10\\\/01_La_chanson_dOrphee_snip-mp3-image.jpg\",\"width\":1500,\"height\":1500},\"thumb\":{\"src\":\"https:\\\/\\\/www.glm.de\\\/en\\\/wp-content\\\/uploads\\\/2018\\\/10\\\/01_La_chanson_dOrphee_snip-mp3-image-150x150.jpg\",\"width\":150,\"height\":150}},{\"src\":\"https:\\\/\\\/www.glm.de\\\/en\\\/wp-content\\\/uploads\\\/2018\\\/10\\\/02_Sous_le_ciel_de_Paris_snip.mp3\",\"type\":\"audio\\\/mpeg\",\"title\":\"Sous le ciel de Paris\",\"caption\":\"\",\"description\":\"\\\"02_Sous_le_ciel_de_Paris_snip\\\" from Un homme et une femme by Marie &amp; Jean-Claude S\\u00e9f\\u00e9rian.\",\"meta\":{\"artist\":\"Marie & Jean-Claude S\\u00e9f\\u00e9rian\",\"album\":\"Un homme et une femme\",\"length_formatted\":\"1:30\"},\"image\":{\"src\":\"https:\\\/\\\/www.glm.de\\\/en\\\/wp-content\\\/uploads\\\/2018\\\/10\\\/01_La_chanson_dOrphee_snip-mp3-image.jpg\",\"width\":1500,\"height\":1500},\"thumb\":{\"src\":\"https:\\\/\\\/www.glm.de\\\/en\\\/wp-content\\\/uploads\\\/2018\\\/10\\\/01_La_chanson_dOrphee_snip-mp3-image-150x150.jpg\",\"width\":150,\"height\":150}},{\"src\":\"https:\\\/\\\/www.glm.de\\\/en\\\/wp-content\\\/uploads\\\/2018\\\/10\\\/03_Les_parapluies_de_Cherbourg_snip.mp3\",\"type\":\"audio\\\/mpeg\",\"title\":\"Les parapluies de Cherbourg\",\"caption\":\"\",\"description\":\"\\\"03_Les_parapluies_de_Cherbourg_snip\\\" from Un homme et une femme by Marie &amp; Jean-Claude S\\u00e9f\\u00e9rian.\",\"meta\":{\"artist\":\"Marie & Jean-Claude S\\u00e9f\\u00e9rian\",\"album\":\"Un homme et une femme\",\"length_formatted\":\"1:30\"},\"image\":{\"src\":\"https:\\\/\\\/www.glm.de\\\/en\\\/wp-content\\\/uploads\\\/2018\\\/10\\\/01_La_chanson_dOrphee_snip-mp3-image.jpg\",\"width\":1500,\"height\":1500},\"thumb\":{\"src\":\"https:\\\/\\\/www.glm.de\\\/en\\\/wp-content\\\/uploads\\\/2018\\\/10\\\/01_La_chanson_dOrphee_snip-mp3-image-150x150.jpg\",\"width\":150,\"height\":150}},{\"src\":\"https:\\\/\\\/www.glm.de\\\/en\\\/wp-content\\\/uploads\\\/2018\\\/10\\\/04_Toi_jamais_snip.mp3\",\"type\":\"audio\\\/mpeg\",\"title\":\"Toi jamais\",\"caption\":\"\",\"description\":\"\\\"04_Toi_jamais_snip\\\" from Un homme et une femme by Marie &amp; Jean-Claude S\\u00e9f\\u00e9rian.\",\"meta\":{\"artist\":\"Marie & Jean-Claude S\\u00e9f\\u00e9rian\",\"album\":\"Un homme et une femme\",\"length_formatted\":\"1:30\"},\"image\":{\"src\":\"https:\\\/\\\/www.glm.de\\\/en\\\/wp-content\\\/uploads\\\/2018\\\/10\\\/01_La_chanson_dOrphee_snip-mp3-image.jpg\",\"width\":1500,\"height\":1500},\"thumb\":{\"src\":\"https:\\\/\\\/www.glm.de\\\/en\\\/wp-content\\\/uploads\\\/2018\\\/10\\\/01_La_chanson_dOrphee_snip-mp3-image-150x150.jpg\",\"width\":150,\"height\":150}},{\"src\":\"https:\\\/\\\/www.glm.de\\\/en\\\/wp-content\\\/uploads\\\/2018\\\/10\\\/05_Mourir_daimer_snip.mp3\",\"type\":\"audio\\\/mpeg\",\"title\":\"Mourir daimer\",\"caption\":\"\",\"description\":\"\\\"05_Mourir_daimer_snip\\\" from Un homme et une femme by Marie &amp; Jean-Claude S\\u00e9f\\u00e9rian.\",\"meta\":{\"artist\":\"Marie & Jean-Claude S\\u00e9f\\u00e9rian\",\"album\":\"Un homme et une femme\",\"length_formatted\":\"1:30\"},\"image\":{\"src\":\"https:\\\/\\\/www.glm.de\\\/en\\\/wp-content\\\/uploads\\\/2018\\\/10\\\/01_La_chanson_dOrphee_snip-mp3-image.jpg\",\"width\":1500,\"height\":1500},\"thumb\":{\"src\":\"https:\\\/\\\/www.glm.de\\\/en\\\/wp-content\\\/uploads\\\/2018\\\/10\\\/01_La_chanson_dOrphee_snip-mp3-image-150x150.jpg\",\"width\":150,\"height\":150}},{\"src\":\"https:\\\/\\\/www.glm.de\\\/en\\\/wp-content\\\/uploads\\\/2018\\\/10\\\/06_Un_homme_et_une_femme_snip.mp3\",\"type\":\"audio\\\/mpeg\",\"title\":\"Un homme et une femme\",\"caption\":\"\",\"description\":\"\\\"06_Un_homme_et_une_femme_snip\\\" from Un homme et une femme by Marie &amp; Jean-Claude S\\u00e9f\\u00e9rian.\",\"meta\":{\"artist\":\"Marie & Jean-Claude S\\u00e9f\\u00e9rian\",\"album\":\"Un homme et une femme\",\"length_formatted\":\"1:30\"},\"image\":{\"src\":\"https:\\\/\\\/www.glm.de\\\/en\\\/wp-content\\\/uploads\\\/2018\\\/10\\\/01_La_chanson_dOrphee_snip-mp3-image.jpg\",\"width\":1500,\"height\":1500},\"thumb\":{\"src\":\"https:\\\/\\\/www.glm.de\\\/en\\\/wp-content\\\/uploads\\\/2018\\\/10\\\/01_La_chanson_dOrphee_snip-mp3-image-150x150.jpg\",\"width\":150,\"height\":150}},{\"src\":\"https:\\\/\\\/www.glm.de\\\/en\\\/wp-content\\\/uploads\\\/2018\\\/10\\\/07_Chanson_dHelene_snip.mp3\",\"type\":\"audio\\\/mpeg\",\"title\":\"Chanson d'Helene\",\"caption\":\"\",\"description\":\"\\\"07_Chanson_dHelene_snip\\\" from Un homme et une femme by Marie &amp; Jean-Claude S\\u00e9f\\u00e9rian.\",\"meta\":{\"artist\":\"Marie & Jean-Claude S\\u00e9f\\u00e9rian\",\"album\":\"Un homme et une femme\",\"length_formatted\":\"1:30\"},\"image\":{\"src\":\"https:\\\/\\\/www.glm.de\\\/en\\\/wp-content\\\/uploads\\\/2018\\\/10\\\/01_La_chanson_dOrphee_snip-mp3-image.jpg\",\"width\":1500,\"height\":1500},\"thumb\":{\"src\":\"https:\\\/\\\/www.glm.de\\\/en\\\/wp-content\\\/uploads\\\/2018\\\/10\\\/01_La_chanson_dOrphee_snip-mp3-image-150x150.jpg\",\"width\":150,\"height\":150}},{\"src\":\"https:\\\/\\\/www.glm.de\\\/en\\\/wp-content\\\/uploads\\\/2018\\\/10\\\/08_Love_Story_snip.mp3\",\"type\":\"audio\\\/mpeg\",\"title\":\"Love Story\",\"caption\":\"\",\"description\":\"\\\"08_Love_Story_snip\\\" from Un homme et une femme by Marie &amp; Jean-Claude S\\u00e9f\\u00e9rian.\",\"meta\":{\"artist\":\"Marie & Jean-Claude S\\u00e9f\\u00e9rian\",\"album\":\"Un homme et une femme\",\"length_formatted\":\"1:30\"},\"image\":{\"src\":\"https:\\\/\\\/www.glm.de\\\/en\\\/wp-content\\\/uploads\\\/2018\\\/10\\\/01_La_chanson_dOrphee_snip-mp3-image.jpg\",\"width\":1500,\"height\":1500},\"thumb\":{\"src\":\"https:\\\/\\\/www.glm.de\\\/en\\\/wp-content\\\/uploads\\\/2018\\\/10\\\/01_La_chanson_dOrphee_snip-mp3-image-150x150.jpg\",\"width\":150,\"height\":150}},{\"src\":\"https:\\\/\\\/www.glm.de\\\/en\\\/wp-content\\\/uploads\\\/2018\\\/10\\\/09_Aimez-vous_Brahms_snip.mp3\",\"type\":\"audio\\\/mpeg\",\"title\":\"Aimez-vous Brahms\",\"caption\":\"\",\"description\":\"\\\"09_Aimez-vous_Brahms_snip\\\" from Un homme et une femme by Marie &amp; Jean-Claude S\\u00e9f\\u00e9rian.\",\"meta\":{\"artist\":\"Marie & Jean-Claude S\\u00e9f\\u00e9rian\",\"album\":\"Un homme et une femme\",\"length_formatted\":\"1:30\"},\"image\":{\"src\":\"https:\\\/\\\/www.glm.de\\\/en\\\/wp-content\\\/uploads\\\/2018\\\/10\\\/01_La_chanson_dOrphee_snip-mp3-image.jpg\",\"width\":1500,\"height\":1500},\"thumb\":{\"src\":\"https:\\\/\\\/www.glm.de\\\/en\\\/wp-content\\\/uploads\\\/2018\\\/10\\\/01_La_chanson_dOrphee_snip-mp3-image-150x150.jpg\",\"width\":150,\"height\":150}},{\"src\":\"https:\\\/\\\/www.glm.de\\\/en\\\/wp-content\\\/uploads\\\/2018\\\/10\\\/10_Samba_Saravah_snip.mp3\",\"type\":\"audio\\\/mpeg\",\"title\":\"Samba Saravah\",\"caption\":\"\",\"description\":\"\\\"10_Samba_Saravah_snip\\\" from Un homme et une femme by Marie &amp; Jean-Claude S\\u00e9f\\u00e9rian.\",\"meta\":{\"artist\":\"Marie & Jean-Claude S\\u00e9f\\u00e9rian\",\"album\":\"Un homme et une femme\",\"length_formatted\":\"1:30\"},\"image\":{\"src\":\"https:\\\/\\\/www.glm.de\\\/en\\\/wp-content\\\/uploads\\\/2018\\\/10\\\/01_La_chanson_dOrphee_snip-mp3-image.jpg\",\"width\":1500,\"height\":1500},\"thumb\":{\"src\":\"https:\\\/\\\/www.glm.de\\\/en\\\/wp-content\\\/uploads\\\/2018\\\/10\\\/01_La_chanson_dOrphee_snip-mp3-image-150x150.jpg\",\"width\":150,\"height\":150}},{\"src\":\"https:\\\/\\\/www.glm.de\\\/en\\\/wp-content\\\/uploads\\\/2018\\\/10\\\/11_Des_ronds_dans_leau_snip.mp3\",\"type\":\"audio\\\/mpeg\",\"title\":\"Des ronds dans l'eau\",\"caption\":\"\",\"description\":\"\\\"11_Des_ronds_dans_leau_snip\\\" from Un homme et une femme by Marie &amp; Jean-Claude S\\u00e9f\\u00e9rian.\",\"meta\":{\"artist\":\"Marie & Jean-Claude S\\u00e9f\\u00e9rian\",\"album\":\"Un homme et une femme\",\"length_formatted\":\"1:30\"},\"image\":{\"src\":\"https:\\\/\\\/www.glm.de\\\/en\\\/wp-content\\\/uploads\\\/2018\\\/10\\\/01_La_chanson_dOrphee_snip-mp3-image.jpg\",\"width\":1500,\"height\":1500},\"thumb\":{\"src\":\"https:\\\/\\\/www.glm.de\\\/en\\\/wp-content\\\/uploads\\\/2018\\\/10\\\/01_La_chanson_dOrphee_snip-mp3-image-150x150.jpg\",\"width\":150,\"height\":150}},{\"src\":\"https:\\\/\\\/www.glm.de\\\/en\\\/wp-content\\\/uploads\\\/2018\\\/10\\\/12_Le_tourbillon_snip.mp3\",\"type\":\"audio\\\/mpeg\",\"title\":\"Le tourbillon\",\"caption\":\"\",\"description\":\"\\\"12_Le_tourbillon_snip\\\" from Un homme et une femme by Marie &amp; Jean-Claude S\\u00e9f\\u00e9rian.\",\"meta\":{\"artist\":\"Marie & Jean-Claude S\\u00e9f\\u00e9rian\",\"album\":\"Un homme et une femme\",\"length_formatted\":\"1:30\"},\"image\":{\"src\":\"https:\\\/\\\/www.glm.de\\\/en\\\/wp-content\\\/uploads\\\/2018\\\/10\\\/01_La_chanson_dOrphee_snip-mp3-image.jpg\",\"width\":1500,\"height\":1500},\"thumb\":{\"src\":\"https:\\\/\\\/www.glm.de\\\/en\\\/wp-content\\\/uploads\\\/2018\\\/10\\\/01_La_chanson_dOrphee_snip-mp3-image-150x150.jpg\",\"width\":150,\"height\":150}},{\"src\":\"https:\\\/\\\/www.glm.de\\\/en\\\/wp-content\\\/uploads\\\/2018\\\/10\\\/13_The_Summer_Knows_snip.mp3\",\"type\":\"audio\\\/mpeg\",\"title\":\"The Summer Knows\",\"caption\":\"\",\"description\":\"\\\"13_The_Summer_Knows_snip\\\" from Un homme et une femme by Marie &amp; Jean-Claude S\\u00e9f\\u00e9rian.\",\"meta\":{\"artist\":\"Marie & Jean-Claude S\\u00e9f\\u00e9rian\",\"album\":\"Un homme et une femme\",\"length_formatted\":\"1:30\"},\"image\":{\"src\":\"https:\\\/\\\/www.glm.de\\\/en\\\/wp-content\\\/uploads\\\/2018\\\/10\\\/01_La_chanson_dOrphee_snip-mp3-image.jpg\",\"width\":1500,\"height\":1500},\"thumb\":{\"src\":\"https:\\\/\\\/www.glm.de\\\/en\\\/wp-content\\\/uploads\\\/2018\\\/10\\\/01_La_chanson_dOrphee_snip-mp3-image-150x150.jpg\",\"width\":150,\"height\":150}},{\"src\":\"https:\\\/\\\/www.glm.de\\\/en\\\/wp-content\\\/uploads\\\/2018\\\/10\\\/14_A_bicyclette_snip.mp3\",\"type\":\"audio\\\/mpeg\",\"title\":\"A bicyclette\",\"caption\":\"\",\"description\":\"\\\"14_A_bicyclette_snip\\\" from Un homme et une femme by Marie &amp; Jean-Claude S\\u00e9f\\u00e9rian.\",\"meta\":{\"artist\":\"Marie & Jean-Claude S\\u00e9f\\u00e9rian\",\"album\":\"Un homme et une femme\",\"length_formatted\":\"1:30\"},\"image\":{\"src\":\"https:\\\/\\\/www.glm.de\\\/en\\\/wp-content\\\/uploads\\\/2018\\\/10\\\/01_La_chanson_dOrphee_snip-mp3-image.jpg\",\"width\":1500,\"height\":1500},\"thumb\":{\"src\":\"https:\\\/\\\/www.glm.de\\\/en\\\/wp-content\\\/uploads\\\/2018\\\/10\\\/01_La_chanson_dOrphee_snip-mp3-image-150x150.jpg\",\"width\":150,\"height\":150}},{\"src\":\"https:\\\/\\\/www.glm.de\\\/en\\\/wp-content\\\/uploads\\\/2018\\\/10\\\/15_Plus_fort_que_nous_snip.mp3\",\"type\":\"audio\\\/mpeg\",\"title\":\"Plus fort que nous\",\"caption\":\"\",\"description\":\"\\\"15_Plus_fort_que_nous_snip\\\" from Un homme et une femme by Marie &amp; Jean-Claude S\\u00e9f\\u00e9rian.\",\"meta\":{\"artist\":\"Marie & Jean-Claude S\\u00e9f\\u00e9rian\",\"album\":\"Un homme et une femme\",\"length_formatted\":\"1:30\"},\"image\":{\"src\":\"https:\\\/\\\/www.glm.de\\\/en\\\/wp-content\\\/uploads\\\/2018\\\/10\\\/01_La_chanson_dOrphee_snip-mp3-image.jpg\",\"width\":1500,\"height\":1500},\"thumb\":{\"src\":\"https:\\\/\\\/www.glm.de\\\/en\\\/wp-content\\\/uploads\\\/2018\\\/10\\\/01_La_chanson_dOrphee_snip-mp3-image-150x150.jpg\",\"width\":150,\"height\":150}}]}<\/script>\n<\/div>\n\t\n<p>Inspired by the French cinema of the Nouvelle Vague, Marie &amp; Jean-Claude S\u00e9f\u00e9rian &#8211; a man and a woman &#8211; came and put together chansons from French movies. The result was a program that resurrect the wonderful black and white photographs by Claude Lelouch or the musical film &#8220;Umbrellas of Cherbourg&#8221; by Jacques Demy with the young Catherine Deneuve in the mind&#8217;s eye.<\/p>\n<p>The unforgettable songs by the great composers Charles Aznavour, Francis Lai and Luiz Bonf\u00e1 invite the listener on a melancholy journey to a time when the urge for freedom, for demarcation and for equality was huge. Music and film were one and a new hope for a society traumatized by two wars.<\/p>\n<p>As a teenager, Jean-Claude S\u00e9f\u00e9rian was so fascinated by the selected film scores that he had trouble following the story. He was particularly impressed by the multiple Oscar winners Michel Legrand and Francis Lai. In addition, Charles Aznavour was and is the great idol of his childhood.<\/p>\n<p>On her CD &#8220;Un homme et une femme&#8221; father and daughter resurrect the melancholy and the elegance of French film music. Music that arouses longing for the past and addresses the eternally exciting interpersonal relationships.<\/p>\n<p>The present recordings are a symbiosis of the classical French chanson, embodied by the chansonnier living in Germany and the jazz idiom of a singer, whom we know so far through her jazz formations.<\/p>\n","protected":false},"excerpt":{"rendered":"<p><strong>RELEASE:<\/strong>\u00a018.01.2019<\/p>\n<p><a class=\"button smart_link_button\" href=\"https:\/\/smarturl.it\/seferian\" target=\"_blank\" rel=\"noopener\">Choose your store!<\/a><\/p>\n","protected":false},"featured_media":4583,"comment_status":"open","ping_status":"closed","template":"","meta":[],"product_brand":[],"product_cat":[604,833],"product_tag":[834,835,836,837,838],"class_list":{"0":"post-4579","1":"product","2":"type-product","3":"status-publish","4":"has-post-thumbnail","6":"product_cat-fine-music","7":"product_cat-seferian","8":"product_tag-chansons","9":"product_tag-jean-claude","10":"product_tag-marie","11":"product_tag-nouvelle-vague","12":"product_tag-seferian","13":"pa_art-cd","14":"pa_art-mp3-download","16":"first","17":"instock","18":"taxable","19":"shipping-taxable","20":"product-type-external"},"_links":{"self":[{"href":"https:\/\/www.glm.de\/en\/wp-json\/wp\/v2\/product\/4579"}],"collection":[{"href":"https:\/\/www.glm.de\/en\/wp-json\/wp\/v2\/product"}],"about":[{"href":"https:\/\/www.glm.de\/en\/wp-json\/wp\/v2\/types\/product"}],"replies":[{"embeddable":true,"href":"https:\/\/www.glm.de\/en\/wp-json\/wp\/v2\/comments?post=4579"}],"wp:featuredmedia":[{"embeddable":true,"href":"https:\/\/www.glm.de\/en\/wp-json\/wp\/v2\/media\/4583"}],"wp:attachment":[{"href":"https:\/\/www.glm.de\/en\/wp-json\/wp\/v2\/media?parent=4579"}],"wp:term":[{"taxonomy":"product_brand","embeddable":true,"href":"https:\/\/www.glm.de\/en\/wp-json\/wp\/v2\/product_brand?post=4579"},{"taxonomy":"product_cat","embeddable":true,"href":"https:\/\/www.glm.de\/en\/wp-json\/wp\/v2\/product_cat?post=4579"},{"taxonomy":"product_tag","embeddable":true,"href":"https:\/\/www.glm.de\/en\/wp-json\/wp\/v2\/product_tag?post=4579"}],"curies":[{"name":"wp","href":"https:\/\/api.w.org\/{rel}","templated":true}]}}