{"id":4692,"date":"2018-12-10T15:29:27","date_gmt":"2018-12-10T13:29:27","guid":{"rendered":"https:\/\/www.glm.de\/en\/?post_type=product&#038;p=4692"},"modified":"2023-03-01T19:46:07","modified_gmt":"2023-03-01T17:46:07","slug":"abisko-lights-point-of-view","status":"publish","type":"product","link":"https:\/\/www.glm.de\/en\/product\/abisko-lights-point-of-view\/","title":{"rendered":"Abisko Lights &#8211; Point Of View"},"content":{"rendered":"<p><strong>Dirk Flatau<\/strong>\u00a0 piano, composition<br \/>\n<strong>Tabea Schrenk\u00a0<\/strong>\u00a0cello<br \/>\n<strong>Thomas Kolarczyk<\/strong>\u00a0 bass<br \/>\n<strong>Hannes Daerr<\/strong>\u00a0 bass clarinet<br \/>\n<strong>Benni Wellenbeck<\/strong>\u00a0 drums<\/p>\n<!--[if lt IE 9]><script>document.createElement('audio');<\/script><![endif]-->\n\t<div class=\"wp-playlist wp-audio-playlist wp-playlist-light\">\n\t\t\t<div class=\"wp-playlist-current-item\"><\/div>\n\t\t<audio controls=\"controls\" preload=\"none\" width=\"958\"\n\t\t\t><\/audio>\n\t<div class=\"wp-playlist-next\"><\/div>\n\t<div class=\"wp-playlist-prev\"><\/div>\n\t<noscript>\n\t<ol>\n\t\t<li><a href='https:\/\/www.glm.de\/en\/wp-content\/uploads\/2018\/12\/01_Good_Night_Berlin_snip.mp3'>Good Night Berlin<\/a><\/li><li><a href='https:\/\/www.glm.de\/en\/wp-content\/uploads\/2018\/12\/08_Nocturne_snip.mp3'>Nocturne<\/a><\/li><li><a href='https:\/\/www.glm.de\/en\/wp-content\/uploads\/2018\/12\/07_Crescent_snip.mp3'>Crescent<\/a><\/li><li><a href='https:\/\/www.glm.de\/en\/wp-content\/uploads\/2018\/12\/06_Fja\u0308ril_snip.mp3'>Fj\u00e4ril<\/a><\/li><li><a href='https:\/\/www.glm.de\/en\/wp-content\/uploads\/2018\/12\/05_Abisko_Lights_snip.mp3'>Abisko Lights<\/a><\/li><li><a href='https:\/\/www.glm.de\/en\/wp-content\/uploads\/2018\/12\/04_Point_Of_View_snip.mp3'>Point Of View<\/a><\/li><li><a href='https:\/\/www.glm.de\/en\/wp-content\/uploads\/2018\/12\/03_Four_Days_In_November_snip.mp3'>Four Days In November<\/a><\/li><li><a href='https:\/\/www.glm.de\/en\/wp-content\/uploads\/2018\/12\/02_Assam_Special_Blend_snip.mp3'>Assam Special Blend<\/a><\/li>\t<\/ol>\n\t<\/noscript>\n\t<script type=\"application\/json\" class=\"wp-playlist-script\">{\"type\":\"audio\",\"tracklist\":true,\"tracknumbers\":true,\"images\":true,\"artists\":true,\"tracks\":[{\"src\":\"https:\\\/\\\/www.glm.de\\\/en\\\/wp-content\\\/uploads\\\/2018\\\/12\\\/01_Good_Night_Berlin_snip.mp3\",\"type\":\"audio\\\/mpeg\",\"title\":\"Good Night Berlin\",\"caption\":\"\",\"description\":\"\\\"Good Night Berlin\\\" from Point Of View by Abisko Lights. Released: 2018. Track 1 of 8.\",\"meta\":{\"artist\":\"Abisko Lights\",\"album\":\"Point Of View\",\"year\":\"2018\",\"length_formatted\":\"1:30\"},\"image\":{\"src\":\"https:\\\/\\\/www.glm.de\\\/en\\\/wp-content\\\/uploads\\\/2018\\\/12\\\/01_Good_Night_Berlin_snip-mp3-image.jpg\",\"width\":1500,\"height\":1500},\"thumb\":{\"src\":\"https:\\\/\\\/www.glm.de\\\/en\\\/wp-content\\\/uploads\\\/2018\\\/12\\\/01_Good_Night_Berlin_snip-mp3-image-150x150.jpg\",\"width\":150,\"height\":150}},{\"src\":\"https:\\\/\\\/www.glm.de\\\/en\\\/wp-content\\\/uploads\\\/2018\\\/12\\\/08_Nocturne_snip.mp3\",\"type\":\"audio\\\/mpeg\",\"title\":\"Nocturne\",\"caption\":\"\",\"description\":\"\\\"Nocturne\\\" from Point Of View by Abisko Lights. Released: 2018. Track 8 of 8.\",\"meta\":{\"artist\":\"Abisko Lights\",\"album\":\"Point Of View\",\"year\":\"2018\",\"length_formatted\":\"1:30\"},\"image\":{\"src\":\"https:\\\/\\\/www.glm.de\\\/en\\\/wp-content\\\/uploads\\\/2018\\\/12\\\/01_Good_Night_Berlin_snip-mp3-image.jpg\",\"width\":1500,\"height\":1500},\"thumb\":{\"src\":\"https:\\\/\\\/www.glm.de\\\/en\\\/wp-content\\\/uploads\\\/2018\\\/12\\\/01_Good_Night_Berlin_snip-mp3-image-150x150.jpg\",\"width\":150,\"height\":150}},{\"src\":\"https:\\\/\\\/www.glm.de\\\/en\\\/wp-content\\\/uploads\\\/2018\\\/12\\\/07_Crescent_snip.mp3\",\"type\":\"audio\\\/mpeg\",\"title\":\"Crescent\",\"caption\":\"\",\"description\":\"\\\"Crescent\\\" from Point Of View by Abisko Lights. Released: 2018. Track 7 of 8.\",\"meta\":{\"artist\":\"Abisko Lights\",\"album\":\"Point Of View\",\"year\":\"2018\",\"length_formatted\":\"1:30\"},\"image\":{\"src\":\"https:\\\/\\\/www.glm.de\\\/en\\\/wp-content\\\/uploads\\\/2018\\\/12\\\/01_Good_Night_Berlin_snip-mp3-image.jpg\",\"width\":1500,\"height\":1500},\"thumb\":{\"src\":\"https:\\\/\\\/www.glm.de\\\/en\\\/wp-content\\\/uploads\\\/2018\\\/12\\\/01_Good_Night_Berlin_snip-mp3-image-150x150.jpg\",\"width\":150,\"height\":150}},{\"src\":\"https:\\\/\\\/www.glm.de\\\/en\\\/wp-content\\\/uploads\\\/2018\\\/12\\\/06_Fja\\u0308ril_snip.mp3\",\"type\":\"audio\\\/mpeg\",\"title\":\"Fj\\u00e4ril\",\"caption\":\"\",\"description\":\"\\\"Fj\\u00e4ril\\\" from Point Of View by Abisko Lights. Released: 2018. Track 6 of 8.\",\"meta\":{\"artist\":\"Abisko Lights\",\"album\":\"Point Of View\",\"year\":\"2018\",\"length_formatted\":\"1:30\"},\"image\":{\"src\":\"https:\\\/\\\/www.glm.de\\\/en\\\/wp-content\\\/uploads\\\/2018\\\/12\\\/01_Good_Night_Berlin_snip-mp3-image.jpg\",\"width\":1500,\"height\":1500},\"thumb\":{\"src\":\"https:\\\/\\\/www.glm.de\\\/en\\\/wp-content\\\/uploads\\\/2018\\\/12\\\/01_Good_Night_Berlin_snip-mp3-image-150x150.jpg\",\"width\":150,\"height\":150}},{\"src\":\"https:\\\/\\\/www.glm.de\\\/en\\\/wp-content\\\/uploads\\\/2018\\\/12\\\/05_Abisko_Lights_snip.mp3\",\"type\":\"audio\\\/mpeg\",\"title\":\"Abisko Lights\",\"caption\":\"\",\"description\":\"\\\"Abisko Lights\\\" from Point Of View by Abisko Lights. Released: 2018. Track 5 of 8.\",\"meta\":{\"artist\":\"Abisko Lights\",\"album\":\"Point Of View\",\"year\":\"2018\",\"length_formatted\":\"1:30\"},\"image\":{\"src\":\"https:\\\/\\\/www.glm.de\\\/en\\\/wp-content\\\/uploads\\\/2018\\\/12\\\/01_Good_Night_Berlin_snip-mp3-image.jpg\",\"width\":1500,\"height\":1500},\"thumb\":{\"src\":\"https:\\\/\\\/www.glm.de\\\/en\\\/wp-content\\\/uploads\\\/2018\\\/12\\\/01_Good_Night_Berlin_snip-mp3-image-150x150.jpg\",\"width\":150,\"height\":150}},{\"src\":\"https:\\\/\\\/www.glm.de\\\/en\\\/wp-content\\\/uploads\\\/2018\\\/12\\\/04_Point_Of_View_snip.mp3\",\"type\":\"audio\\\/mpeg\",\"title\":\"Point Of View\",\"caption\":\"\",\"description\":\"\\\"Point Of View\\\" from Point Of View by Abisko Lights. Released: 2018. Track 4 of 8.\",\"meta\":{\"artist\":\"Abisko Lights\",\"album\":\"Point Of View\",\"year\":\"2018\",\"length_formatted\":\"1:30\"},\"image\":{\"src\":\"https:\\\/\\\/www.glm.de\\\/en\\\/wp-content\\\/uploads\\\/2018\\\/12\\\/01_Good_Night_Berlin_snip-mp3-image.jpg\",\"width\":1500,\"height\":1500},\"thumb\":{\"src\":\"https:\\\/\\\/www.glm.de\\\/en\\\/wp-content\\\/uploads\\\/2018\\\/12\\\/01_Good_Night_Berlin_snip-mp3-image-150x150.jpg\",\"width\":150,\"height\":150}},{\"src\":\"https:\\\/\\\/www.glm.de\\\/en\\\/wp-content\\\/uploads\\\/2018\\\/12\\\/03_Four_Days_In_November_snip.mp3\",\"type\":\"audio\\\/mpeg\",\"title\":\"Four Days In November\",\"caption\":\"\",\"description\":\"\\\"Four Days In November\\\" from Point Of View by Abisko Lights. Released: 2018. Track 3 of 8.\",\"meta\":{\"artist\":\"Abisko Lights\",\"album\":\"Point Of View\",\"year\":\"2018\",\"length_formatted\":\"1:30\"},\"image\":{\"src\":\"https:\\\/\\\/www.glm.de\\\/en\\\/wp-content\\\/uploads\\\/2018\\\/12\\\/01_Good_Night_Berlin_snip-mp3-image.jpg\",\"width\":1500,\"height\":1500},\"thumb\":{\"src\":\"https:\\\/\\\/www.glm.de\\\/en\\\/wp-content\\\/uploads\\\/2018\\\/12\\\/01_Good_Night_Berlin_snip-mp3-image-150x150.jpg\",\"width\":150,\"height\":150}},{\"src\":\"https:\\\/\\\/www.glm.de\\\/en\\\/wp-content\\\/uploads\\\/2018\\\/12\\\/02_Assam_Special_Blend_snip.mp3\",\"type\":\"audio\\\/mpeg\",\"title\":\"Assam Special Blend\",\"caption\":\"\",\"description\":\"\\\"Assam Special Blend\\\" from Point Of View by Abisko Lights. Released: 2018. Track 2 of 8.\",\"meta\":{\"artist\":\"Abisko Lights\",\"album\":\"Point Of View\",\"year\":\"2018\",\"length_formatted\":\"1:30\"},\"image\":{\"src\":\"https:\\\/\\\/www.glm.de\\\/en\\\/wp-content\\\/uploads\\\/2018\\\/12\\\/01_Good_Night_Berlin_snip-mp3-image.jpg\",\"width\":1500,\"height\":1500},\"thumb\":{\"src\":\"https:\\\/\\\/www.glm.de\\\/en\\\/wp-content\\\/uploads\\\/2018\\\/12\\\/01_Good_Night_Berlin_snip-mp3-image-150x150.jpg\",\"width\":150,\"height\":150}}]}<\/script>\n<\/div>\n\t\n<p>What happens when five musicians from the wild, young, dynamic Berlin music scene get together? In the best case, wonderfully flowing, organic, beguiling music. The best from many musical worlds is rounded off to pure jazz poetry by the quintet Abisko Lights founded by pianist Dirk Flatau, as the second album &#8220;Point of View&#8221; impressively proves.<\/p>\n<p>The band name refers to a small town in the Swedish Lapland north of the Arctic Circle, where you can follow the fascinating spectacle of the Northern Lights particularly well. The name thus represents the musical program by Flataus and his companions, to be inspired by magical places and the memories evoked by them. Musicians, and especially jazz musicians, are always travelers and seekers, musically as well as geographically. Dirk Flatau&#8217;s own personal impressions turn &#8220;Point of View&#8221; into a musical road movie, in literally transboundary soundscapes. Be it magical moments like camping on the lake in the endless forests of Scandinavia and spending the night in the Egyptian desert or even just a memorable, never-ending bar-talk and a heartfelt evening alone on his balcony on Berlin&#8217;s Sonnenallee.<\/p>\n<p>The fact that these impressionistic treasures are always surprising and rich in color is ensured by the unusual instrumentation of Abisko Lights: cello and bass clarinet are added to the usual piano trio rhythm section. More importantly, of course, these instruments are invariably played by masters of their craft who come from different directions. Each one contributes his own strengths and preferences: Dirk Flatau himself studied jazz and classical piano in Amsterdam and played there with greats of the Dutch music scene such as Janne Schra, Renee van Bavel and Amber Schoop before he went to Berlin where he worked with Chris Hirson, Diego Pi\u00f1era and Marie S\u00e9f\u00e9rian. Drummer Benjamin Wellenbeck moves between jazz and pop. Flatau studied with him at the Amsterdam Conservatory: he worked as a drummer, but also as an arranger, composer or producer for projects as diverse as the <em>P\u00e4r Lammers Trio<\/em>, <em>G\u00f6tz Rausch Orchester<\/em> and <em>OrangotangoMusic<\/em>. The palette of bassist Thomas Kolarczyk ranges from jazz and world music to experimental rock, winning numerous prizes at the youth age and gaining higher degrees in instrumentation with Marc Muellbauer and Greg Cohen in Berlin. In jazz, he&#8217;s out and about with Abisko Lights and his own quintet of award-winning bands like <em>Lel\u00e9ka<\/em> or the <em>Marc Doffey Quintet<\/em>.<\/p>\n<p>A true generalist is bass clarinetist Hannes Daerr, who studied saxophone and clarinet at the Weimar conservatory &#8220;Franz Liszt&#8221;. He has worked extensively as a studio and theater musician and has worked in world music groups such as <em>Azul Cielo<\/em>, the Tango Ensemble <em>Bassa<\/em> or Klezmer Formations as well as in Moritz Sembritzki&#8217;s <em>Magnetic Ghost Orchestra<\/em> and his own Quartet <em>No Trash<\/em>, fully dedicated to jazz. The cellist Tabea Schrenk finally comes completely from a classical music background. Trained in Helsinki, London, Cardiff and Berlin and receiving several awards, she was an Academy graduate of Welsh National Opera and BBC Now; and plays different styles for various theaters, the Berlin <em>Stehgreiforchester<\/em> and in her own trio <em>She Plays Cello<\/em>.<\/p>\n<p>Together they follow Flatau\u2019s paths on &#8220;Point of View&#8221;. The process of creating the album differs pleasantly from so many others who are quickly recorded before and for a tour: &#8220;Before we went to the studio, we played the pieces so often until we really internalized the music and found the right mood and energy for everything&#8221;, Flatau reports. You can directly hear that. Together, the five dramatic melodic lines mix Arabic elements in the triolic &#8220;Assam Special Blend&#8221;, listen to minimalistic individual notes on the title track or follow the cheerful prancing dance of the eponymous play &#8220;Abisko Lights&#8221;, where Daerr shines on the carillon. Sometimes it sounds like great film music, sometimes like an Erik Satie miniature. Everyone is allowed to open new sound spaces, effortlessly moving between composition and improvisation. Piece by piece, enchanting music is created, which is allowed to boast of its beauty.<\/p>\n","protected":false},"excerpt":{"rendered":"<p><a class=\"button smart_link_button\" href=\"https:\/\/glmmusic.de\/PointOfViewWE\" target=\"_blank\" rel=\"noopener\">Choose your store!<\/a><\/p>\n","protected":false},"featured_media":4694,"comment_status":"open","ping_status":"closed","template":"","meta":[],"product_brand":[],"product_cat":[847,1312,1310,604,1311,1309,1024],"product_tag":[848,849,850],"class_list":{"0":"post-4692","1":"product","2":"type-product","3":"status-publish","4":"has-post-thumbnail","6":"product_cat-abisko-lights","7":"product_cat-benni-wellenbeck","8":"product_cat-dirk-flatau","9":"product_cat-fine-music","10":"product_cat-hannes-daerr","11":"product_cat-tabea-schrenk","12":"product_cat-thomas-kolarczyk","13":"product_tag-abisko-lights","14":"product_tag-dirk-flatau","15":"product_tag-point-of-view","17":"first","18":"instock","19":"taxable","20":"shipping-taxable","21":"product-type-external"},"_links":{"self":[{"href":"https:\/\/www.glm.de\/en\/wp-json\/wp\/v2\/product\/4692"}],"collection":[{"href":"https:\/\/www.glm.de\/en\/wp-json\/wp\/v2\/product"}],"about":[{"href":"https:\/\/www.glm.de\/en\/wp-json\/wp\/v2\/types\/product"}],"replies":[{"embeddable":true,"href":"https:\/\/www.glm.de\/en\/wp-json\/wp\/v2\/comments?post=4692"}],"wp:featuredmedia":[{"embeddable":true,"href":"https:\/\/www.glm.de\/en\/wp-json\/wp\/v2\/media\/4694"}],"wp:attachment":[{"href":"https:\/\/www.glm.de\/en\/wp-json\/wp\/v2\/media?parent=4692"}],"wp:term":[{"taxonomy":"product_brand","embeddable":true,"href":"https:\/\/www.glm.de\/en\/wp-json\/wp\/v2\/product_brand?post=4692"},{"taxonomy":"product_cat","embeddable":true,"href":"https:\/\/www.glm.de\/en\/wp-json\/wp\/v2\/product_cat?post=4692"},{"taxonomy":"product_tag","embeddable":true,"href":"https:\/\/www.glm.de\/en\/wp-json\/wp\/v2\/product_tag?post=4692"}],"curies":[{"name":"wp","href":"https:\/\/api.w.org\/{rel}","templated":true}]}}