{"id":4919,"date":"2019-07-23T15:15:02","date_gmt":"2019-07-23T13:15:02","guid":{"rendered":"https:\/\/www.glm.de\/en\/?post_type=product&#038;p=4919"},"modified":"2019-11-27T11:59:22","modified_gmt":"2019-11-27T09:59:22","slug":"antoine-de-saint-exupery-der-kleine-prinz-ein-musikalisches-horbuch","status":"publish","type":"product","link":"https:\/\/www.glm.de\/en\/product\/antoine-de-saint-exupery-der-kleine-prinz-ein-musikalisches-horbuch\/","title":{"rendered":"Antoine De Saint-Exup\u00e9ry &#8211; DER KLEINE PRINZ Ein Musikalisches H\u00f6rbuch"},"content":{"rendered":"<!--[if lt IE 9]><script>document.createElement('audio');<\/script><![endif]-->\n\t<div class=\"wp-playlist wp-audio-playlist wp-playlist-light\">\n\t\t\t<div class=\"wp-playlist-current-item\"><\/div>\n\t\t<audio controls=\"controls\" preload=\"none\" width=\"958\"\n\t\t\t><\/audio>\n\t<div class=\"wp-playlist-next\"><\/div>\n\t<div class=\"wp-playlist-prev\"><\/div>\n\t<noscript>\n\t<ol>\n\t\t<li><a href='https:\/\/www.glm.de\/en\/wp-content\/uploads\/2019\/07\/Antoine_de_Saint_Exup\u00e9ry_Cornelius_Claudio_Kreusch_Johannes_Tonio_Kreusch_J\u00fcrgen_Jung_-_Der_Kleine_Prinz_-_Ein_musikalisches_H\u00f6r_snip.mp3'>Der Kleine Prinz - Ein musikalisches H\u00f6rbuch<\/a><\/li>\t<\/ol>\n\t<\/noscript>\n\t<script type=\"application\/json\" class=\"wp-playlist-script\">{\"type\":\"audio\",\"tracklist\":true,\"tracknumbers\":true,\"images\":true,\"artists\":true,\"tracks\":[{\"src\":\"https:\\\/\\\/www.glm.de\\\/en\\\/wp-content\\\/uploads\\\/2019\\\/07\\\/Antoine_de_Saint_Exup\\u00e9ry_Cornelius_Claudio_Kreusch_Johannes_Tonio_Kreusch_J\\u00fcrgen_Jung_-_Der_Kleine_Prinz_-_Ein_musikalisches_H\\u00f6r_snip.mp3\",\"type\":\"audio\\\/mpeg\",\"title\":\"Der Kleine Prinz - Ein musikalisches H\\u00f6rbuch\",\"caption\":\"\",\"description\":\"\\\"Der Kleine Prinz - Ein musikalisches H\\u00f6rbuch\\\" from Der Kleine Prinz - Ein musikalisches H\\u00f6rbuch by Antoine de Saint Exup\\u00e9ry, Cornelius Claudio Kreusch, Johannes Tonio Kreusch, J\\u00fcrgen Jung. Track 1.\",\"meta\":{\"artist\":\"Antoine de Saint Exup\\u00e9ry, Cornelius Claudio Kreusch, Johannes Tonio Kreusch, J\\u00fcrgen Jung\",\"album\":\"Der Kleine Prinz - Ein musikalisches H\\u00f6rbuch\",\"length_formatted\":\"1:30\"},\"image\":{\"src\":\"https:\\\/\\\/www.glm.de\\\/en\\\/wp-content\\\/uploads\\\/2019\\\/07\\\/Antoine_de_Saint_Exup\\u00e9ry_Cornelius_Claudio_Kreusch_Johannes_Tonio_Kreusch_J\\u00fcrgen_Jung_-_Der_Kleine_Prinz_-_Ein_musikalisches_H\\u00f6r_snip-mp3-image.jpg\",\"width\":1500,\"height\":1500},\"thumb\":{\"src\":\"https:\\\/\\\/www.glm.de\\\/en\\\/wp-content\\\/uploads\\\/2019\\\/07\\\/Antoine_de_Saint_Exup\\u00e9ry_Cornelius_Claudio_Kreusch_Johannes_Tonio_Kreusch_J\\u00fcrgen_Jung_-_Der_Kleine_Prinz_-_Ein_musikalisches_H\\u00f6r_snip-mp3-image-150x150.jpg\",\"width\":150,\"height\":150}}]}<\/script>\n<\/div>\n\t\n<p>&#8220;Who is this Little Prince? Antoine de Saint-Exup\u00e9ry describes it like this: &#8216;If you happen to come by &#8230; wait a bit, just under the star! Then when a child approaches you, when it laughs, when it has golden hair, when it does not answer, if you ask, then you will guess who it is. &#8216;<\/p>\n<p>The short stories about the Little Prince, as you can hear on this recording &#8211; are they really for children? To be more specific, one must read what Antoine de Saint-Exup\u00e9ry wrote to his friend L\u00e9on Werth, to whom he dedicated his little book. &#8216;I apologize to the children for dedicating this book to an adult. But I have a good excuse for this: this adult is the best friend I have in the world. I have another excuse: this adult can understand everything, even the books for children &#8230; So, I want to dedicate this book to the child that this adult once was. All the great people have once been children (but few remember it) &#8230; &#8216;<\/p>\n<p>The short excerpts of this Little Prince&#8217;s book are enveloped, surrounded and carried by music. Music that lights up the words, sounds that lead into the child&#8217;s dream world that inhabits a small star in the sky, where everything is tiny. So small that &#8216;you cannot go very far straight ahead&#8217;.<\/p>\n<p>This child, the Little Prince, sets out for a short while to discover unknown secrets of life on other planets that he does not yet know. At the same time, it encounters the snake, the fox, the sheep, the flower and other mysterious things &#8230; And all the wonders that the Little Prince experiences make him wonder. Amazed at what you do not have to see to understand. So, he once says, &#8216;The stars are beautiful because they remind of a flower that you cannot see.&#8217;<\/p>\n<p>If you leaf through the printed book, you can encounter pictures that the author painted himself. This audiobook wants to make small and big listeners to paint their own inner pictures to the short stories. As the Little Prince once said: &#8216;That which constitutes beauty is invisible&#8217;.<\/p>\n<p>Listen, eavesdrop &#8211; and look, not with your eyes, because &#8216;you only see well with your heart&#8217;.<\/p>\n<p>Sincerely, yours<br \/>\nDoroth\u00e9e Kreusch-Jacob &#8221;<\/p>\n<p>The writer, concert pianist, music educator and singer-songwriter <strong>Doroth\u00e9e Kreusch-Jacob<\/strong> has opened up the world of music to many children over the years with her books and sound recordings. Her imaginative books have been translated into several languages and have become an integral part of standard literature in musical work with children. The books and CD recordings by Doroth\u00e9e Kreusch-Jacob can be found on leaderboards and have, among other things, won the German Record Prize. For years, her songs, tunes and stories have delighted children and their parents and are at home with many families. Together with her two sons Cornelius Claudio Kreusch and Johannes Tonio Kreusch, with whom she has already produced a large number of children&#8217;s CDs, she presents a new musical audio book with &#8220;Der Kleine Prinz&#8221; that is not only for children but also especially Adults. J\u00fcrgen Jung reads the most important passages in Saint-Exup\u00e9ry&#8217;s masterpiece, accompanying sensitive, newly created music.<\/p>\n","protected":false},"excerpt":{"rendered":"<p><strong>RELEASE:<\/strong> 11.10.2019<\/p>\n<p><a class=\"button smart_link_button\" href=\"https:\/\/smarturl.it\/kleineprinzkreusch\" target=\"_blank\" rel=\"noopener\">Choose your store!<\/a><\/p>\n","protected":false},"featured_media":0,"comment_status":"open","ping_status":"closed","template":"","meta":[],"product_brand":[],"product_cat":[288,882],"product_tag":[649,885,647,654,886],"class_list":{"0":"post-4919","1":"product","2":"type-product","3":"status-publish","5":"product_cat-hoerbuecher","6":"product_cat-kreusch-bros","7":"product_tag-cornelius-claudio-kreusch","8":"product_tag-dorothee-kreusch-jacob","9":"product_tag-hoerbuch","10":"product_tag-johannes-tonio-kreusch","11":"product_tag-jurgen-jung","13":"first","14":"instock","15":"taxable","16":"shipping-taxable","17":"product-type-external"},"_links":{"self":[{"href":"https:\/\/www.glm.de\/en\/wp-json\/wp\/v2\/product\/4919"}],"collection":[{"href":"https:\/\/www.glm.de\/en\/wp-json\/wp\/v2\/product"}],"about":[{"href":"https:\/\/www.glm.de\/en\/wp-json\/wp\/v2\/types\/product"}],"replies":[{"embeddable":true,"href":"https:\/\/www.glm.de\/en\/wp-json\/wp\/v2\/comments?post=4919"}],"wp:attachment":[{"href":"https:\/\/www.glm.de\/en\/wp-json\/wp\/v2\/media?parent=4919"}],"wp:term":[{"taxonomy":"product_brand","embeddable":true,"href":"https:\/\/www.glm.de\/en\/wp-json\/wp\/v2\/product_brand?post=4919"},{"taxonomy":"product_cat","embeddable":true,"href":"https:\/\/www.glm.de\/en\/wp-json\/wp\/v2\/product_cat?post=4919"},{"taxonomy":"product_tag","embeddable":true,"href":"https:\/\/www.glm.de\/en\/wp-json\/wp\/v2\/product_tag?post=4919"}],"curies":[{"name":"wp","href":"https:\/\/api.w.org\/{rel}","templated":true}]}}