{"id":5467,"date":"2020-06-02T11:10:42","date_gmt":"2020-06-02T09:10:42","guid":{"rendered":"https:\/\/www.glm.de\/en\/?post_type=product&#038;p=5467"},"modified":"2022-11-02T19:12:30","modified_gmt":"2022-11-02T17:12:30","slug":"jazz-a-la-flute-essenza","status":"publish","type":"product","link":"https:\/\/www.glm.de\/en\/product\/jazz-a-la-flute-essenza\/","title":{"rendered":"Isabelle Bodenseh &#8211; Lorenzo Petrocca \u2013 ESSENZA"},"content":{"rendered":"<p><strong>Isabelle Bodenseh<\/strong>\u00a0flute<br \/>\n<strong>Lorenzo Petrocca<\/strong> guitar<\/p>\n<!--[if lt IE 9]><script>document.createElement('audio');<\/script><![endif]-->\n\t<div class=\"wp-playlist wp-audio-playlist wp-playlist-light\">\n\t\t\t<div class=\"wp-playlist-current-item\"><\/div>\n\t\t<audio controls=\"controls\" preload=\"none\" width=\"958\"\n\t\t\t><\/audio>\n\t<div class=\"wp-playlist-next\"><\/div>\n\t<div class=\"wp-playlist-prev\"><\/div>\n\t<noscript>\n\t<ol>\n\t\t<li><a href='https:\/\/www.glm.de\/en\/wp-content\/uploads\/2020\/06\/JAZZ_\u00c0_LA_FLUTE_-_Essenza_-_01_-_Incompatibilidade_snip.mp3'>Incompatibilidade<\/a><\/li><li><a href='https:\/\/www.glm.de\/en\/wp-content\/uploads\/2020\/06\/JAZZ_\u00c0_LA_FLUTE_-_Essenza_-_02_-_Secret_Love_snip.mp3'>Secret Love<\/a><\/li><li><a href='https:\/\/www.glm.de\/en\/wp-content\/uploads\/2020\/06\/JAZZ_\u00c0_LA_FLUTE_-_Essenza_-_03_-_Lonnies_Lament_snip.mp3'>Lonnie's Lament<\/a><\/li><li><a href='https:\/\/www.glm.de\/en\/wp-content\/uploads\/2020\/06\/JAZZ_\u00c0_LA_FLUTE_-_Essenza_-_04_-_Captain_Marvel_snip.mp3'>Captain Marvel<\/a><\/li><li><a href='https:\/\/www.glm.de\/en\/wp-content\/uploads\/2020\/06\/JAZZ_\u00c0_LA_FLUTE_-_Essenza_-_05_-_Time_After_Time_snip.mp3'>Time After Time<\/a><\/li><li><a href='https:\/\/www.glm.de\/en\/wp-content\/uploads\/2020\/06\/JAZZ_\u00c0_LA_FLUTE_-_Essenza_-_06_-_Tico_Tico_no_fub\u00e1_snip.mp3'>Tico Tico no fub\u00e1<\/a><\/li><li><a href='https:\/\/www.glm.de\/en\/wp-content\/uploads\/2020\/06\/JAZZ_\u00c0_LA_FLUTE_-_Essenza_-_07_-_Tu_si_na_cosa_grande_per_me_snip.mp3'>Tu si 'na cosa grande per me<\/a><\/li><li><a href='https:\/\/www.glm.de\/en\/wp-content\/uploads\/2020\/06\/JAZZ_\u00c0_LA_FLUTE_-_Essenza_-_08_-_Waltz_for_Debby_snip.mp3'>Waltz for Debby<\/a><\/li><li><a href='https:\/\/www.glm.de\/en\/wp-content\/uploads\/2020\/06\/JAZZ_\u00c0_LA_FLUTE_-_Essenza_-_09_-_Essenza_snip.mp3'>Essenza<\/a><\/li><li><a href='https:\/\/www.glm.de\/en\/wp-content\/uploads\/2020\/06\/JAZZ_\u00c0_LA_FLUTE_-_Essenza_-_10_-_Birks_Works_snip.mp3'>Birk's Works<\/a><\/li>\t<\/ol>\n\t<\/noscript>\n\t<script type=\"application\/json\" class=\"wp-playlist-script\">{\"type\":\"audio\",\"tracklist\":true,\"tracknumbers\":true,\"images\":true,\"artists\":true,\"tracks\":[{\"src\":\"https:\\\/\\\/www.glm.de\\\/en\\\/wp-content\\\/uploads\\\/2020\\\/06\\\/JAZZ_\\u00c0_LA_FLUTE_-_Essenza_-_01_-_Incompatibilidade_snip.mp3\",\"type\":\"audio\\\/mpeg\",\"title\":\"Incompatibilidade\",\"caption\":\"\",\"description\":\"\\\"Incompatibilidade\\\" from Essenza by JAZZ \\u00c0 LA FLUTE. Track 1. Genre: Jazz.\",\"meta\":{\"artist\":\"JAZZ \\u00c0 LA FLUTE\",\"album\":\"Essenza\",\"genre\":\"Jazz\",\"length_formatted\":\"1:30\"},\"image\":{\"src\":\"https:\\\/\\\/www.glm.de\\\/en\\\/wp-content\\\/uploads\\\/2020\\\/06\\\/JAZZ_\\u00c0_LA_FLUTE_-_Essenza_-_07_-_Tu_si_na_cosa_grande_per_me_snip-mp3-image-scaled.jpg\",\"width\":2560,\"height\":2560},\"thumb\":{\"src\":\"https:\\\/\\\/www.glm.de\\\/en\\\/wp-content\\\/uploads\\\/2020\\\/06\\\/JAZZ_\\u00c0_LA_FLUTE_-_Essenza_-_07_-_Tu_si_na_cosa_grande_per_me_snip-mp3-image-150x150.jpg\",\"width\":150,\"height\":150}},{\"src\":\"https:\\\/\\\/www.glm.de\\\/en\\\/wp-content\\\/uploads\\\/2020\\\/06\\\/JAZZ_\\u00c0_LA_FLUTE_-_Essenza_-_02_-_Secret_Love_snip.mp3\",\"type\":\"audio\\\/mpeg\",\"title\":\"Secret Love\",\"caption\":\"\",\"description\":\"\\\"Secret Love\\\" from Essenza by JAZZ \\u00c0 LA FLUTE. Track 2. Genre: Jazz.\",\"meta\":{\"artist\":\"JAZZ \\u00c0 LA FLUTE\",\"album\":\"Essenza\",\"genre\":\"Jazz\",\"length_formatted\":\"1:30\"},\"image\":{\"src\":\"https:\\\/\\\/www.glm.de\\\/en\\\/wp-content\\\/uploads\\\/2020\\\/06\\\/JAZZ_\\u00c0_LA_FLUTE_-_Essenza_-_07_-_Tu_si_na_cosa_grande_per_me_snip-mp3-image-scaled.jpg\",\"width\":2560,\"height\":2560},\"thumb\":{\"src\":\"https:\\\/\\\/www.glm.de\\\/en\\\/wp-content\\\/uploads\\\/2020\\\/06\\\/JAZZ_\\u00c0_LA_FLUTE_-_Essenza_-_07_-_Tu_si_na_cosa_grande_per_me_snip-mp3-image-150x150.jpg\",\"width\":150,\"height\":150}},{\"src\":\"https:\\\/\\\/www.glm.de\\\/en\\\/wp-content\\\/uploads\\\/2020\\\/06\\\/JAZZ_\\u00c0_LA_FLUTE_-_Essenza_-_03_-_Lonnies_Lament_snip.mp3\",\"type\":\"audio\\\/mpeg\",\"title\":\"Lonnie's Lament\",\"caption\":\"\",\"description\":\"\\\"Lonnie's Lament\\\" from Essenza by JAZZ \\u00c0 LA FLUTE. Track 3. Genre: Jazz.\",\"meta\":{\"artist\":\"JAZZ \\u00c0 LA FLUTE\",\"album\":\"Essenza\",\"genre\":\"Jazz\",\"length_formatted\":\"1:30\"},\"image\":{\"src\":\"https:\\\/\\\/www.glm.de\\\/en\\\/wp-content\\\/uploads\\\/2020\\\/06\\\/JAZZ_\\u00c0_LA_FLUTE_-_Essenza_-_07_-_Tu_si_na_cosa_grande_per_me_snip-mp3-image-scaled.jpg\",\"width\":2560,\"height\":2560},\"thumb\":{\"src\":\"https:\\\/\\\/www.glm.de\\\/en\\\/wp-content\\\/uploads\\\/2020\\\/06\\\/JAZZ_\\u00c0_LA_FLUTE_-_Essenza_-_07_-_Tu_si_na_cosa_grande_per_me_snip-mp3-image-150x150.jpg\",\"width\":150,\"height\":150}},{\"src\":\"https:\\\/\\\/www.glm.de\\\/en\\\/wp-content\\\/uploads\\\/2020\\\/06\\\/JAZZ_\\u00c0_LA_FLUTE_-_Essenza_-_04_-_Captain_Marvel_snip.mp3\",\"type\":\"audio\\\/mpeg\",\"title\":\"Captain Marvel\",\"caption\":\"\",\"description\":\"\\\"Captain Marvel\\\" from Essenza by JAZZ \\u00c0 LA FLUTE. Track 4. Genre: Jazz.\",\"meta\":{\"artist\":\"JAZZ \\u00c0 LA FLUTE\",\"album\":\"Essenza\",\"genre\":\"Jazz\",\"length_formatted\":\"1:30\"},\"image\":{\"src\":\"https:\\\/\\\/www.glm.de\\\/en\\\/wp-content\\\/uploads\\\/2020\\\/06\\\/JAZZ_\\u00c0_LA_FLUTE_-_Essenza_-_07_-_Tu_si_na_cosa_grande_per_me_snip-mp3-image-scaled.jpg\",\"width\":2560,\"height\":2560},\"thumb\":{\"src\":\"https:\\\/\\\/www.glm.de\\\/en\\\/wp-content\\\/uploads\\\/2020\\\/06\\\/JAZZ_\\u00c0_LA_FLUTE_-_Essenza_-_07_-_Tu_si_na_cosa_grande_per_me_snip-mp3-image-150x150.jpg\",\"width\":150,\"height\":150}},{\"src\":\"https:\\\/\\\/www.glm.de\\\/en\\\/wp-content\\\/uploads\\\/2020\\\/06\\\/JAZZ_\\u00c0_LA_FLUTE_-_Essenza_-_05_-_Time_After_Time_snip.mp3\",\"type\":\"audio\\\/mpeg\",\"title\":\"Time After Time\",\"caption\":\"\",\"description\":\"\\\"Time After Time\\\" from Essenza by JAZZ \\u00c0 LA FLUTE. Track 5. Genre: Jazz.\",\"meta\":{\"artist\":\"JAZZ \\u00c0 LA FLUTE\",\"album\":\"Essenza\",\"genre\":\"Jazz\",\"length_formatted\":\"1:30\"},\"image\":{\"src\":\"https:\\\/\\\/www.glm.de\\\/en\\\/wp-content\\\/uploads\\\/2020\\\/06\\\/JAZZ_\\u00c0_LA_FLUTE_-_Essenza_-_07_-_Tu_si_na_cosa_grande_per_me_snip-mp3-image-scaled.jpg\",\"width\":2560,\"height\":2560},\"thumb\":{\"src\":\"https:\\\/\\\/www.glm.de\\\/en\\\/wp-content\\\/uploads\\\/2020\\\/06\\\/JAZZ_\\u00c0_LA_FLUTE_-_Essenza_-_07_-_Tu_si_na_cosa_grande_per_me_snip-mp3-image-150x150.jpg\",\"width\":150,\"height\":150}},{\"src\":\"https:\\\/\\\/www.glm.de\\\/en\\\/wp-content\\\/uploads\\\/2020\\\/06\\\/JAZZ_\\u00c0_LA_FLUTE_-_Essenza_-_06_-_Tico_Tico_no_fub\\u00e1_snip.mp3\",\"type\":\"audio\\\/mpeg\",\"title\":\"Tico Tico no fub\\u00e1\",\"caption\":\"\",\"description\":\"\\\"Tico Tico no fub\\u00e1\\\" from Essenza by JAZZ \\u00c0 LA FLUTE. Track 6. Genre: Jazz.\",\"meta\":{\"artist\":\"JAZZ \\u00c0 LA FLUTE\",\"album\":\"Essenza\",\"genre\":\"Jazz\",\"length_formatted\":\"1:30\"},\"image\":{\"src\":\"https:\\\/\\\/www.glm.de\\\/en\\\/wp-content\\\/uploads\\\/2020\\\/06\\\/JAZZ_\\u00c0_LA_FLUTE_-_Essenza_-_07_-_Tu_si_na_cosa_grande_per_me_snip-mp3-image-scaled.jpg\",\"width\":2560,\"height\":2560},\"thumb\":{\"src\":\"https:\\\/\\\/www.glm.de\\\/en\\\/wp-content\\\/uploads\\\/2020\\\/06\\\/JAZZ_\\u00c0_LA_FLUTE_-_Essenza_-_07_-_Tu_si_na_cosa_grande_per_me_snip-mp3-image-150x150.jpg\",\"width\":150,\"height\":150}},{\"src\":\"https:\\\/\\\/www.glm.de\\\/en\\\/wp-content\\\/uploads\\\/2020\\\/06\\\/JAZZ_\\u00c0_LA_FLUTE_-_Essenza_-_07_-_Tu_si_na_cosa_grande_per_me_snip.mp3\",\"type\":\"audio\\\/mpeg\",\"title\":\"Tu si 'na cosa grande per me\",\"caption\":\"\",\"description\":\"\\\"Tu si 'na cosa grande per me\\\" from Essenza by JAZZ \\u00c0 LA FLUTE. Track 7. Genre: Jazz.\",\"meta\":{\"artist\":\"JAZZ \\u00c0 LA FLUTE\",\"album\":\"Essenza\",\"genre\":\"Jazz\",\"length_formatted\":\"1:30\"},\"image\":{\"src\":\"https:\\\/\\\/www.glm.de\\\/en\\\/wp-content\\\/uploads\\\/2020\\\/06\\\/JAZZ_\\u00c0_LA_FLUTE_-_Essenza_-_07_-_Tu_si_na_cosa_grande_per_me_snip-mp3-image-scaled.jpg\",\"width\":2560,\"height\":2560},\"thumb\":{\"src\":\"https:\\\/\\\/www.glm.de\\\/en\\\/wp-content\\\/uploads\\\/2020\\\/06\\\/JAZZ_\\u00c0_LA_FLUTE_-_Essenza_-_07_-_Tu_si_na_cosa_grande_per_me_snip-mp3-image-150x150.jpg\",\"width\":150,\"height\":150}},{\"src\":\"https:\\\/\\\/www.glm.de\\\/en\\\/wp-content\\\/uploads\\\/2020\\\/06\\\/JAZZ_\\u00c0_LA_FLUTE_-_Essenza_-_08_-_Waltz_for_Debby_snip.mp3\",\"type\":\"audio\\\/mpeg\",\"title\":\"Waltz for Debby\",\"caption\":\"\",\"description\":\"\\\"Waltz for Debby\\\" from Essenza by JAZZ \\u00c0 LA FLUTE. Track 8. Genre: Jazz.\",\"meta\":{\"artist\":\"JAZZ \\u00c0 LA FLUTE\",\"album\":\"Essenza\",\"genre\":\"Jazz\",\"length_formatted\":\"1:30\"},\"image\":{\"src\":\"https:\\\/\\\/www.glm.de\\\/en\\\/wp-content\\\/uploads\\\/2020\\\/06\\\/JAZZ_\\u00c0_LA_FLUTE_-_Essenza_-_07_-_Tu_si_na_cosa_grande_per_me_snip-mp3-image-scaled.jpg\",\"width\":2560,\"height\":2560},\"thumb\":{\"src\":\"https:\\\/\\\/www.glm.de\\\/en\\\/wp-content\\\/uploads\\\/2020\\\/06\\\/JAZZ_\\u00c0_LA_FLUTE_-_Essenza_-_07_-_Tu_si_na_cosa_grande_per_me_snip-mp3-image-150x150.jpg\",\"width\":150,\"height\":150}},{\"src\":\"https:\\\/\\\/www.glm.de\\\/en\\\/wp-content\\\/uploads\\\/2020\\\/06\\\/JAZZ_\\u00c0_LA_FLUTE_-_Essenza_-_09_-_Essenza_snip.mp3\",\"type\":\"audio\\\/mpeg\",\"title\":\"Essenza\",\"caption\":\"\",\"description\":\"\\\"Essenza\\\" from Essenza by JAZZ \\u00c0 LA FLUTE. Track 9. Genre: Jazz.\",\"meta\":{\"artist\":\"JAZZ \\u00c0 LA FLUTE\",\"album\":\"Essenza\",\"genre\":\"Jazz\",\"length_formatted\":\"1:30\"},\"image\":{\"src\":\"https:\\\/\\\/www.glm.de\\\/en\\\/wp-content\\\/uploads\\\/2020\\\/06\\\/JAZZ_\\u00c0_LA_FLUTE_-_Essenza_-_07_-_Tu_si_na_cosa_grande_per_me_snip-mp3-image-scaled.jpg\",\"width\":2560,\"height\":2560},\"thumb\":{\"src\":\"https:\\\/\\\/www.glm.de\\\/en\\\/wp-content\\\/uploads\\\/2020\\\/06\\\/JAZZ_\\u00c0_LA_FLUTE_-_Essenza_-_07_-_Tu_si_na_cosa_grande_per_me_snip-mp3-image-150x150.jpg\",\"width\":150,\"height\":150}},{\"src\":\"https:\\\/\\\/www.glm.de\\\/en\\\/wp-content\\\/uploads\\\/2020\\\/06\\\/JAZZ_\\u00c0_LA_FLUTE_-_Essenza_-_10_-_Birks_Works_snip.mp3\",\"type\":\"audio\\\/mpeg\",\"title\":\"Birk's Works\",\"caption\":\"\",\"description\":\"\\\"Birk's Works\\\" from Essenza by JAZZ \\u00c0 LA FLUTE. Track 10. Genre: Jazz.\",\"meta\":{\"artist\":\"JAZZ \\u00c0 LA FLUTE\",\"album\":\"Essenza\",\"genre\":\"Jazz\",\"length_formatted\":\"1:30\"},\"image\":{\"src\":\"https:\\\/\\\/www.glm.de\\\/en\\\/wp-content\\\/uploads\\\/2020\\\/06\\\/JAZZ_\\u00c0_LA_FLUTE_-_Essenza_-_07_-_Tu_si_na_cosa_grande_per_me_snip-mp3-image-scaled.jpg\",\"width\":2560,\"height\":2560},\"thumb\":{\"src\":\"https:\\\/\\\/www.glm.de\\\/en\\\/wp-content\\\/uploads\\\/2020\\\/06\\\/JAZZ_\\u00c0_LA_FLUTE_-_Essenza_-_07_-_Tu_si_na_cosa_grande_per_me_snip-mp3-image-150x150.jpg\",\"width\":150,\"height\":150}}]}<\/script>\n<\/div>\n\t\n<p>Isabelle Bodenseh and Lorenzo Petrocca form one of the few jazz ensembles that can be confidently awarded the title &#8220;unique&#8221;. With a flute and a guitar they create a universe of manifold sound colours and playful situations. As only virtuosos can do, who at the same time are imaginative spontaneous composers, they make use of seemingly unlimited possibilities, unencumbered by role clich\u00e9s.<\/p>\n<p>For three years now, the two have been forming a duo in the truest sense of the word, whereas the term otherwise often refers to only two, who &#8211; not least for economic reasons &#8211; lack a rhythm section.<\/p>\n<p>Isabelle, whose warm tone gets under your skin, uses all the techniques that her flutes provide and that you would expect to find in free jazz or new music rather than in the swinging and bopping jazz tradition: she masters all shades of wind and key noises, she sings into them, overblows, flutters, flirts, whirrs, buzzes and hums, sometimes even transforms her flute into a drum or bass. Rarely before one has experienced such perfection and consistency in how a flute can accompany a guitar.<\/p>\n<p>Lorenzo&#8217;s instrument, otherwise in such constellations tied down to the alternatives as a rhythm slave or a solo player, becomes a real partner, which is due to one of the top group of European guitarists. Over the years, his calm, poetic side has matured without losing his lively, quirky element.<\/p>\n<p>How contradictory are the biographies! He, the former boxing champion from Crotone in southern Italy, the city of Pythagoras, the musical autodidact. She: the lecturer and studied orchestral musician, whose thirst for freedom and talent for improvisation predestined her to become a thoroughbred jazz musician. But she is half-French and has spent some time in Cuba. She combines her romanesque temperament and romantic expressiveness into a duo. They not only play jazz standards, but they set new standards, especially in role distribution and richness of sound colours. But the album is no object of demonstration, because &#8220;Lorenzo and I discover everything from the pure joy of playing and take time for our sound and arrangements without orientating ourselves anywhere&#8221;.<\/p>\n","protected":false},"excerpt":{"rendered":"<p>Isabelle Bodenseh\u00a0flute Lorenzo Petrocca guitar Isabelle Bodenseh and Lorenzo Petrocca form one of the few jazz ensembles that can be confidently awarded the title &#8220;unique&#8221;. With a flute and a guitar they create a universe of manifold sound colours and playful situations. As only virtuosos can do, who at the same time are imaginative spontaneous [&hellip;]<\/p>\n","protected":false},"featured_media":5469,"comment_status":"open","ping_status":"closed","template":"","meta":[],"product_brand":[],"product_cat":[607,1237,953,1239],"product_tag":[954,120,955,956,957],"class_list":{"0":"post-5467","1":"product","2":"type-product","3":"status-publish","4":"has-post-thumbnail","6":"product_cat-edition-collage","7":"product_cat-isabelle-bodenseh","8":"product_cat-jazz-a-la-flute","9":"product_cat-lorenzo-petrocca","10":"product_tag-flute","11":"product_tag-guitar","12":"product_tag-isabelle-bodenseh","13":"product_tag-jazz-a-la-flute","14":"product_tag-lorenzo-petrocca","16":"first","17":"instock","18":"taxable","19":"shipping-taxable","20":"product-type-external"},"_links":{"self":[{"href":"https:\/\/www.glm.de\/en\/wp-json\/wp\/v2\/product\/5467"}],"collection":[{"href":"https:\/\/www.glm.de\/en\/wp-json\/wp\/v2\/product"}],"about":[{"href":"https:\/\/www.glm.de\/en\/wp-json\/wp\/v2\/types\/product"}],"replies":[{"embeddable":true,"href":"https:\/\/www.glm.de\/en\/wp-json\/wp\/v2\/comments?post=5467"}],"wp:featuredmedia":[{"embeddable":true,"href":"https:\/\/www.glm.de\/en\/wp-json\/wp\/v2\/media\/5469"}],"wp:attachment":[{"href":"https:\/\/www.glm.de\/en\/wp-json\/wp\/v2\/media?parent=5467"}],"wp:term":[{"taxonomy":"product_brand","embeddable":true,"href":"https:\/\/www.glm.de\/en\/wp-json\/wp\/v2\/product_brand?post=5467"},{"taxonomy":"product_cat","embeddable":true,"href":"https:\/\/www.glm.de\/en\/wp-json\/wp\/v2\/product_cat?post=5467"},{"taxonomy":"product_tag","embeddable":true,"href":"https:\/\/www.glm.de\/en\/wp-json\/wp\/v2\/product_tag?post=5467"}],"curies":[{"name":"wp","href":"https:\/\/api.w.org\/{rel}","templated":true}]}}