{"id":5613,"date":"2021-01-04T19:48:38","date_gmt":"2021-01-04T17:48:38","guid":{"rendered":"https:\/\/www.glm.de\/en\/?post_type=product&#038;p=5613"},"modified":"2021-01-21T12:25:59","modified_gmt":"2021-01-21T10:25:59","slug":"johannes-tonio-kreusch-plays","status":"publish","type":"product","link":"https:\/\/www.glm.de\/en\/product\/johannes-tonio-kreusch-plays\/","title":{"rendered":"Johannes Tonio Kreusch &#8211; PLAYS \u2013 VILLA-LOBOS &#038; GINASTERA"},"content":{"rendered":"<p><strong>Johannes Tonio Kreusch<\/strong> guitar<\/p>\n<!--[if lt IE 9]><script>document.createElement('audio');<\/script><![endif]-->\n\t<div class=\"wp-playlist wp-audio-playlist wp-playlist-light\">\n\t\t\t<div class=\"wp-playlist-current-item\"><\/div>\n\t\t<audio controls=\"controls\" preload=\"none\" width=\"958\"\n\t\t\t><\/audio>\n\t<div class=\"wp-playlist-next\"><\/div>\n\t<div class=\"wp-playlist-prev\"><\/div>\n\t<noscript>\n\t<ol>\n\t\t<li><a href='https:\/\/www.glm.de\/en\/wp-content\/uploads\/2021\/01\/Johannes-Tonio-Kreusch-PLAYS-01-Etudes-pour-la-guitarra-No.-1-Etude-des-arp\u00e8ges-Prelude-Anim\u00e9-Snippet.mp3'>Etudes pour la guitarra No. 1 Etude des arp\u00e8ges (Prelude)  Anim\u00e9<\/a><\/li><li><a href='https:\/\/www.glm.de\/en\/wp-content\/uploads\/2021\/01\/Johannes-Tonio-Kreusch-PLAYS-02-Etudes-pour-la-guitarra-No.-2-Des-arp\u00e8ges-Tr\u00e8s-anim\u00e9-Snippet.mp3'>Etudes pour la guitarra No. 2 Des arp\u00e8ges  Tr\u00e8s anim\u00e9<\/a><\/li><li><a href='https:\/\/www.glm.de\/en\/wp-content\/uploads\/2021\/01\/Johannes-Tonio-Kreusch-PLAYS-03-Etudes-pour-la-guitarra-No.-3-Des-arp\u00e8ges-Un-peu-anim\u00e9-Snippet.mp3'>Etudes pour la guitarra No. 3 Des arp\u00e8ges  Un peu anim\u00e9<\/a><\/li><li><a href='https:\/\/www.glm.de\/en\/wp-content\/uploads\/2021\/01\/Johannes-Tonio-Kreusch-PLAYS-04-Etudes-pour-la-guitarra-No.-4-Des-accords-r\u00e9p\u00e9t\u00e9s-Un-peu-mod\u00e9r\u00e9-Snippet.mp3'>Etudes pour la guitarra No. 4 Des accords r\u00e9p\u00e9t\u00e9s  Un peu mod\u00e9r\u00e9<\/a><\/li><li><a href='https:\/\/www.glm.de\/en\/wp-content\/uploads\/2021\/01\/Johannes-Tonio-Kreusch-PLAYS-05-Etudes-pour-la-guitarra-No.-5-Andantino-Snippet.mp3'>Etudes pour la guitarra No. 5 Andantino<\/a><\/li><li><a href='https:\/\/www.glm.de\/en\/wp-content\/uploads\/2021\/01\/Johannes-Tonio-Kreusch-PLAYS-06-Etudes-pour-la-guitarra-No.-6-Un-peu-anim\u00e9-Snippet.mp3'>Etudes pour la guitarra No. 6 Un peu anim\u00e9<\/a><\/li><li><a href='https:\/\/www.glm.de\/en\/wp-content\/uploads\/2021\/01\/Johannes-Tonio-Kreusch-PLAYS-07-Etudes-pour-la-guitarra-No.-7-Tr\u00e8s-anim\u00e9-Snippet.mp3'>Etudes pour la guitarra No. 7 Tr\u00e8s anim\u00e9<\/a><\/li><li><a href='https:\/\/www.glm.de\/en\/wp-content\/uploads\/2021\/01\/Johannes-Tonio-Kreusch-PLAYS-08-Etudes-pour-la-guitarra-No.-8-Mod\u00e9r\u00e9-Snippet.mp3'>Etudes pour la guitarra No. 8 Mod\u00e9r\u00e9<\/a><\/li><li><a href='https:\/\/www.glm.de\/en\/wp-content\/uploads\/2021\/01\/Johannes-Tonio-Kreusch-PLAYS-09-Etudes-pour-la-guitarra-No.-9-Des-Ornaments-Un-peu-anim\u00e9-Snippet.mp3'>Etudes pour la guitarra No. 9 Des Ornaments  Un peu anim\u00e9<\/a><\/li><li><a href='https:\/\/www.glm.de\/en\/wp-content\/uploads\/2021\/01\/Johannes-Tonio-Kreusch-PLAYS-10-Etudes-pour-la-guitarra-No.-10-Anim\u00e9-Version-de-1928-Snippet.mp3'>Etudes pour la guitarra No. 10 Anim\u00e9 (Version de 1928)<\/a><\/li><li><a href='https:\/\/www.glm.de\/en\/wp-content\/uploads\/2021\/01\/Johannes-Tonio-Kreusch-PLAYS-11-Etudes-pour-la-guitarra-No.-11-Lent-Snippet.mp3'>Etudes pour la guitarra No. 11 Lent<\/a><\/li><li><a href='https:\/\/www.glm.de\/en\/wp-content\/uploads\/2021\/01\/Johannes-Tonio-Kreusch-PLAYS-12-Etudes-pour-la-guitarra-No.-12-Un-peu-anim\u00e9-Snippet.mp3'>Etudes pour la guitarra No. 12 Un peu anim\u00e9<\/a><\/li><li><a href='https:\/\/www.glm.de\/en\/wp-content\/uploads\/2021\/01\/Johannes-Tonio-Kreusch-PLAYS-13-Sonata-for-Guitar-Op.47-I.-Esordio-Snippet.mp3'>Sonata for Guitar Op.47 I. Esordio<\/a><\/li><li><a href='https:\/\/www.glm.de\/en\/wp-content\/uploads\/2021\/01\/Johannes-Tonio-Kreusch-PLAYS-14-Sonata-for-Guitar-Op.47-II.-Scherzo-Snippet.mp3'>Sonata for Guitar Op.47 II. Scherzo<\/a><\/li><li><a href='https:\/\/www.glm.de\/en\/wp-content\/uploads\/2021\/01\/Johannes-Tonio-Kreusch-PLAYS-15-Sonata-for-Guitar-Op.47-III.-Canto-Snippet.mp3'>Sonata for Guitar Op.47 III. Canto<\/a><\/li><li><a href='https:\/\/www.glm.de\/en\/wp-content\/uploads\/2021\/01\/Johannes-Tonio-Kreusch-PLAYS-16-Sonata-for-Guitar-Op.47-IV.-Finale-Snippet.mp3'>Sonata for Guitar Op.47 IV. Finale<\/a><\/li>\t<\/ol>\n\t<\/noscript>\n\t<script type=\"application\/json\" class=\"wp-playlist-script\">{\"type\":\"audio\",\"tracklist\":true,\"tracknumbers\":true,\"images\":true,\"artists\":false,\"tracks\":[{\"src\":\"https:\\\/\\\/www.glm.de\\\/en\\\/wp-content\\\/uploads\\\/2021\\\/01\\\/Johannes-Tonio-Kreusch-PLAYS-01-Etudes-pour-la-guitarra-No.-1-Etude-des-arp\\u00e8ges-Prelude-Anim\\u00e9-Snippet.mp3\",\"type\":\"audio\\\/mpeg\",\"title\":\"Etudes pour la guitarra No. 1 Etude des arp\\u00e8ges (Prelude)  Anim\\u00e9\",\"caption\":\"\",\"description\":\"\\\"Etudes pour la guitarra No. 1 Etude des arp\\u00e8ges (Prelude)  Anim\\u00e9 \\\" from PLAYS by Johannes Tonio Kreusch. Released: 2021. Track 1.\",\"meta\":{\"artist\":\"Johannes Tonio Kreusch\",\"album\":\"Plays\"},\"image\":{\"src\":\"https:\\\/\\\/www.glm.de\\\/en\\\/wp-includes\\\/images\\\/media\\\/audio.svg\",\"width\":48,\"height\":64},\"thumb\":{\"src\":\"https:\\\/\\\/www.glm.de\\\/en\\\/wp-includes\\\/images\\\/media\\\/audio.svg\",\"width\":48,\"height\":64}},{\"src\":\"https:\\\/\\\/www.glm.de\\\/en\\\/wp-content\\\/uploads\\\/2021\\\/01\\\/Johannes-Tonio-Kreusch-PLAYS-02-Etudes-pour-la-guitarra-No.-2-Des-arp\\u00e8ges-Tr\\u00e8s-anim\\u00e9-Snippet.mp3\",\"type\":\"audio\\\/mpeg\",\"title\":\"Etudes pour la guitarra No. 2 Des arp\\u00e8ges  Tr\\u00e8s anim\\u00e9\",\"caption\":\"\",\"description\":\"\\\"Etudes pour la guitarra No. 2 Des arp\\u00e8ges  Tr\\u00e8s anim\\u00e9 \\\" from PLAYS. Track 1.\",\"meta\":[],\"image\":{\"src\":\"https:\\\/\\\/www.glm.de\\\/en\\\/wp-includes\\\/images\\\/media\\\/audio.svg\",\"width\":48,\"height\":64},\"thumb\":{\"src\":\"https:\\\/\\\/www.glm.de\\\/en\\\/wp-includes\\\/images\\\/media\\\/audio.svg\",\"width\":48,\"height\":64}},{\"src\":\"https:\\\/\\\/www.glm.de\\\/en\\\/wp-content\\\/uploads\\\/2021\\\/01\\\/Johannes-Tonio-Kreusch-PLAYS-03-Etudes-pour-la-guitarra-No.-3-Des-arp\\u00e8ges-Un-peu-anim\\u00e9-Snippet.mp3\",\"type\":\"audio\\\/mpeg\",\"title\":\"Etudes pour la guitarra No. 3 Des arp\\u00e8ges  Un peu anim\\u00e9\",\"caption\":\"\",\"description\":\"\\\"Etudes pour la guitarra No. 3 Des arp\\u00e8ges  Un peu anim\\u00e9 \\\" from PLAYS. Track 1.\",\"meta\":[],\"image\":{\"src\":\"https:\\\/\\\/www.glm.de\\\/en\\\/wp-includes\\\/images\\\/media\\\/audio.svg\",\"width\":48,\"height\":64},\"thumb\":{\"src\":\"https:\\\/\\\/www.glm.de\\\/en\\\/wp-includes\\\/images\\\/media\\\/audio.svg\",\"width\":48,\"height\":64}},{\"src\":\"https:\\\/\\\/www.glm.de\\\/en\\\/wp-content\\\/uploads\\\/2021\\\/01\\\/Johannes-Tonio-Kreusch-PLAYS-04-Etudes-pour-la-guitarra-No.-4-Des-accords-r\\u00e9p\\u00e9t\\u00e9s-Un-peu-mod\\u00e9r\\u00e9-Snippet.mp3\",\"type\":\"audio\\\/mpeg\",\"title\":\"Etudes pour la guitarra No. 4 Des accords r\\u00e9p\\u00e9t\\u00e9s  Un peu mod\\u00e9r\\u00e9\",\"caption\":\"\",\"description\":\"\\\"Etudes pour la guitarra No. 4 Des accords r\\u00e9p\\u00e9t\\u00e9s  Un peu mod\\u00e9r\\u00e9 \\\" from PLAYS. Track 1.\",\"meta\":[],\"image\":{\"src\":\"https:\\\/\\\/www.glm.de\\\/en\\\/wp-includes\\\/images\\\/media\\\/audio.svg\",\"width\":48,\"height\":64},\"thumb\":{\"src\":\"https:\\\/\\\/www.glm.de\\\/en\\\/wp-includes\\\/images\\\/media\\\/audio.svg\",\"width\":48,\"height\":64}},{\"src\":\"https:\\\/\\\/www.glm.de\\\/en\\\/wp-content\\\/uploads\\\/2021\\\/01\\\/Johannes-Tonio-Kreusch-PLAYS-05-Etudes-pour-la-guitarra-No.-5-Andantino-Snippet.mp3\",\"type\":\"audio\\\/mpeg\",\"title\":\"Etudes pour la guitarra No. 5 Andantino\",\"caption\":\"\",\"description\":\"\\\"Etudes pour la guitarra No. 5 Andantino \\\" from PLAYS. Track 1.\",\"meta\":[],\"image\":{\"src\":\"https:\\\/\\\/www.glm.de\\\/en\\\/wp-includes\\\/images\\\/media\\\/audio.svg\",\"width\":48,\"height\":64},\"thumb\":{\"src\":\"https:\\\/\\\/www.glm.de\\\/en\\\/wp-includes\\\/images\\\/media\\\/audio.svg\",\"width\":48,\"height\":64}},{\"src\":\"https:\\\/\\\/www.glm.de\\\/en\\\/wp-content\\\/uploads\\\/2021\\\/01\\\/Johannes-Tonio-Kreusch-PLAYS-06-Etudes-pour-la-guitarra-No.-6-Un-peu-anim\\u00e9-Snippet.mp3\",\"type\":\"audio\\\/mpeg\",\"title\":\"Etudes pour la guitarra No. 6 Un peu anim\\u00e9\",\"caption\":\"\",\"description\":\"\\\"Etudes pour la guitarra No. 6 Un peu anim\\u00e9 \\\" from PLAYS. Track 1.\",\"meta\":[],\"image\":{\"src\":\"https:\\\/\\\/www.glm.de\\\/en\\\/wp-includes\\\/images\\\/media\\\/audio.svg\",\"width\":48,\"height\":64},\"thumb\":{\"src\":\"https:\\\/\\\/www.glm.de\\\/en\\\/wp-includes\\\/images\\\/media\\\/audio.svg\",\"width\":48,\"height\":64}},{\"src\":\"https:\\\/\\\/www.glm.de\\\/en\\\/wp-content\\\/uploads\\\/2021\\\/01\\\/Johannes-Tonio-Kreusch-PLAYS-07-Etudes-pour-la-guitarra-No.-7-Tr\\u00e8s-anim\\u00e9-Snippet.mp3\",\"type\":\"audio\\\/mpeg\",\"title\":\"Etudes pour la guitarra No. 7 Tr\\u00e8s anim\\u00e9\",\"caption\":\"\",\"description\":\"\\\"Etudes pour la guitarra No. 7 Tr\\u00e8s anim\\u00e9 \\\" from PLAYS. Track 1.\",\"meta\":[],\"image\":{\"src\":\"https:\\\/\\\/www.glm.de\\\/en\\\/wp-includes\\\/images\\\/media\\\/audio.svg\",\"width\":48,\"height\":64},\"thumb\":{\"src\":\"https:\\\/\\\/www.glm.de\\\/en\\\/wp-includes\\\/images\\\/media\\\/audio.svg\",\"width\":48,\"height\":64}},{\"src\":\"https:\\\/\\\/www.glm.de\\\/en\\\/wp-content\\\/uploads\\\/2021\\\/01\\\/Johannes-Tonio-Kreusch-PLAYS-08-Etudes-pour-la-guitarra-No.-8-Mod\\u00e9r\\u00e9-Snippet.mp3\",\"type\":\"audio\\\/mpeg\",\"title\":\"Etudes pour la guitarra No. 8 Mod\\u00e9r\\u00e9\",\"caption\":\"\",\"description\":\"\\\"Etudes pour la guitarra No. 8 Mod\\u00e9r\\u00e9 \\\" from PLAYS. Track 1.\",\"meta\":[],\"image\":{\"src\":\"https:\\\/\\\/www.glm.de\\\/en\\\/wp-includes\\\/images\\\/media\\\/audio.svg\",\"width\":48,\"height\":64},\"thumb\":{\"src\":\"https:\\\/\\\/www.glm.de\\\/en\\\/wp-includes\\\/images\\\/media\\\/audio.svg\",\"width\":48,\"height\":64}},{\"src\":\"https:\\\/\\\/www.glm.de\\\/en\\\/wp-content\\\/uploads\\\/2021\\\/01\\\/Johannes-Tonio-Kreusch-PLAYS-09-Etudes-pour-la-guitarra-No.-9-Des-Ornaments-Un-peu-anim\\u00e9-Snippet.mp3\",\"type\":\"audio\\\/mpeg\",\"title\":\"Etudes pour la guitarra No. 9 Des Ornaments  Un peu anim\\u00e9\",\"caption\":\"\",\"description\":\"\\\"Etudes pour la guitarra No. 9 Des Ornaments  Un peu anim\\u00e9 \\\" from PLAYS. Track 1.\",\"meta\":[],\"image\":{\"src\":\"https:\\\/\\\/www.glm.de\\\/en\\\/wp-includes\\\/images\\\/media\\\/audio.svg\",\"width\":48,\"height\":64},\"thumb\":{\"src\":\"https:\\\/\\\/www.glm.de\\\/en\\\/wp-includes\\\/images\\\/media\\\/audio.svg\",\"width\":48,\"height\":64}},{\"src\":\"https:\\\/\\\/www.glm.de\\\/en\\\/wp-content\\\/uploads\\\/2021\\\/01\\\/Johannes-Tonio-Kreusch-PLAYS-10-Etudes-pour-la-guitarra-No.-10-Anim\\u00e9-Version-de-1928-Snippet.mp3\",\"type\":\"audio\\\/mpeg\",\"title\":\"Etudes pour la guitarra No. 10 Anim\\u00e9 (Version de 1928)\",\"caption\":\"\",\"description\":\"\\\"Etudes pour la guitarra No. 10 Anim\\u00e9 (Version de 1928) \\\" from PLAYS. Track 1.\",\"meta\":[],\"image\":{\"src\":\"https:\\\/\\\/www.glm.de\\\/en\\\/wp-includes\\\/images\\\/media\\\/audio.svg\",\"width\":48,\"height\":64},\"thumb\":{\"src\":\"https:\\\/\\\/www.glm.de\\\/en\\\/wp-includes\\\/images\\\/media\\\/audio.svg\",\"width\":48,\"height\":64}},{\"src\":\"https:\\\/\\\/www.glm.de\\\/en\\\/wp-content\\\/uploads\\\/2021\\\/01\\\/Johannes-Tonio-Kreusch-PLAYS-11-Etudes-pour-la-guitarra-No.-11-Lent-Snippet.mp3\",\"type\":\"audio\\\/mpeg\",\"title\":\"Etudes pour la guitarra No. 11 Lent\",\"caption\":\"\",\"description\":\"\\\"Etudes pour la guitarra No. 11 Lent \\\" from PLAYS. Track 1.\",\"meta\":[],\"image\":{\"src\":\"https:\\\/\\\/www.glm.de\\\/en\\\/wp-includes\\\/images\\\/media\\\/audio.svg\",\"width\":48,\"height\":64},\"thumb\":{\"src\":\"https:\\\/\\\/www.glm.de\\\/en\\\/wp-includes\\\/images\\\/media\\\/audio.svg\",\"width\":48,\"height\":64}},{\"src\":\"https:\\\/\\\/www.glm.de\\\/en\\\/wp-content\\\/uploads\\\/2021\\\/01\\\/Johannes-Tonio-Kreusch-PLAYS-12-Etudes-pour-la-guitarra-No.-12-Un-peu-anim\\u00e9-Snippet.mp3\",\"type\":\"audio\\\/mpeg\",\"title\":\"Etudes pour la guitarra No. 12 Un peu anim\\u00e9\",\"caption\":\"\",\"description\":\"\\\"Etudes pour la guitarra No. 12 Un peu anim\\u00e9 \\\" from PLAYS. Track 1.\",\"meta\":[],\"image\":{\"src\":\"https:\\\/\\\/www.glm.de\\\/en\\\/wp-includes\\\/images\\\/media\\\/audio.svg\",\"width\":48,\"height\":64},\"thumb\":{\"src\":\"https:\\\/\\\/www.glm.de\\\/en\\\/wp-includes\\\/images\\\/media\\\/audio.svg\",\"width\":48,\"height\":64}},{\"src\":\"https:\\\/\\\/www.glm.de\\\/en\\\/wp-content\\\/uploads\\\/2021\\\/01\\\/Johannes-Tonio-Kreusch-PLAYS-13-Sonata-for-Guitar-Op.47-I.-Esordio-Snippet.mp3\",\"type\":\"audio\\\/mpeg\",\"title\":\"Sonata for Guitar Op.47 I. Esordio\",\"caption\":\"\",\"description\":\"\\\"Sonata for Guitar Op.47 I. Esordio \\\" from PLAYS. Track 1.\",\"meta\":[],\"image\":{\"src\":\"https:\\\/\\\/www.glm.de\\\/en\\\/wp-includes\\\/images\\\/media\\\/audio.svg\",\"width\":48,\"height\":64},\"thumb\":{\"src\":\"https:\\\/\\\/www.glm.de\\\/en\\\/wp-includes\\\/images\\\/media\\\/audio.svg\",\"width\":48,\"height\":64}},{\"src\":\"https:\\\/\\\/www.glm.de\\\/en\\\/wp-content\\\/uploads\\\/2021\\\/01\\\/Johannes-Tonio-Kreusch-PLAYS-14-Sonata-for-Guitar-Op.47-II.-Scherzo-Snippet.mp3\",\"type\":\"audio\\\/mpeg\",\"title\":\"Sonata for Guitar Op.47 II. Scherzo\",\"caption\":\"\",\"description\":\"\\\"Sonata for Guitar Op.47 II. Scherzo \\\" from PLAYS. Track 1.\",\"meta\":[],\"image\":{\"src\":\"https:\\\/\\\/www.glm.de\\\/en\\\/wp-includes\\\/images\\\/media\\\/audio.svg\",\"width\":48,\"height\":64},\"thumb\":{\"src\":\"https:\\\/\\\/www.glm.de\\\/en\\\/wp-includes\\\/images\\\/media\\\/audio.svg\",\"width\":48,\"height\":64}},{\"src\":\"https:\\\/\\\/www.glm.de\\\/en\\\/wp-content\\\/uploads\\\/2021\\\/01\\\/Johannes-Tonio-Kreusch-PLAYS-15-Sonata-for-Guitar-Op.47-III.-Canto-Snippet.mp3\",\"type\":\"audio\\\/mpeg\",\"title\":\"Sonata for Guitar Op.47 III. Canto\",\"caption\":\"\",\"description\":\"\\\"Sonata for Guitar Op.47 III. Canto \\\" from PLAYS. Track 1.\",\"meta\":[],\"image\":{\"src\":\"https:\\\/\\\/www.glm.de\\\/en\\\/wp-includes\\\/images\\\/media\\\/audio.svg\",\"width\":48,\"height\":64},\"thumb\":{\"src\":\"https:\\\/\\\/www.glm.de\\\/en\\\/wp-includes\\\/images\\\/media\\\/audio.svg\",\"width\":48,\"height\":64}},{\"src\":\"https:\\\/\\\/www.glm.de\\\/en\\\/wp-content\\\/uploads\\\/2021\\\/01\\\/Johannes-Tonio-Kreusch-PLAYS-16-Sonata-for-Guitar-Op.47-IV.-Finale-Snippet.mp3\",\"type\":\"audio\\\/mpeg\",\"title\":\"Sonata for Guitar Op.47 IV. Finale\",\"caption\":\"\",\"description\":\"\\\"Sonata for Guitar Op.47 IV. Finale \\\" from PLAYS. Track 1.\",\"meta\":[],\"image\":{\"src\":\"https:\\\/\\\/www.glm.de\\\/en\\\/wp-includes\\\/images\\\/media\\\/audio.svg\",\"width\":48,\"height\":64},\"thumb\":{\"src\":\"https:\\\/\\\/www.glm.de\\\/en\\\/wp-includes\\\/images\\\/media\\\/audio.svg\",\"width\":48,\"height\":64}}]}<\/script>\n<\/div>\n\t\n<p><strong>The sensational and successful recording &#8220;Johannes Tonio Kreusch PLAYS Villa-Lobos &amp; Ginastera&#8221;, hailed by the French music magazine Classica R\u00e9pertoire as a &#8220;new reference recording since the legendary recordings by Narciso Yepes and Julian Bream&#8221;, is remastered and released by GLM Music.<\/strong><\/p>\n<p>Heitor Villa-Lobos and Alberto Ginastera, as driving forces of the Latin American modernist movement, composed with relative restraint for the &#8220;national instrument&#8221; of their homeland. In Ginastera&#8217;s case, the Sonata Op.47 is the only work he ever wrote for the guitar. Yet both have enriched the guitar repertoire with the music heard here. Without a doubt, the Etudes by Villa-Lobos and the Sonata by Ginastera are among the most important works written for the guitar in this century. In this music, both composers reveal a deep and direct commitment to the culture and history of Latin America and bring tradition into fruitful contrast with new ideas and sounds of their modernist world. Both the Etudes and the Sonata were written in Europe. Thus, one could say that Heitor Villa-Lobos and Alberto Ginastera have gone back the way their ancestors had come in an arduous way when they brought their foreign culture with them to the untouched continent. This meeting of such different cultures, this flickering between supposedly great opposites and this merging of European (avant-garde) music, often strongly influenced by the intellect, with the music of the indigenous peoples of Latin America, which arose from archaic originality, form the starting point of the work of these two composers and find an even more pressing clarity in their works for guitar.<\/p>\n<p><a href=\"https:\/\/www.facebook.com\/johannestonio.kreusch.9\">Johannes Tonio Kreusch<\/a> on Heitor Villa-Lobos:<br \/>\n&#8220;Heitor Villa-Lobos has influenced generations of guitarists with his guitar works and has enriched the guitar repertoire in a lasting way. One is mostly familiar with his guitar music from the usual printed editions, the many CD recordings and concert interpretations and might think that nothing really new could be said on the subject. Therefore, it was like a revelation for me to study Villa-Lobos&#8217; manuscripts and discover countless deviations from the known editions. Studying the manuscripts gave me the feeling of being able to enter into a dialogue with the composer, which revealed unexpected new horizons about his music. The manuscripts captivate with their mostly very clear handwriting, precisely worked out fingerings and clarify the many misprints, such as faulty chords, wrong notes, omissions, etc., which have become entrenched in the many interpretations over the years. The numerous additional agogic and dynamic hints or alternative versions that can be found in the manuscripts also give the player important impulses for interpretation. At the beginning of his career, Heitor Villa-Lobos earned his living as a travelling musician or chor\u00e3o and improvised ch\u00f4ros of his homeland in the clubs of Rio de Janeiro. Throughout his life, Villa-Lobos, who was largely self-taught in his musical education, retained this immediacy in music-making and musical experimentation &#8211; always in search of new sound ideas. This also explains why Villa-Lobos repeatedly reworked or supplemented some of his works and why there are several different versions of some pieces. Whether one adopts the many deviations from the manuscripts or prefers to fall back on the known versions is up to the interpreter &#8211; in any case, a look at the manuscripts will significantly broaden one&#8217;s understanding of Villa-Lobos&#8217; music&#8221;.<\/p>\n","protected":false},"excerpt":{"rendered":"<p><strong>RELEASE:<\/strong> 12.03.2021<\/p>\n<p><a class=\"button smart_link_button\" href=\"https:\/\/glm.lnk.to\/Plays\" target=\"_blank\" rel=\"noopener\">Choose your store!<\/a><\/p>\n","protected":false},"featured_media":5630,"comment_status":"open","ping_status":"closed","template":"","meta":[],"product_brand":[],"product_cat":[604,653],"product_tag":[654,779],"class_list":{"0":"post-5613","1":"product","2":"type-product","3":"status-publish","4":"has-post-thumbnail","6":"product_cat-fine-music","7":"product_cat-johannes-tonio-kreusch","8":"product_tag-johannes-tonio-kreusch","9":"product_tag-kreusch","11":"first","12":"instock","13":"taxable","14":"shipping-taxable","15":"product-type-external"},"_links":{"self":[{"href":"https:\/\/www.glm.de\/en\/wp-json\/wp\/v2\/product\/5613"}],"collection":[{"href":"https:\/\/www.glm.de\/en\/wp-json\/wp\/v2\/product"}],"about":[{"href":"https:\/\/www.glm.de\/en\/wp-json\/wp\/v2\/types\/product"}],"replies":[{"embeddable":true,"href":"https:\/\/www.glm.de\/en\/wp-json\/wp\/v2\/comments?post=5613"}],"wp:featuredmedia":[{"embeddable":true,"href":"https:\/\/www.glm.de\/en\/wp-json\/wp\/v2\/media\/5630"}],"wp:attachment":[{"href":"https:\/\/www.glm.de\/en\/wp-json\/wp\/v2\/media?parent=5613"}],"wp:term":[{"taxonomy":"product_brand","embeddable":true,"href":"https:\/\/www.glm.de\/en\/wp-json\/wp\/v2\/product_brand?post=5613"},{"taxonomy":"product_cat","embeddable":true,"href":"https:\/\/www.glm.de\/en\/wp-json\/wp\/v2\/product_cat?post=5613"},{"taxonomy":"product_tag","embeddable":true,"href":"https:\/\/www.glm.de\/en\/wp-json\/wp\/v2\/product_tag?post=5613"}],"curies":[{"name":"wp","href":"https:\/\/api.w.org\/{rel}","templated":true}]}}