{"id":5687,"date":"2021-02-01T12:55:25","date_gmt":"2021-02-01T10:55:25","guid":{"rendered":"https:\/\/www.glm.de\/en\/?post_type=product&#038;p=5687"},"modified":"2026-01-24T16:41:13","modified_gmt":"2026-01-24T14:41:13","slug":"mulo-francel-nicole-heartseeker-forever-young","status":"publish","type":"product","link":"https:\/\/www.glm.de\/en\/product\/mulo-francel-nicole-heartseeker-forever-young\/","title":{"rendered":"Nicole Heartseeker &#038; Mulo Francel \u2013 Forever Young"},"content":{"rendered":"<p><strong>Mulo Francel<\/strong>\u00a0saxophone, clarinet<br \/>\n<strong>Nicole Heartseeker<\/strong>\u00a0piano<\/p>\n<!--[if lt IE 9]><script>document.createElement('audio');<\/script><![endif]-->\n\t<div class=\"wp-playlist wp-audio-playlist wp-playlist-light\">\n\t\t\t<div class=\"wp-playlist-current-item\"><\/div>\n\t\t<audio controls=\"controls\" preload=\"none\" width=\"958\"\n\t\t\t><\/audio>\n\t<div class=\"wp-playlist-next\"><\/div>\n\t<div class=\"wp-playlist-prev\"><\/div>\n\t<noscript>\n\t<ol>\n\t\t<li><a href='https:\/\/www.glm.de\/en\/wp-content\/uploads\/2021\/02\/Nicole-Heartseeker-Mulo-Francel-Forever-Young-01-Delight-Inside-Improvisation-on-G.-Caccini-Ave-Maria_snip.mp3'>Delight Inside (Improvisation on G. Caccini Ave Maria)<\/a><\/li><li><a href='https:\/\/www.glm.de\/en\/wp-content\/uploads\/2021\/02\/Nicole-Heartseeker-Mulo-Francel-Forever-Young-02-Sinfonia-in-F-major-Johann-Sebastian-Bach_snip.mp3'>Sinfonia in F major (Johann Sebastian Bach)<\/a><\/li><li><a href='https:\/\/www.glm.de\/en\/wp-content\/uploads\/2021\/02\/Nicole-Heartseeker-Mulo-Francel-Forever-Young-03-The-Wide-Point-Improvisation-on-G.-F.-H\u00e4ndel-Larghetto_snip.mp3'>The Wide Point (Improvisation on G. F. H\u00e4ndel: Larghetto)<\/a><\/li><li><a href='https:\/\/www.glm.de\/en\/wp-content\/uploads\/2021\/02\/Nicole-Heartseeker-Mulo-Francel-Forever-Young-04-Our-Serenade-Improvisation-on-F.-Schubert-St\u00e4ndchen_snip.mp3'>Our Serenade (Improvisation on F. Schubert: St\u00e4ndchen)<\/a><\/li><li><a href='https:\/\/www.glm.de\/en\/wp-content\/uploads\/2021\/02\/Nicole-Heartseeker-Mulo-Francel-Forever-Young-05-Mia-Bella-Mulo-Francel_snip.mp3'>Mia Bella (Mulo Francel)<\/a><\/li><li><a href='https:\/\/www.glm.de\/en\/wp-content\/uploads\/2021\/02\/Nicole-Heartseeker-Mulo-Francel-Forever-Young-06-Let-Me-Weep-Improvisation-on-G.-F.-H\u00e4ndel-Lascia-ch\u00b4io-pianga_snip.mp3'>Let Me Weep (Improvisation on G. F. H\u00e4ndel Lascia ch\u00b4io pianga)<\/a><\/li><li><a href='https:\/\/www.glm.de\/en\/wp-content\/uploads\/2021\/02\/Nicole-Heartseeker-Mulo-Francel-Forever-Young-07-Ouvre-tes-yeux-bleus-Jules-Massenet_snip.mp3'>Ouvre tes yeux bleus (Jules Massenet)<\/a><\/li><li><a href='https:\/\/www.glm.de\/en\/wp-content\/uploads\/2021\/02\/Nicole-Heartseeker-Mulo-Francel-Forever-Young-08-Dreamlike-Improvisation-on-R.-Schumann-Tr\u00e4umerei_snip.mp3'>Dreamlike (Improvisation on R. Schumann: Tr\u00e4umerei)<\/a><\/li><li><a href='https:\/\/www.glm.de\/en\/wp-content\/uploads\/2021\/02\/Nicole-Heartseeker-Mulo-Francel-Forever-Young-09-Enlarged-Heart-Improvisation-on-A.-Vivaldi-Largo-from-Cello-Sonata.-6_snip.mp3'>Enlarged Heart (Improvisation on A. Vivaldi: Largo from Cello Sonata No. 6)<\/a><\/li><li><a href='https:\/\/www.glm.de\/en\/wp-content\/uploads\/2021\/02\/Nicole-Heartseeker-Mulo-Francel-Forever-Young-10-Walking-Far-Improvisation-on-A.-Marcello-J.S.-Bach-Adagio_snip.mp3'>Walking Far (Improvisation on A. Marcello &amp; J.S. Bach: Adagio)<\/a><\/li><li><a href='https:\/\/www.glm.de\/en\/wp-content\/uploads\/2021\/02\/Nicole-Heartseeker-Mulo-Francel-Forever-Young-11-Lazy-Days-Improvisation-on-A.-K.-Ljadow-Prelude-Op.11-No.1_snip.mp3'>Lazy Days (Improvisation on A. K. Ljadow: Prelude Op.11 No.1)<\/a><\/li><li><a href='https:\/\/www.glm.de\/en\/wp-content\/uploads\/2021\/02\/Nicole-Heartseeker-Mulo-Francel-Forever-Young-12-\u00c9l\u00e9gie-Jules-Massenet_snip.mp3'>\u00c9l\u00e9gie (Jules Massenet)<\/a><\/li><li><a href='https:\/\/www.glm.de\/en\/wp-content\/uploads\/2021\/02\/Nicole-Heartseeker-Mulo-Francel-Forever-Young-13-A-Vucchella-Paolo-Tosti-Gabriele-DAnnunzio_snip.mp3'>'A Vucchella (Paolo Tosti &amp; Gabriele D'Annunzio)<\/a><\/li><li><a href='https:\/\/www.glm.de\/en\/wp-content\/uploads\/2021\/02\/Nicole-Heartseeker-Mulo-Francel-Forever-Young-14-Ave-Maria-Astor-Piazzolla_snip.mp3'>Ave Maria (Astor Piazzolla)<\/a><\/li><li><a href='https:\/\/www.glm.de\/en\/wp-content\/uploads\/2021\/02\/Nicole-Heartseeker-Mulo-Francel-Forever-Young-15-Menuett-in-G-minor-G.-F.-H\u00e4ndel-W.-Kempff_snip.mp3'>Menuett in G minor (G. F. H\u00e4ndel &amp; W. Kempff)<\/a><\/li><li><a href='https:\/\/www.glm.de\/en\/wp-content\/uploads\/2021\/02\/Nicole-Heartseeker-Mulo-Francel-Forever-Young-16-Apr\u00e8s-un-r\u00eave-Gabriel-Faur\u00e9_snip.mp3'>Apr\u00e8s un r\u00eave (Gabriel Faur\u00e9)<\/a><\/li><li><a href='https:\/\/www.glm.de\/en\/wp-content\/uploads\/2021\/02\/Nicole-Heartseeker-Mulo-Francel-Forever-Young-17-Oblivion-Astor-Piazzolla_snip.mp3'>Oblivion (Astor Piazzolla)<\/a><\/li>\t<\/ol>\n\t<\/noscript>\n\t<script type=\"application\/json\" class=\"wp-playlist-script\">{\"type\":\"audio\",\"tracklist\":true,\"tracknumbers\":true,\"images\":true,\"artists\":true,\"tracks\":[{\"src\":\"https:\\\/\\\/www.glm.de\\\/en\\\/wp-content\\\/uploads\\\/2021\\\/02\\\/Nicole-Heartseeker-Mulo-Francel-Forever-Young-01-Delight-Inside-Improvisation-on-G.-Caccini-Ave-Maria_snip.mp3\",\"type\":\"audio\\\/mpeg\",\"title\":\"Delight Inside (Improvisation on G. Caccini Ave Maria)\",\"caption\":\"\",\"description\":\"\\\"Delight Inside (Improvisation on G. Caccini Ave Maria)\\\" from Forever Young by Nicole Heartseeker &amp; Mulo Francel. Released: 2021. Track 1.\",\"meta\":[],\"image\":{\"src\":\"https:\\\/\\\/www.glm.de\\\/en\\\/wp-includes\\\/images\\\/media\\\/audio.svg\",\"width\":48,\"height\":64},\"thumb\":{\"src\":\"https:\\\/\\\/www.glm.de\\\/en\\\/wp-includes\\\/images\\\/media\\\/audio.svg\",\"width\":48,\"height\":64}},{\"src\":\"https:\\\/\\\/www.glm.de\\\/en\\\/wp-content\\\/uploads\\\/2021\\\/02\\\/Nicole-Heartseeker-Mulo-Francel-Forever-Young-02-Sinfonia-in-F-major-Johann-Sebastian-Bach_snip.mp3\",\"type\":\"audio\\\/mpeg\",\"title\":\"Sinfonia in F major (Johann Sebastian Bach)\",\"caption\":\"\",\"description\":\"\\\"Sinfonia in F major (Johann Sebastian Bach)\\\" from Forever Young by Nicole Heartseeker &amp; Mulo Francel. Track 2.\",\"meta\":[],\"image\":{\"src\":\"https:\\\/\\\/www.glm.de\\\/en\\\/wp-includes\\\/images\\\/media\\\/audio.svg\",\"width\":48,\"height\":64},\"thumb\":{\"src\":\"https:\\\/\\\/www.glm.de\\\/en\\\/wp-includes\\\/images\\\/media\\\/audio.svg\",\"width\":48,\"height\":64}},{\"src\":\"https:\\\/\\\/www.glm.de\\\/en\\\/wp-content\\\/uploads\\\/2021\\\/02\\\/Nicole-Heartseeker-Mulo-Francel-Forever-Young-03-The-Wide-Point-Improvisation-on-G.-F.-H\\u00e4ndel-Larghetto_snip.mp3\",\"type\":\"audio\\\/mpeg\",\"title\":\"The Wide Point (Improvisation on G. F. H\\u00e4ndel: Larghetto)\",\"caption\":\"\",\"description\":\"\\\"The Wide Point (Improvisation on G. F. H\\u00e4ndel: Larghetto)\\\" from Forever Young by Nicole Heartseeker &amp; Mulo Francel. Track 3.\",\"meta\":[],\"image\":{\"src\":\"https:\\\/\\\/www.glm.de\\\/en\\\/wp-includes\\\/images\\\/media\\\/audio.svg\",\"width\":48,\"height\":64},\"thumb\":{\"src\":\"https:\\\/\\\/www.glm.de\\\/en\\\/wp-includes\\\/images\\\/media\\\/audio.svg\",\"width\":48,\"height\":64}},{\"src\":\"https:\\\/\\\/www.glm.de\\\/en\\\/wp-content\\\/uploads\\\/2021\\\/02\\\/Nicole-Heartseeker-Mulo-Francel-Forever-Young-04-Our-Serenade-Improvisation-on-F.-Schubert-St\\u00e4ndchen_snip.mp3\",\"type\":\"audio\\\/mpeg\",\"title\":\"Our Serenade (Improvisation on F. Schubert: St\\u00e4ndchen)\",\"caption\":\"\",\"description\":\"\\\"Our Serenade (Improvisation on F. Schubert: St\\u00e4ndchen)\\\" from Forever Young by Nicole Heartseeker &amp; Mulo Francel. Track 4.\",\"meta\":[],\"image\":{\"src\":\"https:\\\/\\\/www.glm.de\\\/en\\\/wp-includes\\\/images\\\/media\\\/audio.svg\",\"width\":48,\"height\":64},\"thumb\":{\"src\":\"https:\\\/\\\/www.glm.de\\\/en\\\/wp-includes\\\/images\\\/media\\\/audio.svg\",\"width\":48,\"height\":64}},{\"src\":\"https:\\\/\\\/www.glm.de\\\/en\\\/wp-content\\\/uploads\\\/2021\\\/02\\\/Nicole-Heartseeker-Mulo-Francel-Forever-Young-05-Mia-Bella-Mulo-Francel_snip.mp3\",\"type\":\"audio\\\/mpeg\",\"title\":\"Mia Bella (Mulo Francel)\",\"caption\":\"\",\"description\":\"\\\"Mia Bella (Mulo Francel)\\\" from Forever Young by Nicole Heartseeker &amp; Mulo Francel. Track 5.\",\"meta\":[],\"image\":{\"src\":\"https:\\\/\\\/www.glm.de\\\/en\\\/wp-includes\\\/images\\\/media\\\/audio.svg\",\"width\":48,\"height\":64},\"thumb\":{\"src\":\"https:\\\/\\\/www.glm.de\\\/en\\\/wp-includes\\\/images\\\/media\\\/audio.svg\",\"width\":48,\"height\":64}},{\"src\":\"https:\\\/\\\/www.glm.de\\\/en\\\/wp-content\\\/uploads\\\/2021\\\/02\\\/Nicole-Heartseeker-Mulo-Francel-Forever-Young-06-Let-Me-Weep-Improvisation-on-G.-F.-H\\u00e4ndel-Lascia-ch\\u00b4io-pianga_snip.mp3\",\"type\":\"audio\\\/mpeg\",\"title\":\"Let Me Weep (Improvisation on G. F. H\\u00e4ndel Lascia ch\\u00b4io pianga)\",\"caption\":\"\",\"description\":\"\\\"Let Me Weep (Improvisation on G. F. H\\u00e4ndel Lascia ch\\u00b4io pianga)\\\" from Forever Young by Nicole Heartseeker &amp; Mulo Francel. Released: 2021. Track 6.\",\"meta\":[],\"image\":{\"src\":\"https:\\\/\\\/www.glm.de\\\/en\\\/wp-includes\\\/images\\\/media\\\/audio.svg\",\"width\":48,\"height\":64},\"thumb\":{\"src\":\"https:\\\/\\\/www.glm.de\\\/en\\\/wp-includes\\\/images\\\/media\\\/audio.svg\",\"width\":48,\"height\":64}},{\"src\":\"https:\\\/\\\/www.glm.de\\\/en\\\/wp-content\\\/uploads\\\/2021\\\/02\\\/Nicole-Heartseeker-Mulo-Francel-Forever-Young-07-Ouvre-tes-yeux-bleus-Jules-Massenet_snip.mp3\",\"type\":\"audio\\\/mpeg\",\"title\":\"Ouvre tes yeux bleus (Jules Massenet)\",\"caption\":\"\",\"description\":\"\\\"Ouvre tes yeux bleus (Jules Massenet)\\\" from Forever Young by Nicole Heartseeker &amp; Mulo Francel. Track 7.\",\"meta\":[],\"image\":{\"src\":\"https:\\\/\\\/www.glm.de\\\/en\\\/wp-includes\\\/images\\\/media\\\/audio.svg\",\"width\":48,\"height\":64},\"thumb\":{\"src\":\"https:\\\/\\\/www.glm.de\\\/en\\\/wp-includes\\\/images\\\/media\\\/audio.svg\",\"width\":48,\"height\":64}},{\"src\":\"https:\\\/\\\/www.glm.de\\\/en\\\/wp-content\\\/uploads\\\/2021\\\/02\\\/Nicole-Heartseeker-Mulo-Francel-Forever-Young-08-Dreamlike-Improvisation-on-R.-Schumann-Tr\\u00e4umerei_snip.mp3\",\"type\":\"audio\\\/mpeg\",\"title\":\"Dreamlike (Improvisation on R. Schumann: Tr\\u00e4umerei)\",\"caption\":\"\",\"description\":\"\\\"Dreamlike (Improvisation on R. Schumann: Tr\\u00e4umerei)\\\" from Forever Young by Nicole Heartseeker &amp; Mulo Francel. Track 8.\",\"meta\":[],\"image\":{\"src\":\"https:\\\/\\\/www.glm.de\\\/en\\\/wp-includes\\\/images\\\/media\\\/audio.svg\",\"width\":48,\"height\":64},\"thumb\":{\"src\":\"https:\\\/\\\/www.glm.de\\\/en\\\/wp-includes\\\/images\\\/media\\\/audio.svg\",\"width\":48,\"height\":64}},{\"src\":\"https:\\\/\\\/www.glm.de\\\/en\\\/wp-content\\\/uploads\\\/2021\\\/02\\\/Nicole-Heartseeker-Mulo-Francel-Forever-Young-09-Enlarged-Heart-Improvisation-on-A.-Vivaldi-Largo-from-Cello-Sonata.-6_snip.mp3\",\"type\":\"audio\\\/mpeg\",\"title\":\"Enlarged Heart (Improvisation on A. Vivaldi: Largo from Cello Sonata No. 6)\",\"caption\":\"\",\"description\":\"\\\"Enlarged Heart (Improvisation on A. Vivaldi: Largo from Cello Sonata No. 6)\\\" from Forever Young by Nicole Heartseeker &amp; Mulo Francel. Track 9.\",\"meta\":[],\"image\":{\"src\":\"https:\\\/\\\/www.glm.de\\\/en\\\/wp-includes\\\/images\\\/media\\\/audio.svg\",\"width\":48,\"height\":64},\"thumb\":{\"src\":\"https:\\\/\\\/www.glm.de\\\/en\\\/wp-includes\\\/images\\\/media\\\/audio.svg\",\"width\":48,\"height\":64}},{\"src\":\"https:\\\/\\\/www.glm.de\\\/en\\\/wp-content\\\/uploads\\\/2021\\\/02\\\/Nicole-Heartseeker-Mulo-Francel-Forever-Young-10-Walking-Far-Improvisation-on-A.-Marcello-J.S.-Bach-Adagio_snip.mp3\",\"type\":\"audio\\\/mpeg\",\"title\":\"Walking Far (Improvisation on A. Marcello &amp; J.S. Bach: Adagio)\",\"caption\":\"\",\"description\":\"\\\"Walking Far (Improvisation on A. Marcello &amp; J.S. Bach: Adagio)\\\" from Forever Young by Nicole Heartseeker &amp; Mulo Francel. Track 10.\",\"meta\":[],\"image\":{\"src\":\"https:\\\/\\\/www.glm.de\\\/en\\\/wp-includes\\\/images\\\/media\\\/audio.svg\",\"width\":48,\"height\":64},\"thumb\":{\"src\":\"https:\\\/\\\/www.glm.de\\\/en\\\/wp-includes\\\/images\\\/media\\\/audio.svg\",\"width\":48,\"height\":64}},{\"src\":\"https:\\\/\\\/www.glm.de\\\/en\\\/wp-content\\\/uploads\\\/2021\\\/02\\\/Nicole-Heartseeker-Mulo-Francel-Forever-Young-11-Lazy-Days-Improvisation-on-A.-K.-Ljadow-Prelude-Op.11-No.1_snip.mp3\",\"type\":\"audio\\\/mpeg\",\"title\":\"Lazy Days (Improvisation on A. K. Ljadow: Prelude Op.11 No.1)\",\"caption\":\"\",\"description\":\"\\\"Lazy Days (Improvisation on A. K. Ljadow: Prelude Op.11 No.1)\\\" from Forever Young by Nicole Heartseeker &amp; Mulo Francel. Track 11.\",\"meta\":[],\"image\":{\"src\":\"https:\\\/\\\/www.glm.de\\\/en\\\/wp-includes\\\/images\\\/media\\\/audio.svg\",\"width\":48,\"height\":64},\"thumb\":{\"src\":\"https:\\\/\\\/www.glm.de\\\/en\\\/wp-includes\\\/images\\\/media\\\/audio.svg\",\"width\":48,\"height\":64}},{\"src\":\"https:\\\/\\\/www.glm.de\\\/en\\\/wp-content\\\/uploads\\\/2021\\\/02\\\/Nicole-Heartseeker-Mulo-Francel-Forever-Young-12-\\u00c9l\\u00e9gie-Jules-Massenet_snip.mp3\",\"type\":\"audio\\\/mpeg\",\"title\":\"\\u00c9l\\u00e9gie (Jules Massenet)\",\"caption\":\"\",\"description\":\"\\\"\\u00c9l\\u00e9gie (Jules Massenet)\\\" from Forever Young by Nicole Heartseeker &amp; Mulo Francel. Track 12.\",\"meta\":[],\"image\":{\"src\":\"https:\\\/\\\/www.glm.de\\\/en\\\/wp-includes\\\/images\\\/media\\\/audio.svg\",\"width\":48,\"height\":64},\"thumb\":{\"src\":\"https:\\\/\\\/www.glm.de\\\/en\\\/wp-includes\\\/images\\\/media\\\/audio.svg\",\"width\":48,\"height\":64}},{\"src\":\"https:\\\/\\\/www.glm.de\\\/en\\\/wp-content\\\/uploads\\\/2021\\\/02\\\/Nicole-Heartseeker-Mulo-Francel-Forever-Young-13-A-Vucchella-Paolo-Tosti-Gabriele-DAnnunzio_snip.mp3\",\"type\":\"audio\\\/mpeg\",\"title\":\"'A Vucchella (Paolo Tosti &amp; Gabriele D'Annunzio)\",\"caption\":\"\",\"description\":\"\\\"'A Vucchella (Paolo Tosti &amp; Gabriele D'Annunzio)\\\" from Forever Young by Nicole Heartseeker &amp; Mulo Francel. Track 13.\",\"meta\":[],\"image\":{\"src\":\"https:\\\/\\\/www.glm.de\\\/en\\\/wp-includes\\\/images\\\/media\\\/audio.svg\",\"width\":48,\"height\":64},\"thumb\":{\"src\":\"https:\\\/\\\/www.glm.de\\\/en\\\/wp-includes\\\/images\\\/media\\\/audio.svg\",\"width\":48,\"height\":64}},{\"src\":\"https:\\\/\\\/www.glm.de\\\/en\\\/wp-content\\\/uploads\\\/2021\\\/02\\\/Nicole-Heartseeker-Mulo-Francel-Forever-Young-14-Ave-Maria-Astor-Piazzolla_snip.mp3\",\"type\":\"audio\\\/mpeg\",\"title\":\"Ave Maria (Astor Piazzolla)\",\"caption\":\"\",\"description\":\"\\\"Ave Maria (Astor Piazzolla)\\\" from Forever Young by Nicole Heartseeker &amp; Mulo Francel. Track 14.\",\"meta\":[],\"image\":{\"src\":\"https:\\\/\\\/www.glm.de\\\/en\\\/wp-includes\\\/images\\\/media\\\/audio.svg\",\"width\":48,\"height\":64},\"thumb\":{\"src\":\"https:\\\/\\\/www.glm.de\\\/en\\\/wp-includes\\\/images\\\/media\\\/audio.svg\",\"width\":48,\"height\":64}},{\"src\":\"https:\\\/\\\/www.glm.de\\\/en\\\/wp-content\\\/uploads\\\/2021\\\/02\\\/Nicole-Heartseeker-Mulo-Francel-Forever-Young-15-Menuett-in-G-minor-G.-F.-H\\u00e4ndel-W.-Kempff_snip.mp3\",\"type\":\"audio\\\/mpeg\",\"title\":\"Menuett in G minor (G. F. H\\u00e4ndel &amp; W. Kempff)\",\"caption\":\"\",\"description\":\"\\\"Menuett in G minor (G. F. H\\u00e4ndel &amp; W. Kempff)\\\" from Forever Young by Nicole Heartseeker &amp; Mulo Francel. Track 15.\",\"meta\":[],\"image\":{\"src\":\"https:\\\/\\\/www.glm.de\\\/en\\\/wp-includes\\\/images\\\/media\\\/audio.svg\",\"width\":48,\"height\":64},\"thumb\":{\"src\":\"https:\\\/\\\/www.glm.de\\\/en\\\/wp-includes\\\/images\\\/media\\\/audio.svg\",\"width\":48,\"height\":64}},{\"src\":\"https:\\\/\\\/www.glm.de\\\/en\\\/wp-content\\\/uploads\\\/2021\\\/02\\\/Nicole-Heartseeker-Mulo-Francel-Forever-Young-16-Apr\\u00e8s-un-r\\u00eave-Gabriel-Faur\\u00e9_snip.mp3\",\"type\":\"audio\\\/mpeg\",\"title\":\"Apr\\u00e8s un r\\u00eave (Gabriel Faur\\u00e9)\",\"caption\":\"\",\"description\":\"\\\"Apr\\u00e8s un r\\u00eave (Gabriel Faur\\u00e9)\\\" from Forever Young by Nicole Heartseeker &amp; Mulo Francel. Track 16.\",\"meta\":[],\"image\":{\"src\":\"https:\\\/\\\/www.glm.de\\\/en\\\/wp-includes\\\/images\\\/media\\\/audio.svg\",\"width\":48,\"height\":64},\"thumb\":{\"src\":\"https:\\\/\\\/www.glm.de\\\/en\\\/wp-includes\\\/images\\\/media\\\/audio.svg\",\"width\":48,\"height\":64}},{\"src\":\"https:\\\/\\\/www.glm.de\\\/en\\\/wp-content\\\/uploads\\\/2021\\\/02\\\/Nicole-Heartseeker-Mulo-Francel-Forever-Young-17-Oblivion-Astor-Piazzolla_snip.mp3\",\"type\":\"audio\\\/mpeg\",\"title\":\"Oblivion (Astor Piazzolla)\",\"caption\":\"\",\"description\":\"\\\"Oblivion (Astor Piazzolla)\\\" from Forever Young by Nicole Heartseeker &amp; Mulo Francel. Released: 2021. Track 17.\",\"meta\":[],\"image\":{\"src\":\"https:\\\/\\\/www.glm.de\\\/en\\\/wp-includes\\\/images\\\/media\\\/audio.svg\",\"width\":48,\"height\":64},\"thumb\":{\"src\":\"https:\\\/\\\/www.glm.de\\\/en\\\/wp-includes\\\/images\\\/media\\\/audio.svg\",\"width\":48,\"height\":64}}]}<\/script>\n<\/div>\n\t\n<p><strong>A relaxed conversation. A fascinating dialogue. Across stylistic and temporal boundaries, a saxophone and a piano communicate with the old masters.<\/strong><\/p>\n<p><strong>With a spirit of freedom and sensitivity, the duo Nicole Heartseeker and Mulo Francel spans a connection from the now to the classical era. Composers from Bach to Caccini, Schubert, Schumann to Piazzolla are given a completely new listening perspective and fall into a musical fountain of youth.<\/strong><\/p>\n<p>Saxophonist <strong>Mulo Francel<\/strong> describes the basic idea of the album:<\/p>\n<p>&#8220;One of those old masters. One of the great ones.<br \/>\nBach.<br \/>\nOr Vivaldi.<br \/>\nOr Handel.<br \/>\nBriefly, I stand with him. Whether it would be all right with him if we played his music.<br \/>\nIf my tenor sax from the Paris of the 50&#8217;s would blend into his sounds of yesteryear.<br \/>\nA question and the hope of a smile.&#8221;<\/p>\n<p>What emerged is a magic moment at its own &#8211; not of classical music and probably not of jazz. Perhaps just a magic moment in the vastness in between. A shining arc across. To Johann Sebastian. To other heroes. A ray into the eternity of the universe.<\/p>\n<p><strong>Nicole Heartseeker<\/strong> started on the organ as a young student and continued her masterclass studies in Cembalo and piano. She placed an emphasis on the works of Johann Sebastian Bach, Max Reger and the preservation of historical musical traditions. During her intensive study of sacred organ music, she developed the desire to transfer this specific art of music-making to the piano. After her training as a classical musician, Nicole Heartseeker increasingly realized unusual projects. With her unique blend of classical, jazz and world music, she defies the usual notions of genre boundaries.<\/p>\n<p>Nicole Heartseeker describes the impulse for the album forever young:<\/p>\n<p>&#8220;These are compositions that have been with me all my life.<br \/>\nThis pure music, fixed in every detail, structured with a divine harmonic order.<br \/>\nThen came Mulo. An evening with friends, lots of wine, I sat down at the piano and played the Adagio by Marcello &amp; Bach. He took his saxophone and unabashedly dissolved the melodic structures. I wanted to capture the fascination of this moment. That&#8217;s how the idea for forever young was born.&#8221;<\/p>\n<p><strong>Together<\/strong>, Heartseeker and Francel have been experimenting since 2007 in a meeting of sacred music, classical music and improvisation.<\/p>\n<p>The duo&#8217;s debut, Angel Affair, was released in 2009 as a highly acclaimed album for saxophone and church organ. In the following years, numerous concerts followed, mainly in churches.<\/p>\n","protected":false},"excerpt":{"rendered":"<p>Release: 26.03.2021<br \/>\n<a class=\"button smart_link_button\" href=\"https:\/\/www.glm.lnk.to\/ForEverYoungWE\" target=\"_blank\" rel=\"noopener\">Choose your store!<\/a><\/p>\n","protected":false},"featured_media":5688,"comment_status":"open","ping_status":"closed","template":"","meta":[],"product_brand":[],"product_cat":[604,979,303,980],"product_tag":[],"class_list":{"0":"post-5687","1":"product","2":"type-product","3":"status-publish","4":"has-post-thumbnail","6":"product_cat-fine-music","7":"product_cat-heartseeker-francel","8":"product_cat-mulo-francel-2","9":"product_cat-nicole-heartseeker","11":"first","12":"instock","13":"taxable","14":"shipping-taxable","15":"product-type-external"},"_links":{"self":[{"href":"https:\/\/www.glm.de\/en\/wp-json\/wp\/v2\/product\/5687"}],"collection":[{"href":"https:\/\/www.glm.de\/en\/wp-json\/wp\/v2\/product"}],"about":[{"href":"https:\/\/www.glm.de\/en\/wp-json\/wp\/v2\/types\/product"}],"replies":[{"embeddable":true,"href":"https:\/\/www.glm.de\/en\/wp-json\/wp\/v2\/comments?post=5687"}],"wp:featuredmedia":[{"embeddable":true,"href":"https:\/\/www.glm.de\/en\/wp-json\/wp\/v2\/media\/5688"}],"wp:attachment":[{"href":"https:\/\/www.glm.de\/en\/wp-json\/wp\/v2\/media?parent=5687"}],"wp:term":[{"taxonomy":"product_brand","embeddable":true,"href":"https:\/\/www.glm.de\/en\/wp-json\/wp\/v2\/product_brand?post=5687"},{"taxonomy":"product_cat","embeddable":true,"href":"https:\/\/www.glm.de\/en\/wp-json\/wp\/v2\/product_cat?post=5687"},{"taxonomy":"product_tag","embeddable":true,"href":"https:\/\/www.glm.de\/en\/wp-json\/wp\/v2\/product_tag?post=5687"}],"curies":[{"name":"wp","href":"https:\/\/api.w.org\/{rel}","templated":true}]}}