{"id":6339,"date":"2022-06-14T12:09:09","date_gmt":"2022-06-14T10:09:09","guid":{"rendered":"https:\/\/www.glm.de\/en\/?post_type=product&#038;p=6339"},"modified":"2022-06-14T12:13:11","modified_gmt":"2022-06-14T10:13:11","slug":"duo-oltheten-gomide-brasis","status":"publish","type":"product","link":"https:\/\/www.glm.de\/en\/product\/duo-oltheten-gomide-brasis\/","title":{"rendered":"DUO OLTHETEN-GOMIDE \u2013 BRASIS"},"content":{"rendered":"<p><strong>Daphne Oltheten<\/strong>\u00a0\u2013 violin<br \/>\n<strong>Henrique Gomide<\/strong>\u00a0\u2013 piano<\/p>\n<p>When an artist and his work break through the frontiers of his home territory and achieve wide international acclaim, people tend to talk about the benefits \u2013 of which there are many \u2013 while generally ignoring at least one prejudice: the distorted and unjust musical generalization of a nation.<\/p>\n<p>In the case of Brazil, this has happened before. In the 1960s, the record \u201cGetz\/Gilberto\u201d \u2013 which brought the Brazilian artists Jo\u00e3o Gilberto, Tom Jobim and Astrud Gilberto together with the North American saxophonist Stan Getz \u2013 sold millions of copies, won Grammies and stayed on the Billboard charts for almost 100 weeks. The consequences? Brazil became \u201cThe Country of Bossa Nova\u201d, as if the country transformed into a commercial label, a sort of picture postcard of a single musical style.<\/p>\n<p>That phenomenon was no novelty. Years earlier, Carmen Miranda hypnotized Hollywood and, because of this, not only Brazil but all of South America was reduced to one single thing: the reductionist stereotype of cheerful, festive, carnivalesque, na\u00efve and simplistic Samba.<\/p>\n<p>As if it were possible to translate into just one musical genre a country of continental dimensions which has produced countless styles such as <em>forr\u00f3<\/em>,<em> choro<\/em>,<em> maracatu<\/em>, <em>samba<\/em>,<em> bai\u00e3o<\/em>, waltz, <em>maxixe<\/em>,<em> toada<\/em>, <em>embolada<\/em>, <em>catira<\/em>, <em>ijex\u00e1<\/em>, <em>pagode<\/em>,<em> jongo<\/em>, <em>repente<\/em>, etc., all of them created for the most varied instrumental formations and also in the form of song.<\/p>\n<p>With the intension of revealing to the world a submerged part of this musical iceberg called Brazil, the duo formed by Daphne Oltheten (violin) and Henrique Gomide (piano) have plunged into the works of composers still little known around the world. Part of the beauty gathered by the violinist and pianist are the 12 tracks on this album which couldn\u2019t be christened with any other name than \u201cBrasis\u201d \u2013 Portuguese for \u201cBrazils\u201d.<\/p>\n<p>One of the composers the duo pay homage to is Elomar (Elomar Figueira de Melo), a sort of minstrel creator of songs and extremely complex works \u2013 both in poetic and musical terms \u2013 that find inspiration in the motifs and traditions of his country, where he lives isolated from the two great Brazilian urban centers\/metropolises. His work can be imagined as a duel between Shakespeare and Cervantes in the middle of the caatinga in the interior of the state of Bahia. Oltheten-Gomide perform his work \u201cBespa\u201d, the opening of the opera \u201cAuto da Caatingueira\u201d.<\/p>\n<p>Henrique and Daphne also elaborate on the compositions of other great modernizers of Brazilian music at the beginning of the 20<sup>th<\/sup> century. From Garoto (An\u00edbal Augusto Sardinha, 1915-1955, considered the \u201cfather of modern Brazilian guitar\u201d), the duo present the pieces \u201cDesvairada\u201d and \u201cDebussyana\u201d, along with the absolutely beautiful yet nearly forgotten waltz \u201cLuar de Areal\u201d. This is the first time that Garoto\u2019s jewel has been recorded since the 1950s, when it was performed on Brazilian\u2019s national Radio by the violinist Faf\u00e1 Lemos accompanied by the composer himself on guitar.<\/p>\n<p>From the other great composer and arranger, the Pernambucan Moacir Santos (1926-2006), Henrique and Daphne perform \u201cFlores\u201d and \u201cVaidoso\u201d, the latter with the participation of the German trumpet player Matthias Shcriefl (winner of the German jazz prize \u201cNeuer Deutscher Jazzpreis\u201d in 2019). In these two <em>choros<\/em>, as well as on the rest of the album, the praiseworthy intention of the Oltheten-Gomide duo is clear: to uncover the beauty of these two compositions without over-deconstructing them; after all, they are presenting the works of artists here who even today remain restricted to a small bubble of listeners.<\/p>\n<p>Apart from Moacir, the revelations continue with pieces from other artists born in the northwest of Brazil. The duo plays \u201cCanhoto\u201d from the Pernambucan accordion player Mestre Camar\u00e3o (Reginaldo Alves Ferreira, 1940-2015), \u201cMontreux\u201d from the Alagoano and multi-instrumentalist Hermeto Pascoal.<\/p>\n<p>Another musician the duo included in the program is Guinga (Carlos Althier de Souza Lemos Escobar), who, put simply, is one of the great world composers of today. Raised in the suburbs of Rio de Janeiro, the violinist and singer combines as no one else an infinity of influences that range from the various Brazilian traditions to the different languages of jazz and classical music. Like other renowned musicians including Esperanza Spalding, Michel Legrand and Paco de Lucia \u2013 who described the Brazilian artist as follows: \u201cI wanted to trade my musical universe for his\u201d -, Gomide and Oltheten were also hooked by Guinga\u2019s sonorous paintings. From him, they have included the works \u201cPucciniana\u201d and \u201cMeu pai\u201d (with vocals by the Venezuelan Yma America).<\/p>\n<p>Among pieces by contemporary and younger composers, the duo chose to record \u201cQuase Caindo\u201d, by the violinist Ricardo Herz, with the participation of the Dutch drummer Antoine Duijkers and his interesting percussion set with tambours from Mali and Senegal. The repertoire also includes \u201cShot #4\u201d, a composition by Henrique Gomide, in partnership with the drummer Jo\u00e3o Fideles, long-time friend fellow member of the piano trio Caixa Cubo.<\/p>\n<p>Before this project named so adequately \u201cBrasis\u201d \u2013 Brazils \u2013 we can only express our gratitude to Daphne and Henrique for helping to sow the seed around the world of an important part of the rhythmic, harmonic and melodic richness that sprouted so fruitfully in Brazilian music soil. (<strong><em>Lucas Nobile <\/em><\/strong><em>is a journalist and the author of \u201cRaphael Rabello: o viol\u00e3o em erup\u00e7\u00e3o\u201d (2018), \u201cDona Ivone Lara: A Primeira-Dama do Samba\u201d (2015) and some of the volumes of \u201cCole\u00e7\u00e3o Folha \u2013 Tom Jobim\u201d (2013). He worked as a music reporter for the newspapers Folha de S. Paulo and O Estado de S. Paulo, besides having had successful collaborations for Instituto Moreira Salles (IMS \u2013 R\u00e1dio Batuta), Apple Music, O Globo, Bravo!, Rolling Stone, Clar\u00edn, Carta Capital, UOL and Pr\u00eamio da M\u00fasica Brasileira<\/em><em>.)<\/em><\/p>\n<p><a href=\"https:\/\/www.henriquegomide.com\/duo-oltheten-gomide\">https:\/\/www.henriquegomide.com\/duo-oltheten-gomide<\/a><\/p>\n<p>&nbsp;<\/p>\n<p>&nbsp;<\/p>\n","protected":false},"excerpt":{"rendered":"<p>Release: 09.09.2022<br \/>\n<a class=\"button smart_link_button\" href=\"https:\/\/glmmusic.de\/BrasisWE\" target=\"_blank\" rel=\"noopener\">Choose your store!<\/a><\/p>\n","protected":false},"featured_media":6341,"comment_status":"open","ping_status":"closed","template":"","meta":[],"product_brand":[],"product_cat":[1102,604,1103,1104],"product_tag":[],"class_list":{"0":"post-6339","1":"product","2":"type-product","3":"status-publish","4":"has-post-thumbnail","6":"product_cat-daphne-oltheten","7":"product_cat-fine-music","8":"product_cat-henrique-gomide","9":"product_cat-oltheten-gomide","11":"first","12":"instock","13":"taxable","14":"shipping-taxable","15":"product-type-external"},"_links":{"self":[{"href":"https:\/\/www.glm.de\/en\/wp-json\/wp\/v2\/product\/6339"}],"collection":[{"href":"https:\/\/www.glm.de\/en\/wp-json\/wp\/v2\/product"}],"about":[{"href":"https:\/\/www.glm.de\/en\/wp-json\/wp\/v2\/types\/product"}],"replies":[{"embeddable":true,"href":"https:\/\/www.glm.de\/en\/wp-json\/wp\/v2\/comments?post=6339"}],"wp:featuredmedia":[{"embeddable":true,"href":"https:\/\/www.glm.de\/en\/wp-json\/wp\/v2\/media\/6341"}],"wp:attachment":[{"href":"https:\/\/www.glm.de\/en\/wp-json\/wp\/v2\/media?parent=6339"}],"wp:term":[{"taxonomy":"product_brand","embeddable":true,"href":"https:\/\/www.glm.de\/en\/wp-json\/wp\/v2\/product_brand?post=6339"},{"taxonomy":"product_cat","embeddable":true,"href":"https:\/\/www.glm.de\/en\/wp-json\/wp\/v2\/product_cat?post=6339"},{"taxonomy":"product_tag","embeddable":true,"href":"https:\/\/www.glm.de\/en\/wp-json\/wp\/v2\/product_tag?post=6339"}],"curies":[{"name":"wp","href":"https:\/\/api.w.org\/{rel}","templated":true}]}}