{"id":677,"date":"2014-01-15T10:00:29","date_gmt":"2014-01-15T08:00:29","guid":{"rendered":"http:\/\/www.glm.de\/?post_type=product&#038;p=677"},"modified":"2019-11-05T15:43:41","modified_gmt":"2019-11-05T13:43:41","slug":"julie-fellmann-nacht-der-einsamen","status":"publish","type":"product","link":"https:\/\/www.glm.de\/en\/product\/julie-fellmann-nacht-der-einsamen\/","title":{"rendered":"Julie Fellmann &#8211; Nacht der Einsamen"},"content":{"rendered":"<p><strong>Michael Fitz<\/strong> Sprecher<br \/>\n<strong>Caroline Ebner<\/strong> Sprecherin<br \/>\n<strong>Susanne Muhr<\/strong> Sprecherin<br \/>\n<strong>Mulo Francel<\/strong> Saxophone, Klarinetten, Monochord, Piano, Gitarre, Mandola<br \/>\n<strong>D.D. Lowka<\/strong> Kontrabass, Cello, Schlagwerk, Xylophon<br \/>\n<strong>Evelyn Huber<\/strong> Harfe, Hackbrett<br \/>\n<strong>Andreas Hinterseher<\/strong> Akkordeon, Bandoneon, Vibrandoneon<br \/>\n<strong>Eva Kuhrau<\/strong> Gesang<br \/>\n<strong>Nicole Heartseeker<\/strong> Orgel<br \/>\n<strong>Ralph St\u00f6vesandt<\/strong> Singende S\u00e4ge, Gitarre bei Kriminal Swing<\/p>\n<p>Eine kalte Nebelnacht. Eine einsame Spazierg\u00e4ngerin im Wald. Ein Marterl, das an eine alte Schuld erinnert\u2026 In der kleinen Gemeinde Birk vor den s\u00fcdlichen Toren M\u00fcnchens wird der B\u00fcrgermeister tot aufgefunden, erh\u00e4ngt im eigenen Wohnzimmer. In der gleichen Nacht wird im Wald von Birk die Grundschuldirektorin des Ortes erdrosselt. In ihrer Manteltasche findet sich eine Streichholzschachtel mit der Aufschrift Luciferin. Kommissar Garcia, ein M\u00fcnchner Charming Boy mit Tiefgang und sein f\u00fcnfk\u00f6pfiges Team suchen fieberhaft nach der Verbindung zwischen den beiden Morden. Treibt ein psychisch gest\u00f6rter W\u00fcrger sein Unwesen oder gibt es einen tieferen Zusammenhang? Ein Krimi, der tiefe Einblicke in die Abgr\u00fcnde der menschlichen Seele gew\u00e4hrt und gruselige Schauer \u00fcber den R\u00fccken laufen l\u00e4sst. Bis zur letzten Sekunde spannend, fiebert der Leser nicht nur der Aufl\u00f6sung des Falles entgegen, sondern wird auch von der zarten Ann\u00e4herung zwischen dem draufg\u00e4ngerischen Kommissar Garcia und seiner patenten Kollegin Franzi in den Bann gezogen.<\/p>\n<p><strong>Julie Fellmann<\/strong>, 1970 in Paris geboren, ist seit ihrem zweiten Lebensjahr ein richtiges M\u00fcnchner Kindl. Sie hat Germanistik und Geschichte studiert und viele Jahre als Autorin und Dramaturgin beim Fernsehen gearbeitet, unter anderem f\u00fcr die ZDF-Serie \u201eEin Fall f\u00fcr zwei\u201c, wo sie zu einer echten Krimispezialistin geworden ist. Mit ihrer Familie lebt sie in einer kleinen Gemeinde im M\u00fcnchner S\u00fcden, die einige \u00c4hnlichkeiten zu Birk aufzuweisen hat \u2026 (Foto Julie)<\/p>\n<p>Der Schauspieler <strong>Michael Fitz<\/strong> ist aus der deutschen Film- und TV-Landschaft nicht mehr wegzudenken. Bekannt wurde er v.a. durch seine Rolle als Oberkommissar Carlo Menzinger im M\u00fcnchner Tatort.<\/p>\n<p><strong>Caroline Ebner<\/strong> machte ihre Schauspielausbildung an der Folkwang Hochschule in Essen. Nach langj\u00e4hrigen Engagements am D\u00fcsseldorfer Schauspielhaus, dem Deutschen Schauspielhaus Hamburg und den M\u00fcnchner Kammerspielen ist sie inzwischen freischaffend als Schauspielerin, Sprecherin und Autorin t\u00e4tig.<\/p>\n<p><strong>Quadro Nuevo<\/strong> tourt seit 1996 durch die L\u00e4nder der Welt und gab bereits \u00fcber 2500 Konzerte. In dieser Zeit hat das Instrumental-Quartett abseits der g\u00e4ngigen Genre-Schubladen eine ganz eigene Sprache der Tonpoesie entwickelt. Sie ist gepr\u00e4gt von der leidenschaftlichen Liebe zum Instrument und von gr\u00f6\u00dfter Spielfreude. Das Geheimnis ist Hingabe: Selten hat man erlebt, dass Musik mit so viel Spannung, Verve und Einf\u00fchlungsverm\u00f6gen in fremde Kulturen dargeboten wird.<\/p>\n","protected":false},"excerpt":{"rendered":"<p><a class=\"button smart_link_button\" href=\"https:\/\/smarturl.it\/nachtdereinsamen\" target=\"_blank\" rel=\"noopener\">Choose your store!<\/a><\/p>\n","protected":false},"featured_media":678,"comment_status":"open","ping_status":"closed","template":"","meta":[],"product_brand":[],"product_cat":[288,638],"product_tag":[628,671,629,632,164,626,69,132,131,623,79],"class_list":{"0":"post-677","1":"product","2":"type-product","3":"status-publish","4":"has-post-thumbnail","6":"product_cat-hoerbuecher","7":"product_cat-julie-fellmann","8":"product_tag-andreas-hinterseher","9":"product_tag-caroline-ebner","10":"product_tag-didi-lowka","11":"product_tag-evelyn-huber","12":"product_tag-michael-fitz","13":"product_tag-mulo-francel","14":"product_tag-nicole-heartseeker","15":"product_tag-nuevo","16":"product_tag-quadro","17":"product_tag-quadro-nuevo","18":"product_tag-ralph-stoevesandt","20":"first","21":"instock","22":"taxable","23":"shipping-taxable","24":"product-type-external"},"_links":{"self":[{"href":"https:\/\/www.glm.de\/en\/wp-json\/wp\/v2\/product\/677"}],"collection":[{"href":"https:\/\/www.glm.de\/en\/wp-json\/wp\/v2\/product"}],"about":[{"href":"https:\/\/www.glm.de\/en\/wp-json\/wp\/v2\/types\/product"}],"replies":[{"embeddable":true,"href":"https:\/\/www.glm.de\/en\/wp-json\/wp\/v2\/comments?post=677"}],"wp:featuredmedia":[{"embeddable":true,"href":"https:\/\/www.glm.de\/en\/wp-json\/wp\/v2\/media\/678"}],"wp:attachment":[{"href":"https:\/\/www.glm.de\/en\/wp-json\/wp\/v2\/media?parent=677"}],"wp:term":[{"taxonomy":"product_brand","embeddable":true,"href":"https:\/\/www.glm.de\/en\/wp-json\/wp\/v2\/product_brand?post=677"},{"taxonomy":"product_cat","embeddable":true,"href":"https:\/\/www.glm.de\/en\/wp-json\/wp\/v2\/product_cat?post=677"},{"taxonomy":"product_tag","embeddable":true,"href":"https:\/\/www.glm.de\/en\/wp-json\/wp\/v2\/product_tag?post=677"}],"curies":[{"name":"wp","href":"https:\/\/api.w.org\/{rel}","templated":true}]}}