{"id":747,"date":"2014-02-06T13:01:18","date_gmt":"2014-02-06T11:01:18","guid":{"rendered":"http:\/\/www.glm.de\/?post_type=product&#038;p=747"},"modified":"2023-02-23T17:54:32","modified_gmt":"2023-02-23T15:54:32","slug":"maximilian-geller-alpenrosen","status":"publish","type":"product","link":"https:\/\/www.glm.de\/en\/product\/maximilian-geller-alpenrosen\/","title":{"rendered":"Maximilian Geller &#8211; Alpenrosen"},"content":{"rendered":"<p><strong>Maximilian Geller<\/strong> Alto Saxophone<br \/>\n<strong>Herbert Pixner<\/strong> Diatonic Accordion<br \/>\n<strong>Walter Lang<\/strong> Piano<br \/>\n<strong>Thomas Stabenow<\/strong> Bass<br \/>\n<strong>Hajo von Hadeln<\/strong> Drums<br \/>\n<strong>Marco Lobo<\/strong> Percussion<br \/>\n<strong>Lisa Wahlandt<\/strong> Vocal<br \/>\n<strong>Peter Tuscher<\/strong> Trumpet<\/p>\n<p>1. <strong>Landler in A flat<\/strong> <em>(Bearb. v.: Walter Lang)<\/em> 3:58<br \/>\n2. <strong>Isarm\u00e4rchen<\/strong> <em>(Bearb. v.: Walter Lang)<\/em> 4:05<br \/>\n3. <strong>B\u00fcebele Liabele<\/strong> <em>(Bearb. v.: Walter Lang)<\/em> 4:13<br \/>\n4. <strong>A Jodel Landler<\/strong> <em>(Bearb. v.: Walter Lang)<\/em> 3:52<br \/>\n5. <strong>Z&#8217;Basel a mim Rhy<\/strong> <em>(Bearb. v.: Walter Lang)<\/em> 3:43<br \/>\n6. <strong>Auf Der Alm Da Gibts Koa S\u00fcnd<\/strong> <em>(Bearb. v.: Walter Lang)<\/em> 5:03<br \/>\n7. <strong>Wo Berge Sich Erheben<\/strong> <em>(Bearb. v.: Walter Lang)<\/em> 4:19<br \/>\n8. <strong>Alpbach Jodler<\/strong> <em>(Bearb. v.: Walter Lang)<\/em> 2:33<br \/>\n9. <strong>Leiteln Miasts Lustig Sein<\/strong> <em>(Bearb. v.: Walter Lang)<\/em> 3:23<br \/>\n10. <strong>Es Bureb\u00fcebli<\/strong> <em>(Bearb. v.: Walter Lang)<\/em> 3:49<br \/>\n11. <strong>Neuschwansteinlied<\/strong> <em>(Bearb. v.: Walter Lang)<\/em> 3:49<br \/>\n12. <strong>Guter Mond<\/strong> <em>(Bearb. v.: Walter Lang)<\/em> 2:42<br \/>\n13. <strong>Vo Luzern Uf W\u00e4ggis Zue<\/strong> <em>(Bearb. v.: Walter Lang)<\/em> 3:26<\/p>\n<p>&nbsp;<\/p>\n<p>Urspr\u00fcngliche Melodien &#8211; Heimatkl\u00e4nge &#8211; wiederentdeckt und neu empfunden Alte Volkslieder aus Bayern, \u00d6sterreich und der Schweiz &#8211; reharmonisiert und spannend arrangiert. Gespielt von Musikern aus dem Alpenraum &#8211; gew\u00fcrzt mit der Farbe des Jazz und den Rhythmen Lateinamerikas.<\/p>\n<p>Mit dem neuen Album &#8216;Alpenrosen&#8217; setzt Maximilian Geller eindrucksvoll seine innovative CD-Reihe fort, in der er konsequent und immer wieder \u00fcberraschend ganz andere musikalische Genres in die Sprache des Jazz \u00fcbersetzt. So erscheint es pl\u00f6tzlich nicht mehr verwunderlich, dass sich Maximilian Geller als einer der versiertesten deutschen Jazz-Saxophonisten nun nach Mozart und klassischer Vokalmusik der alpenl\u00e4ndischen Volksmusik widmet.<\/p>\n<p>Alpenl\u00e4ndische Volksmusik?! Richtig geh\u00f6rt! Auch wenn dieses Genre sicherlich mit diversen Vorurteilen zu k\u00e4mpfen hat und Vielen diese Form traditioneller Musik aus dem Alpenraum nicht allzu anspruchsvoll erscheint &#8211; Maximilian Geller belehrt alle Zweifler mit &#8216;Alpenrosen&#8217; endlich eines Besseren. Mit seinen hochkar\u00e4tigen Mitmusikern Walter Lang (Piano), Thomas Stabenow (Bass), Hajo von Hadeln (Schlagzeug) und Herbert Pixner, der mit seinem diatonischen Akkordeon die typisch alpenl\u00e4ndische W\u00fcrze verk\u00f6rpert, verpackt er bekannte aber auch fast schon vergessene traditionelle Melodien durch raffinierte Harmonien, unerwartete Formen und Takte in ein v\u00f6llig neues und zeitgem\u00e4\u00dfes Gewand. Der Brasilianer Marco Lobo bringt mit seinen s\u00fcdamerikanischen Percussion-K\u00fcnsten eine weitere unerwartete Farbe ins Liedgut des Alpenraums. Schlie\u00dflich sind es mit der unverwechselbaren S\u00e4ngerin Lisa Wahlandt und dem virtuosen Trompeter Peter Tuscher auch noch zwei hochkar\u00e4tige G\u00e4ste, die die Extravaganz und Innovation dieses Jazz-Albums perfektionieren.<\/p>\n<p>Die Liedauswahl zeigt die sch\u00f6nsten Volksst\u00fccke aus Bayern, \u00d6sterreich und der Schweiz.<\/p>\n","protected":false},"excerpt":{"rendered":"<p><a class=\"button smart_link_button\" href=\"https:\/\/glmmusic.de\/AlpenrosenWE\" target=\"_blank\" rel=\"noopener\">Choose your store!<\/a><\/p>\n","protected":false},"featured_media":754,"comment_status":"open","ping_status":"closed","template":"","meta":[],"product_brand":[],"product_cat":[607,1296,1294,1255,1297,170,1298,1295,1270],"product_tag":[],"class_list":{"0":"post-747","1":"product","2":"type-product","3":"status-publish","4":"has-post-thumbnail","6":"product_cat-edition-collage","7":"product_cat-hajo-von-hadeln","8":"product_cat-herbert-pixner","9":"product_cat-lisa-wahlandt","10":"product_cat-marco-lobo","11":"product_cat-maximilian-geller","12":"product_cat-peter-tuscher","13":"product_cat-thomas-stabenow","14":"product_cat-walter-lang","16":"first","17":"instock","18":"taxable","19":"shipping-taxable","20":"product-type-external"},"_links":{"self":[{"href":"https:\/\/www.glm.de\/en\/wp-json\/wp\/v2\/product\/747"}],"collection":[{"href":"https:\/\/www.glm.de\/en\/wp-json\/wp\/v2\/product"}],"about":[{"href":"https:\/\/www.glm.de\/en\/wp-json\/wp\/v2\/types\/product"}],"replies":[{"embeddable":true,"href":"https:\/\/www.glm.de\/en\/wp-json\/wp\/v2\/comments?post=747"}],"wp:featuredmedia":[{"embeddable":true,"href":"https:\/\/www.glm.de\/en\/wp-json\/wp\/v2\/media\/754"}],"wp:attachment":[{"href":"https:\/\/www.glm.de\/en\/wp-json\/wp\/v2\/media?parent=747"}],"wp:term":[{"taxonomy":"product_brand","embeddable":true,"href":"https:\/\/www.glm.de\/en\/wp-json\/wp\/v2\/product_brand?post=747"},{"taxonomy":"product_cat","embeddable":true,"href":"https:\/\/www.glm.de\/en\/wp-json\/wp\/v2\/product_cat?post=747"},{"taxonomy":"product_tag","embeddable":true,"href":"https:\/\/www.glm.de\/en\/wp-json\/wp\/v2\/product_tag?post=747"}],"curies":[{"name":"wp","href":"https:\/\/api.w.org\/{rel}","templated":true}]}}