{"id":766,"date":"2014-02-06T14:42:33","date_gmt":"2014-02-06T12:42:33","guid":{"rendered":"http:\/\/www.glm.de\/?post_type=product&#038;p=766"},"modified":"2024-11-17T20:06:57","modified_gmt":"2024-11-17T18:06:57","slug":"bastian-juette-inside","status":"publish","type":"product","link":"https:\/\/www.glm.de\/en\/product\/bastian-juette-inside\/","title":{"rendered":"Bastian J\u00fctte &#8211; Inside"},"content":{"rendered":"<p><strong>Bastian J\u00fctte<\/strong> Drums, Electronics<br \/>\n<strong>Till Martin<\/strong> Tenor Sax, Bass Clarinet<br \/>\n<strong>Max Frankl<\/strong> Guitar<br \/>\n<strong>Christian Els\u00e4sser<\/strong> Piano, Fender Rhodes, Electronics<br \/>\n<strong>Andreas Kurz<\/strong> Bass<\/p>\n<p>1. <strong>Indiefication<\/strong> <em>(Bastian J\u00fctte)<\/em> 8:10<br \/>\n2. <strong>Where Are You Running?<\/strong> <em>(Bastian J\u00fctte)<\/em> 7:18<br \/>\n3. <strong>Woke Up On The Kitchen Floor<\/strong> <em>(Bastian J\u00fctte)<\/em> 6:45<br \/>\n4. <strong>Decadance<\/strong> <em>(Bastian J\u00fctte)<\/em> 5:31<br \/>\n5. <strong>Trust<\/strong> <em>(Bastian J\u00fctte)<\/em> 6:07<br \/>\n6. <strong>Aaron Parks His Car<\/strong> <em>(Bastian J\u00fctte)<\/em> 4:32<br \/>\n7. <strong>Down To The Ground<\/strong> <em>(Bastian J\u00fctte)<\/em> 5:05<br \/>\n8. <strong>Inside<\/strong> <em>(Bastian J\u00fctte)<\/em> 6:02<br \/>\n9. <strong>Sonic Sculpture<\/strong><em>(Bastian J\u00fctte)<\/em> 6:15<\/p>\n<p>&nbsp;<\/p>\n<p>Zwei Saiten eines Drummers<\/p>\n<p>Bastian J\u00fcttes Kompositionen und Klangmixturen auf &#8220;<strong>Inside<\/strong>&#8221;<\/p>\n<p>Er ist einer, der mit St\u00f6cken, Trommeln und Becken hochsensible T\u00f6ne erzeugt. In vielen Bands kann man ihn erleben, den hageren jungen Mann mit dem markanten, nichtbehaarten Haupt. Und stets ist er ein Garant f\u00fcrs Subtile. F\u00fcr feine rhythmische Nuancen &#8211; und stets auch f\u00fcr Drive und Kraft: Bastian J\u00fctte. In manchen Konzerten nimmt er f\u00fcr die Zugabe gern mal die E-Gitarre zur Hand und spielt Indierock aus eigener Feder. Das ist seine andere Saite, und auch sie klingt gut. Vor allem, weil er mitrei\u00dfend griffige St\u00fccke schreiben kann.<\/p>\n<p>Warum das eine immer ohne das andere? Hier hat man beides zugleich: den Drummer und den rockig inspirierten St\u00fccke-Erfinder. Auf &#8220;Inside&#8221; versammelt Bastian J\u00fctte als Bandleader neun Eigenkompositionen, in die er Vieles flie\u00dfen lie\u00df, was ihm gef\u00e4llt. &#8220;Jazz&#8221;, &#8220;Singer-Songwriter&#8221;, &#8220;Indierock&#8221; und &#8220;Indietronic&#8221; benennt er die Einfl\u00fcsse, aus denen er hier eigene Mixturen gebraut hat. Manchmal deuten die St\u00fccktitel schon auf die jeweiligen Kl\u00e4nge hin &#8211; mit sch\u00f6nen Wortspielen wie &#8220;Indiefication&#8221; und &#8220;Decadance&#8221;. Oder: &#8220;Aaron Parks His Car&#8221; &#8211; als Titel einer Hommage an einen einflussreichen jungen Jazzpianisten aus den USA. Auf dieser CD gibt es hypnotische Klavierk\u00fcrzel \u00fcber trashig verfremdeten Drums, rockige Gitarrenmotive, die mit melancholischen Tasten-Harmonien verzahnt sind und dann schon mal pl\u00f6tzlich Rhythmus und Tempo wechseln, r\u00e4tselhaft r\u00fcckw\u00e4rts laufende, aber dann in kantiger Klarheit aufgel\u00f6ste Tonspuren, ironisch-beil\u00e4ufige Dissonanzen, die wie ein instrumentales Augenzwinkern klingen, sublim durchh\u00e4mmernde Bass-Ostinati &#8211; und viele soghaft sch\u00f6ne Melodien. Fast ist es egal, was alles drin ist. Denn schnell stellt sich heraus, dass alles passt. Es ist aus einem Guss &#8211; und es nimmt auf ganz eigene Art gefangen. Es hat Witz und stilistische Geschlossenheit.<\/p>\n<p>Man kann diese St\u00fccke analytisch zerlegen, aber man kann sich auch einfach nur hineinfallen lassen. Mit so versierten Jazz-Partnern wie Saxophonist Till Martin, Gitarrist Max Frankl, Pianist Chistian Els\u00e4sser und Bassist Andreas Kurz zaubert Bastian J\u00fctte hier Stimmungen, die mal an instrumentale Songs, mal an musikalische Kurzfilme erinnern. Am\u00fcsante, lakonische, ungek\u00fcnstelte Filme voller Zeitkolorit, die auf ganz gelassene Art ein pers\u00f6nliches Statement abgeben. Und die auch ber\u00fchren k\u00f6nnen \u0096 bis das &#8220;Inside&#8221; des Drummers und Urhebers im Idealfall auch zum &#8220;Inside&#8221; des H\u00f6rers wird. Viel Spa\u00df damit!<\/p>\n<p>Roland Spiegel<\/p>\n","protected":false},"excerpt":{"rendered":"<p><a class=\"button smart_link_button\" href=\"https:\/\/smarturl.it\/insidebastianjuette\" target=\"_blank\" rel=\"noopener\">Choose your store!<\/a><\/p>\n","protected":false},"featured_media":767,"comment_status":"open","ping_status":"closed","template":"","meta":[],"product_brand":[],"product_cat":[84,607],"product_tag":[],"class_list":{"0":"post-766","1":"product","2":"type-product","3":"status-publish","4":"has-post-thumbnail","6":"product_cat-bastian-juette","7":"product_cat-edition-collage","9":"first","10":"instock","11":"taxable","12":"shipping-taxable","13":"product-type-external"},"_links":{"self":[{"href":"https:\/\/www.glm.de\/en\/wp-json\/wp\/v2\/product\/766"}],"collection":[{"href":"https:\/\/www.glm.de\/en\/wp-json\/wp\/v2\/product"}],"about":[{"href":"https:\/\/www.glm.de\/en\/wp-json\/wp\/v2\/types\/product"}],"replies":[{"embeddable":true,"href":"https:\/\/www.glm.de\/en\/wp-json\/wp\/v2\/comments?post=766"}],"wp:featuredmedia":[{"embeddable":true,"href":"https:\/\/www.glm.de\/en\/wp-json\/wp\/v2\/media\/767"}],"wp:attachment":[{"href":"https:\/\/www.glm.de\/en\/wp-json\/wp\/v2\/media?parent=766"}],"wp:term":[{"taxonomy":"product_brand","embeddable":true,"href":"https:\/\/www.glm.de\/en\/wp-json\/wp\/v2\/product_brand?post=766"},{"taxonomy":"product_cat","embeddable":true,"href":"https:\/\/www.glm.de\/en\/wp-json\/wp\/v2\/product_cat?post=766"},{"taxonomy":"product_tag","embeddable":true,"href":"https:\/\/www.glm.de\/en\/wp-json\/wp\/v2\/product_tag?post=766"}],"curies":[{"name":"wp","href":"https:\/\/api.w.org\/{rel}","templated":true}]}}