{"id":772,"date":"2014-02-06T14:51:35","date_gmt":"2014-02-06T12:51:35","guid":{"rendered":"http:\/\/www.glm.de\/?post_type=product&#038;p=772"},"modified":"2019-11-25T14:19:18","modified_gmt":"2019-11-25T12:19:18","slug":"etna-waiting-for-the-sun","status":"publish","type":"product","link":"https:\/\/www.glm.de\/en\/product\/etna-waiting-for-the-sun\/","title":{"rendered":"Etna &#8211; Waiting for the Sun"},"content":{"rendered":"<p><strong>Vlado Grizelj<\/strong> Guitars<br \/>\n<strong>Andrea Hermenau<\/strong> Piano, Vocals<br \/>\n<strong>Yvo Fischer<\/strong> Bass<br \/>\n<strong>Manuel Da Coll<\/strong> Drums<br \/>\n<strong>Tobias Weber<\/strong> Drums (live)<\/p>\n<p>1. <strong>Waiting For The Sun<\/strong> <em>(Vlado Grizelj)<\/em> 5:33<br \/>\n2. <strong>Spiegelmeer<\/strong> <em>(Andrea Hermenau)<\/em> 5:32<br \/>\n3. <strong>Smile<\/strong> <em>(Vlado Grizelj)<\/em> 4:17<br \/>\n4. <strong>Lullaby<\/strong> <em>(Vlado Grizelj)<\/em> 6:18<br \/>\n5. <strong>Gedankenspiele<\/strong> <em>(Vlado Grizelj)<\/em> 7:16<br \/>\n6. <strong>Sunce<\/strong> <em>(Andrea Hermenau\/Ernest Mujkic)<\/em> 4:25<br \/>\n7. <strong>The Easiness<\/strong> <em>(Vlado Grizelj)<\/em> 5:45<br \/>\n8. <strong>Jumping Bug<\/strong> <em>(Vlado Grizelj)<\/em> 4:47<br \/>\n9. <strong>Etna<\/strong> <em>(Vlado Grizelj)<\/em> 5:14<\/p>\n<p>&nbsp;<\/p>\n<p>Von leisen, sanften T\u00f6nen getragen, betritt der Zuh\u00f6rer einen energiegeladenen Klangraum:<\/p>\n<p>Inspiriert durch die Symbiose verschiedener musikalischer Hintergr\u00fcnde wird die stilistische Vielfalt zum kompositorischen Hauptmotiv der Band.<\/p>\n<p>Im Modern Jazz verwurzelt \u00f6ffnet sich Etna mit ihrer neuesten Produktion &#8216;Waiting For The Sun&#8217; dem weiten Spektrum grooviger Beats.<br \/>\nDie Spielarten reichen von Afro \u00fcber Funk bis hin zum Rock.<br \/>\nKlassische Harmoniefolgen in Grizeljs Kompositionen verweben sich mit melodi\u00f6sen Liedern Andrea Hermenaus zu einem un\u00fcberh\u00f6rbaren Klangnetz, getragen von den kraftvollen und t\u00e4nzerischen Basslinien von Yvo Fischer.<br \/>\nDie bosnischen Wurzeln des Gitarristen lassen dabei musikalische Einfl\u00fcsse des Balkans erahnen.<\/p>\n<p>Durch die nuancenreiche Interpretation von Andrea Hermenau begibt sich die Band in den Bereich des vokalen Jazz und zeigt in der Erweiterung des instrumentalen Stils ihre Vielf\u00e4ltigkeit.<\/p>\n<p>Tauchen Sie in bilderreich-zauberhafte Klangwelten ein und lassen Sie sich von diesem musikalischen Vulkan inspirieren!<\/p>\n<p>Etna wurde auf Initiative des Gitarristen Grizelj und unterst\u00fctzt durch vulkanische Aktivit\u00e4ten des Namensgebers \u00c4tna im Sommer 2002 gegr\u00fcndet. Auf der Suche nach einem neuen Stilkleid f\u00fcr bereits entstandene Kompositionen von Hermenau und Grizelj gelang es Etna bereits in ihren Anf\u00e4ngen, die kreativen Quellen jedes Bandmitgliedes zur Formung eines homogenen und eigenst\u00e4ndigen Bandsounds zu nutzen. Befl\u00fcgelt und ermutigt durch den Gewinn des Wettbewerbs Jugend Jazzt 2002 und eine ebenso erfolgreiche Teilnahme am internationalen Nachwuchswettbewerb New Generation entstanden neue Kompositionen getragen von dem Thema &#8216;Herbst&#8217;. Voller Spielfreude pr\u00e4sentiert das Quartett nun alte und neue Kompositionen aus eigener Feder &#8211; geleitet von einer zur Jahreszeit passenden Stimmung!<\/p>\n","protected":false},"excerpt":{"rendered":"<p><a class=\"button smart_link_button\" href=\"https:\/\/smarturl.it\/waitingforthesunetna\" target=\"_blank\" rel=\"noopener\">Choose your store!<\/a><\/p>\n","protected":false},"featured_media":773,"comment_status":"open","ping_status":"closed","template":"","meta":[],"product_brand":[],"product_cat":[607,173],"product_tag":[],"class_list":{"0":"post-772","1":"product","2":"type-product","3":"status-publish","4":"has-post-thumbnail","6":"product_cat-edition-collage","7":"product_cat-etna","9":"first","10":"instock","11":"taxable","12":"shipping-taxable","13":"product-type-external"},"_links":{"self":[{"href":"https:\/\/www.glm.de\/en\/wp-json\/wp\/v2\/product\/772"}],"collection":[{"href":"https:\/\/www.glm.de\/en\/wp-json\/wp\/v2\/product"}],"about":[{"href":"https:\/\/www.glm.de\/en\/wp-json\/wp\/v2\/types\/product"}],"replies":[{"embeddable":true,"href":"https:\/\/www.glm.de\/en\/wp-json\/wp\/v2\/comments?post=772"}],"wp:featuredmedia":[{"embeddable":true,"href":"https:\/\/www.glm.de\/en\/wp-json\/wp\/v2\/media\/773"}],"wp:attachment":[{"href":"https:\/\/www.glm.de\/en\/wp-json\/wp\/v2\/media?parent=772"}],"wp:term":[{"taxonomy":"product_brand","embeddable":true,"href":"https:\/\/www.glm.de\/en\/wp-json\/wp\/v2\/product_brand?post=772"},{"taxonomy":"product_cat","embeddable":true,"href":"https:\/\/www.glm.de\/en\/wp-json\/wp\/v2\/product_cat?post=772"},{"taxonomy":"product_tag","embeddable":true,"href":"https:\/\/www.glm.de\/en\/wp-json\/wp\/v2\/product_tag?post=772"}],"curies":[{"name":"wp","href":"https:\/\/api.w.org\/{rel}","templated":true}]}}