{"id":791,"date":"2014-02-06T15:28:37","date_gmt":"2014-02-06T13:28:37","guid":{"rendered":"http:\/\/www.glm.de\/?post_type=product&#038;p=791"},"modified":"2023-09-08T09:20:24","modified_gmt":"2023-09-08T07:20:24","slug":"berlynatic-arkestra-berlin-songbook","status":"publish","type":"product","link":"https:\/\/www.glm.de\/en\/product\/berlynatic-arkestra-berlin-songbook\/","title":{"rendered":"Berlynatic Arkestra &#8211; Berlin Songbook"},"content":{"rendered":"<p><strong>Valentin Gregor<\/strong> violin, viola, vocals, percussion<br \/>\n<strong>Victor Alc\u00e1ntara<\/strong> piano, vocals<\/p>\n<p>01. <strong>Chic Attack @ Kudamm<\/strong> <em>(Valentin Gregor)<\/em> 4:47<br \/>\n02. <strong>Strandbar Mitte<\/strong> <em>(Victor Alc\u00e1ntara)<\/em> 5:50<br \/>\n03. <strong>Stella By Starlight<\/strong> <em>(Victor Young)<\/em> 5:28<br \/>\n04. <strong>Rush Hour Romance<\/strong> <em>(Victor Alc\u00e1ntara)<\/em> 4:18<br \/>\n05. <strong>Saarasa<\/strong> <em>(Valentin Gregor)<\/em> 6:10<br \/>\n06. <strong>Latin Perspective<\/strong> <em>(Oscar Hern\u00e1ndez)<\/em> 5:15<br \/>\n07. <strong>Spree Caprice<\/strong> <em>(Valentin Gregor)<\/em> 5:31<br \/>\n08. <strong>Between Heaven &amp; Earth<\/strong> <em>(Victor Alc\u00e1ntara)<\/em> 4:52<br \/>\n09. <strong>Kreuzberg Stomp<\/strong> <em>(Victor Alc\u00e1ntara)<\/em> 3:37<br \/>\n10. <strong>Winter &amp; Illusion<\/strong> <em>(Victor Alc\u00e1ntara)<\/em> 5:45<\/p>\n<p>&nbsp;<\/p>\n<p><strong>Ein Duo, das wie ein groovendes Orchester klingt?<\/strong><br \/>\nSie sind die Neuentdeckung aus der Hauptstadt: Valentin Gregor und Victor Alc\u00e1ntara. Mit ihrem BERLIN SONGBOOK &#8211; eine Mischung aus Jazz, Pop und klassischer Musik &#8211; ber\u00fchren sie den Zuh\u00f6rer durch leidenschaftliche Melodien und begeistern durch feurige Rhythmen. Ihr herrliches Spiel, kombiniert mit zweistimmigen Gesangsparts, malt ein faszinierendes Bild Berlins. Ein vision\u00e4rer Dialog zweier Spitzenmusiker inspiriert vom orchestralen Soundtrack der Gro\u00dfstadt &#8211; BERLYNATIC ARKESTRA.<\/p>\n<p>Produced 2007 by Fine Music<\/p>\n","protected":false},"excerpt":{"rendered":"<p><a class=\"button smart_link_button\" href=\"https:\/\/smarturl.it\/theberlinsongbook\" target=\"_blank\" rel=\"noopener\">Choose your store!<\/a><\/p>\n","protected":false},"featured_media":792,"comment_status":"open","ping_status":"closed","template":"","meta":[],"product_brand":[],"product_cat":[176,604],"product_tag":[],"class_list":{"0":"post-791","1":"product","2":"type-product","3":"status-publish","4":"has-post-thumbnail","6":"product_cat-berlynatic-arkestra","7":"product_cat-fine-music","9":"first","10":"instock","11":"taxable","12":"shipping-taxable","13":"product-type-external"},"_links":{"self":[{"href":"https:\/\/www.glm.de\/en\/wp-json\/wp\/v2\/product\/791"}],"collection":[{"href":"https:\/\/www.glm.de\/en\/wp-json\/wp\/v2\/product"}],"about":[{"href":"https:\/\/www.glm.de\/en\/wp-json\/wp\/v2\/types\/product"}],"replies":[{"embeddable":true,"href":"https:\/\/www.glm.de\/en\/wp-json\/wp\/v2\/comments?post=791"}],"wp:featuredmedia":[{"embeddable":true,"href":"https:\/\/www.glm.de\/en\/wp-json\/wp\/v2\/media\/792"}],"wp:attachment":[{"href":"https:\/\/www.glm.de\/en\/wp-json\/wp\/v2\/media?parent=791"}],"wp:term":[{"taxonomy":"product_brand","embeddable":true,"href":"https:\/\/www.glm.de\/en\/wp-json\/wp\/v2\/product_brand?post=791"},{"taxonomy":"product_cat","embeddable":true,"href":"https:\/\/www.glm.de\/en\/wp-json\/wp\/v2\/product_cat?post=791"},{"taxonomy":"product_tag","embeddable":true,"href":"https:\/\/www.glm.de\/en\/wp-json\/wp\/v2\/product_tag?post=791"}],"curies":[{"name":"wp","href":"https:\/\/api.w.org\/{rel}","templated":true}]}}