{"id":793,"date":"2014-02-06T15:39:08","date_gmt":"2014-02-06T13:39:08","guid":{"rendered":"http:\/\/www.glm.de\/?post_type=product&#038;p=793"},"modified":"2019-11-12T16:39:03","modified_gmt":"2019-11-12T14:39:03","slug":"lauschgold-lauschgold","status":"publish","type":"product","link":"https:\/\/www.glm.de\/en\/product\/lauschgold-lauschgold\/","title":{"rendered":"Lauschgold &#8211; Lauschgold"},"content":{"rendered":"<p><strong>Martina Eisenreich<\/strong> Geige<br \/>\n<strong>Evelyn Huber<\/strong> Harfe<br \/>\n<strong>Wolfgang Lohmeier<\/strong> Percussion<\/p>\n<p>01.  <strong>Glenlivet<\/strong> <em>(Traditional, Arr: K. Robertson)<\/em> 3:32<br \/>\n02.  <strong>Yankele<\/strong> <em>(A. Goldkuhle)<\/em> 2:58<br \/>\n03.  <strong>Aquatintes \/ Coloured Water<\/strong> <em>(B. Andres \/ E. Huber)<\/em> 9:27<br \/>\n04.  <strong>Dillasdie<\/strong> <em>(E. Huber)<\/em> 4:12<br \/>\n05.  <strong>Biddy Early<\/strong> <em>(W. Lohmeier)<\/em> 1:49<br \/>\n06.  <strong>Morning Star<\/strong> <em>(Traditional, Arr: B. Mang)<\/em> 1:53<br \/>\n07.  <strong>All Hands Around<\/strong> <em>(Traditional)<\/em> 1:41<br \/>\n08.  <strong>Totora<\/strong> <em>(W. Lohmeier)<\/em> 3:59<br \/>\n09.  <strong>Forest Of Fairytales<\/strong> <em>(E. Huber)<\/em> 6:32<br \/>\n10.  <strong>Fata Morgana<\/strong> <em>(U. Laar)<\/em> 9:08<br \/>\n11.  <strong>The Crow<\/strong> <em>(W. Lohmeier)<\/em> 5:10<br \/>\n12.  <strong>Song For Two<\/strong> <em>(C. Heil)<\/em> 5:31<br \/>\n13.  <strong>Mondblaupuppentanz<\/strong> <em>(M. Eisenreich)<\/em> 6:32<\/p>\n<p>Drei filigran gewobene F\u00e4den in einem bunten Klangteppich entf\u00fchren in ferne Welten, lassen Herbstst\u00fcrme in Schottland aufbrausen, tauchen neblige Moorlandschaften in zartes Sonnenlicht oder gaukeln in flirrender W\u00fcstenhitze eine Fata Morgana vor. Ungeb\u00e4ndigte Improvisationen entstehen aus dem Zauber des Augenblicks, mit jener vermeintlichen Leichtigkeit, die nur tiefe Konzentration und das intuitive Gesp\u00fcr f\u00fcr das musikalische Gegen\u00fcber hervorbringt. Im mystisch inspirierten Zusammenspiel der Drei entsteht Musik, die komplett vereinnahmt und f\u00fcr nichts anderes mehr Raum l\u00e4sst. Musik, die nicht Pausen, sondern Seelen f\u00fcllt.<\/p>\n<p>Produced 2007 by Fine Music<\/p>\n","protected":false},"excerpt":{"rendered":"<p><a class=\"button smart_link_button\" href=\"https:\/\/smarturl.it\/lauschgold\" target=\"_blank\" rel=\"noopener\">Choose your store!<\/a><\/p>\n","protected":false},"featured_media":794,"comment_status":"open","ping_status":"closed","template":"","meta":[],"product_brand":[],"product_cat":[604],"product_tag":[632,62,641],"class_list":{"0":"post-793","1":"product","2":"type-product","3":"status-publish","4":"has-post-thumbnail","6":"product_cat-fine-music","7":"product_tag-evelyn-huber","8":"product_tag-tina-eisenreich","9":"product_tag-wolfgang-lohmeier","11":"first","12":"instock","13":"taxable","14":"shipping-taxable","15":"product-type-external"},"_links":{"self":[{"href":"https:\/\/www.glm.de\/en\/wp-json\/wp\/v2\/product\/793"}],"collection":[{"href":"https:\/\/www.glm.de\/en\/wp-json\/wp\/v2\/product"}],"about":[{"href":"https:\/\/www.glm.de\/en\/wp-json\/wp\/v2\/types\/product"}],"replies":[{"embeddable":true,"href":"https:\/\/www.glm.de\/en\/wp-json\/wp\/v2\/comments?post=793"}],"wp:featuredmedia":[{"embeddable":true,"href":"https:\/\/www.glm.de\/en\/wp-json\/wp\/v2\/media\/794"}],"wp:attachment":[{"href":"https:\/\/www.glm.de\/en\/wp-json\/wp\/v2\/media?parent=793"}],"wp:term":[{"taxonomy":"product_brand","embeddable":true,"href":"https:\/\/www.glm.de\/en\/wp-json\/wp\/v2\/product_brand?post=793"},{"taxonomy":"product_cat","embeddable":true,"href":"https:\/\/www.glm.de\/en\/wp-json\/wp\/v2\/product_cat?post=793"},{"taxonomy":"product_tag","embeddable":true,"href":"https:\/\/www.glm.de\/en\/wp-json\/wp\/v2\/product_tag?post=793"}],"curies":[{"name":"wp","href":"https:\/\/api.w.org\/{rel}","templated":true}]}}