{"id":797,"date":"2014-02-06T15:51:26","date_gmt":"2014-02-06T13:51:26","guid":{"rendered":"http:\/\/www.glm.de\/?post_type=product&#038;p=797"},"modified":"2019-11-12T16:21:28","modified_gmt":"2019-11-12T14:21:28","slug":"robert-wolf-velvet-night","status":"publish","type":"product","link":"https:\/\/www.glm.de\/en\/product\/robert-wolf-velvet-night\/","title":{"rendered":"Robert Wolf &#8211; Velvet Night"},"content":{"rendered":"<p><strong>Robert Wolf<\/strong> Gitarre, Bouzouki, Bariton Gitarre<br \/>\n<strong>Anna-Maria Jopek<\/strong> Gesang<br \/>\n<strong>Richard Galliano<\/strong> Akkordeon<br \/>\n<strong>Paquito d\u0092Rivera<\/strong> Altsaxophon, Klarinette<br \/>\n<strong>Fany Kammerlander<\/strong> Cello<br \/>\n<strong>Mulo Francel<\/strong> Saxophon, Klarinette<br \/>\n<strong>Andreas Hinterseher<\/strong> Akkordeon<br \/>\n<strong>D.D. Lowka<\/strong> Bass<br \/>\n<strong>Rupert Stamm<\/strong> Vibraphon, Marimba<br \/>\n<strong>Wolfgang Lohmeier<\/strong> Percussion\/Steel Drum<br \/>\n<strong>Reinhard Greiner<\/strong> Trompete<\/p>\n<p>1. <strong>Secret Garden<\/strong> <em>(Robert Wolf)<\/em> 6:23<br \/>\n2. <strong>Nocturne (Ode Mnie)<\/strong> <em>(Anna Maria Jopek \/ Marcin Kydrynski)<\/em> 4:09<br \/>\n3. <strong>Madonna Negra<\/strong> <em>(Robert Wolf)<\/em> 6:51<br \/>\n4. <strong>Julien\u00b4s Valse<\/strong> <em>(Robert Wolf)<\/em> 4:48<br \/>\n5. <strong>Velvet Night<\/strong> <em>(Robert Wolf)<\/em> 10:08<br \/>\n6. <strong>Luna De Miel<\/strong> <em>(Robert Wolf \/ Anna Maria Jopek)<\/em> 8:15<br \/>\n7. <strong>Mon Ami Mulo<\/strong> <em>(Robert Wolf)<\/em> 5:30<br \/>\n8. <strong>Canci\u00f3n Por Un Angel<\/strong> <em>(Robert Wolf)<\/em> 5:27<br \/>\n9. <strong>Nuit Blanche<\/strong> <em>(Robert Wolf \/ Anna Maria Jopek)<\/em> 5:09<\/p>\n<p>&nbsp;<\/p>\n<p>Sanfte, samtige T\u00f6ne um Mitternacht &#8211; mit seiner neuen CD velvet night ist dem Gitarristen von Quadro Nuevo ein erneutes Meisterst\u00fcck der musikalischen Erz\u00e4hlkunst gelungen. Zu h\u00f6ren sind sehns\u00fcchtig sch\u00f6ne Melodien, getragen von den engelsgleichen Ges\u00e4ngen von Anna Maria Jopek, Polens bekanntester S\u00e4ngerin. Paquito D&#8217;Rivera, Richard Galliano und die Musiker von Quadro Nuevo und Faro entf\u00fchren phantasievoll und empfindsam an geheime Orte der Nacht.<\/p>\n<p>Produced 2006 by Fine Music<\/p>\n","protected":false},"excerpt":{"rendered":"<p><a class=\"button smart_link_button\" href=\"https:\/\/smarturl.it\/robertwolfvelvetnigh\" target=\"_blank\" rel=\"noopener\">Choose your store!<\/a><\/p>\n","protected":false},"featured_media":798,"comment_status":"open","ping_status":"closed","template":"","meta":[],"product_brand":[],"product_cat":[604,98],"product_tag":[628,629,112,626,132,131,471],"class_list":{"0":"post-797","1":"product","2":"type-product","3":"status-publish","4":"has-post-thumbnail","6":"product_cat-fine-music","7":"product_cat-robert-wolf","8":"product_tag-andreas-hinterseher","9":"product_tag-didi-lowka","10":"product_tag-fany-kammerlander","11":"product_tag-mulo-francel","12":"product_tag-nuevo","13":"product_tag-quadro","14":"product_tag-robert-wolf-de","16":"first","17":"instock","18":"taxable","19":"shipping-taxable","20":"product-type-external"},"_links":{"self":[{"href":"https:\/\/www.glm.de\/en\/wp-json\/wp\/v2\/product\/797"}],"collection":[{"href":"https:\/\/www.glm.de\/en\/wp-json\/wp\/v2\/product"}],"about":[{"href":"https:\/\/www.glm.de\/en\/wp-json\/wp\/v2\/types\/product"}],"replies":[{"embeddable":true,"href":"https:\/\/www.glm.de\/en\/wp-json\/wp\/v2\/comments?post=797"}],"wp:featuredmedia":[{"embeddable":true,"href":"https:\/\/www.glm.de\/en\/wp-json\/wp\/v2\/media\/798"}],"wp:attachment":[{"href":"https:\/\/www.glm.de\/en\/wp-json\/wp\/v2\/media?parent=797"}],"wp:term":[{"taxonomy":"product_brand","embeddable":true,"href":"https:\/\/www.glm.de\/en\/wp-json\/wp\/v2\/product_brand?post=797"},{"taxonomy":"product_cat","embeddable":true,"href":"https:\/\/www.glm.de\/en\/wp-json\/wp\/v2\/product_cat?post=797"},{"taxonomy":"product_tag","embeddable":true,"href":"https:\/\/www.glm.de\/en\/wp-json\/wp\/v2\/product_tag?post=797"}],"curies":[{"name":"wp","href":"https:\/\/api.w.org\/{rel}","templated":true}]}}