{"id":811,"date":"2014-02-06T16:10:51","date_gmt":"2014-02-06T14:10:51","guid":{"rendered":"http:\/\/www.glm.de\/?post_type=product&#038;p=811"},"modified":"2019-11-19T15:49:39","modified_gmt":"2019-11-19T13:49:39","slug":"mulo-francel-evelyn-huber-rendezvous","status":"publish","type":"product","link":"https:\/\/www.glm.de\/en\/product\/mulo-francel-evelyn-huber-rendezvous\/","title":{"rendered":"Mulo Francel &#038; Evelyn Huber &#8211; Rendezvous"},"content":{"rendered":"<p><strong>Mulo Francel<\/strong> Saxophon<br \/>\n<strong>Evelyn Huber<\/strong> Harfe<\/p>\n<p>1. <strong>F\u00fcr mich soll\u00b4s rote Rosen regnen<\/strong> <em>(Hans Hammerschmid)<\/em> 3:17<br \/>\n2. <strong>Nature Boy<\/strong> <em>(Eden Ahbez)<\/em> 2:09<br \/>\n3. <strong>Little Sunflower<\/strong> <em>(Freddie Hubbard)<\/em> 6:13<br \/>\n4. <strong>Susannata<\/strong> <em>(Mulo Francel)<\/em> 3:27<br \/>\n5. <strong>Nostalgia<\/strong> <em>(Mulo Francel)<\/em> 5:50<br \/>\n6. <strong>Kauf dir einen bunten Luftballon<\/strong> <em>(Anton Profes)<\/em> 4:42<br \/>\n7. <strong>Aquatintes &#8211; Coloured water<\/strong> <em>(Bernard Noel Andr\u00e8s \/ Evelyn Huber)<\/em> 7:16<br \/>\n8. <strong>Valse lento<\/strong> <em>(Mulo Francel \/ Peter Ludwig)<\/em> 3:45<br \/>\n9. <strong>Flamb\u00e9e montalbanaise<\/strong> <em>(Gus Viseur)<\/em> 3:35<br \/>\n10. <strong>Rendezvous<\/strong> <em>(Mulo Francel)<\/em> 5:50<br \/>\n11. <strong>Fata Morgana<\/strong> <em>(Uschi Laar \/ Johannes Walter-Ney \/ Wilfried Lichtenberger)<\/em> 5:21<br \/>\n12. <strong>Ich bin von Kopf bis Fu\u00df auf Liebe eingestellt<\/strong> <em>(Friedrich Hollaender)<\/em> 1:51<\/p>\n<p>Harfe und Saxophon &#8211; zwei Instrumente mit auf den ersten Blick v\u00f6llig unterschiedlichen Charakteren &#8211; und doch gelingt es dem Duo aus Mulo Francel und Evelyn Huber eindrucksvoll, seine Instrumente in einem faszinierenden Rendezvous zusammenzuf\u00fchren. Wenn sich Harfe und Saxophon sowohl bei bekannten Melodien als auch bei Eigenkompositionen elegant und einf\u00fchlsam umspielen, m\u00f6chte man sogleich glauben, es k\u00f6nne wohl kaum eine harmonischere Begegnung geben!<\/p>\n<p>Produced 2004 by Fine Music<\/p>\n","protected":false},"excerpt":{"rendered":"<p><a class=\"button smart_link_button\" href=\"https:\/\/smarturl.it\/mfRendezvous\" target=\"_blank\" rel=\"noopener\">Choose your store!<\/a><\/p>\n","protected":false},"featured_media":812,"comment_status":"open","ping_status":"closed","template":"","meta":[],"product_brand":[],"product_cat":[604],"product_tag":[632,626],"class_list":{"0":"post-811","1":"product","2":"type-product","3":"status-publish","4":"has-post-thumbnail","6":"product_cat-fine-music","7":"product_tag-evelyn-huber","8":"product_tag-mulo-francel","10":"first","11":"instock","12":"taxable","13":"shipping-taxable","14":"product-type-external"},"_links":{"self":[{"href":"https:\/\/www.glm.de\/en\/wp-json\/wp\/v2\/product\/811"}],"collection":[{"href":"https:\/\/www.glm.de\/en\/wp-json\/wp\/v2\/product"}],"about":[{"href":"https:\/\/www.glm.de\/en\/wp-json\/wp\/v2\/types\/product"}],"replies":[{"embeddable":true,"href":"https:\/\/www.glm.de\/en\/wp-json\/wp\/v2\/comments?post=811"}],"wp:featuredmedia":[{"embeddable":true,"href":"https:\/\/www.glm.de\/en\/wp-json\/wp\/v2\/media\/812"}],"wp:attachment":[{"href":"https:\/\/www.glm.de\/en\/wp-json\/wp\/v2\/media?parent=811"}],"wp:term":[{"taxonomy":"product_brand","embeddable":true,"href":"https:\/\/www.glm.de\/en\/wp-json\/wp\/v2\/product_brand?post=811"},{"taxonomy":"product_cat","embeddable":true,"href":"https:\/\/www.glm.de\/en\/wp-json\/wp\/v2\/product_cat?post=811"},{"taxonomy":"product_tag","embeddable":true,"href":"https:\/\/www.glm.de\/en\/wp-json\/wp\/v2\/product_tag?post=811"}],"curies":[{"name":"wp","href":"https:\/\/api.w.org\/{rel}","templated":true}]}}