{"id":819,"date":"2014-02-07T17:13:52","date_gmt":"2014-02-07T15:13:52","guid":{"rendered":"http:\/\/www.glm.de\/?post_type=product&#038;p=819"},"modified":"2018-11-12T21:08:54","modified_gmt":"2018-11-12T19:08:54","slug":"alessandro-de-santis-roma-termini","status":"publish","type":"product","link":"https:\/\/www.glm.de\/en\/product\/alessandro-de-santis-roma-termini\/","title":{"rendered":"Alessandro De Santis &#8211; Roma Termini"},"content":{"rendered":"<p><strong>Alessandro De Santis<\/strong> sax<br \/>\n<strong>Tobi Hofmann<\/strong> trumpets, flugelhorn<br \/>\n<strong>Joe Kienemann<\/strong> piano<br \/>\n<strong>Titus Waldenfels<\/strong> guitars<br \/>\n<strong>Christian I. Mayer<\/strong> akkordeon<br \/>\n<strong>Rudi Schie\u00dfl<\/strong> bass<br \/>\n<strong>Dittmar He\u00df<\/strong> percussion<\/p>\n<p>1. <strong>Un ora sola ti vorrei<\/strong> <em>(Umberto Bertini)<\/em> 4:27<br \/>\n2. <strong>Estate<\/strong> <em>(Bruno Martino)<\/em> 6:48<br \/>\n3. <strong>Parla pi\u00f9 (il padrino)<\/strong> <em>(Nino Rota)<\/em> 5:29<br \/>\n4. <strong>Tempo<\/strong> <em>(Aldo Romano)<\/em> 9:13<br \/>\n5. <strong>Roma nun f\u00e0 la stupida stasera<\/strong> <em>(Armando Trovajoli)<\/em> 6:03<br \/>\n6. <strong>Fellini<\/strong> <em>(Paolo Fresu)<\/em> 7:26<br \/>\n7. <strong>Vecchietti alla spiaggia<\/strong> <em>(Rudi Schie\u00dfl)<\/em> 5:56<br \/>\n8. <strong>Le contrade di siena<\/strong> <em>(Rudi Schie\u00dfl)<\/em> 9:20<br \/>\n9. <strong>Azzurro<\/strong> <em>(Paolo Conte)<\/em> 6:27<br \/>\n10. <strong>Fine<\/strong> 2:05<\/p>\n<p>&nbsp;<\/p>\n<p>Der aus &#8220;caput mundi&#8221; stammende M\u00fcnchner Saxophonist Alessandro De Santis setzt mit seiner neuen CD das Programm der &#8220;Canzoni Italiane&#8221; fort. Er erweitert dieses aber durch Eigenkompositionen des Bassisten Rudi Schie\u00dfl und mit der Aufnahme verschiedener eleganter St\u00fccke aktueller italienischer Jazzmusiker (u.a. &#8220;Tempo&#8221; von Aldo Romano). Dazu hat er als &#8220;Padrino&#8221; verschiedene Musiker der M\u00fcnchner Jazzszene eingeladen und die &#8220;famiglia&#8221; vergr\u00f6\u00dfert.<\/p>\n<p>Produced 2004 by Fine Music<\/p>\n","protected":false},"excerpt":{"rendered":"<p>320 kbit\/s MP3 Download<\/p>\n","protected":false},"featured_media":820,"comment_status":"open","ping_status":"closed","template":"","meta":[],"product_brand":[],"product_cat":[813],"product_tag":[185,186],"class_list":{"0":"post-819","1":"product","2":"type-product","3":"status-publish","4":"has-post-thumbnail","6":"product_cat-uncategorised","7":"product_tag-alessandro-de-santis","8":"product_tag-roma-termini","10":"first","11":"instock","12":"taxable","13":"shipping-taxable","14":"purchasable","15":"product-type-simple"},"_links":{"self":[{"href":"https:\/\/www.glm.de\/en\/wp-json\/wp\/v2\/product\/819"}],"collection":[{"href":"https:\/\/www.glm.de\/en\/wp-json\/wp\/v2\/product"}],"about":[{"href":"https:\/\/www.glm.de\/en\/wp-json\/wp\/v2\/types\/product"}],"replies":[{"embeddable":true,"href":"https:\/\/www.glm.de\/en\/wp-json\/wp\/v2\/comments?post=819"}],"wp:featuredmedia":[{"embeddable":true,"href":"https:\/\/www.glm.de\/en\/wp-json\/wp\/v2\/media\/820"}],"wp:attachment":[{"href":"https:\/\/www.glm.de\/en\/wp-json\/wp\/v2\/media?parent=819"}],"wp:term":[{"taxonomy":"product_brand","embeddable":true,"href":"https:\/\/www.glm.de\/en\/wp-json\/wp\/v2\/product_brand?post=819"},{"taxonomy":"product_cat","embeddable":true,"href":"https:\/\/www.glm.de\/en\/wp-json\/wp\/v2\/product_cat?post=819"},{"taxonomy":"product_tag","embeddable":true,"href":"https:\/\/www.glm.de\/en\/wp-json\/wp\/v2\/product_tag?post=819"}],"curies":[{"name":"wp","href":"https:\/\/api.w.org\/{rel}","templated":true}]}}