{"id":936,"date":"2014-03-04T13:47:22","date_gmt":"2014-03-04T11:47:22","guid":{"rendered":"http:\/\/www.glm.de\/?post_type=product&#038;p=936"},"modified":"2019-11-25T14:18:49","modified_gmt":"2019-11-25T12:18:49","slug":"irina-karamarkovic-band-songs-from-kosovo","status":"publish","type":"product","link":"https:\/\/www.glm.de\/en\/product\/irina-karamarkovic-band-songs-from-kosovo\/","title":{"rendered":"Irina Karamarkovic Band &#8211; Songs From Kosovo"},"content":{"rendered":"<p><strong>Irina Karamarkovic<\/strong> Vocals<br \/>\n<strong>Wolfram Derschmidt<\/strong> Bass<br \/>\n<strong>Stefan Heckel<\/strong> Piano<br \/>\n<strong>Viktor Palic<\/strong> Drums<\/p>\n<p>01. <strong>Pristina Ce Da Postane Turisticko Mesto<\/strong> 0:18<br \/>\n02. <strong>Preletese Tice Lastavice<\/strong> 5:55<br \/>\n03. <strong>Hapi Syte E Zeza<\/strong> 5:15<br \/>\n04. <strong>Majko Mila<\/strong> 6:11<br \/>\n05. <strong>Biser Mara Po Jezeru Brala<\/strong> 5:21<br \/>\n06. <strong>Gusta Mi Magla Padnala<\/strong> 6:40<br \/>\n07. <strong>Tudja Zemljo<\/strong> 6:03<br \/>\n08. <strong>Sto Si Rano Podranila Marijo<\/strong> 5:18<br \/>\n09. <strong>Devojce Tanko Visoko<\/strong> 5:52<br \/>\n10. <strong>Simbil Cvece<\/strong>6:45<br \/>\n11. <strong>Zajdi, Zajdi<\/strong> 3:03<br \/>\n12. <strong>Dosla Je Sestra Jelena<\/strong> 1:15<\/p>\n<p>&nbsp;<\/p>\n<p><strong>Songs from Kosovo<\/strong><br \/>\nTraditionelle Lieder aus dem Kosovo gelten heutzutage als die \u00e4ltesten und sch\u00f6nsten der serbischen Tradition. Viele davon w\u00e4ren l\u00e4ngst in Vergessenheit geraten, h\u00e4tten sie nicht Irina Karamarkovic&#8217;s Gro\u00dfvater, ein Komponist, und ihre Mutter, eine klassische Violinistin, gesammelt, notiert und sorgsam verwahrt.<\/p>\n<p>Das Projekt &#8216;<em>Songs from Kosovo<\/em>&#8216; entstand aus dem starken Bed\u00fcrfnis eine Geschichte zu erz\u00e4hlen. Diese hat viele Formen und Farben, und best\u00e4tigt die Tatsache, dass wir leicht verlieren k\u00f6nnen, was wir nicht verwenden. Einige Lieder daraus sind sehr alt und unertr\u00e4glich traurig.<\/p>\n<p>Sie muss sie singen, weil diese Geschichten sonst aussterben werden &#8211; es sind nicht viele Menschen \u00fcbrig geblieben, die Musik aus ihnen machen. Irina widmet sie einer Welt, die nicht mehr existiert.<br \/>\nDiesen wertvollen Schatz pr\u00e4sentiert die S\u00e4ngerin in zeitgen\u00f6ssischem Gewand. Mit Charisma und stimmlicher Vielseitigkeit entzieht sie die uralten Lieder ihrer Heimat jeglichem politischen Zugriff &#8211; und verleiht ihnen Eleganz und Weltgeltung.<\/p>\n<p><strong>Irina Karamarkovic Band<\/strong><br \/>\nDas charismatische Quartett will mit seiner musikalischen Botschaft ein aufkl\u00e4rendes Statement setzen &#8211; \u00fcber alle stilistischen, geographischen und historischen Grenzen hinweg!<\/p>\n<p>Irina Karamarkovic verleiht der Band durch ihre einzigartige Stimme eine ausdrucksvolle Kraft, die das Publikum in den Bann unterschiedlichster Geschichten entf\u00fchrt. Virtuose Rhythmen des Schlagzeugers Viktor Palic begleiten sie stillvoll. Der geb\u00fcrtige Grazer Jazzpianist Stefan Heckel \u00fcberzieht das Ganze mit verschiedenen Klangmustern, die die alten Melodien zum Leben erwecken. Wolfram Derschmidt komplettiert das Farbenspiel mit seinem Kontrabass.<\/p>\n<p>In harmonischer Zusammenarbeit entstand dabei eine Produktion, welche mit souver\u00e4ner Leichtigkeit die unterschiedlichen musikalischen Einfl\u00fcsse vereint. Eine gelungene Symbiose aus traditioneller Folklore und Jazz!<\/p>\n","protected":false},"excerpt":{"rendered":"<p><a class=\"button smart_link_button\" href=\"https:\/\/smarturl.it\/irinakaramarkovic\" target=\"_blank\" rel=\"noopener\">Choose your store!<\/a><\/p>\n","protected":false},"featured_media":937,"comment_status":"open","ping_status":"closed","template":"","meta":[],"product_brand":[],"product_cat":[607],"product_tag":[196],"class_list":{"0":"post-936","1":"product","2":"type-product","3":"status-publish","4":"has-post-thumbnail","6":"product_cat-edition-collage","7":"product_tag-irina-karamarkovic","9":"first","10":"instock","11":"taxable","12":"shipping-taxable","13":"product-type-external"},"_links":{"self":[{"href":"https:\/\/www.glm.de\/en\/wp-json\/wp\/v2\/product\/936"}],"collection":[{"href":"https:\/\/www.glm.de\/en\/wp-json\/wp\/v2\/product"}],"about":[{"href":"https:\/\/www.glm.de\/en\/wp-json\/wp\/v2\/types\/product"}],"replies":[{"embeddable":true,"href":"https:\/\/www.glm.de\/en\/wp-json\/wp\/v2\/comments?post=936"}],"wp:featuredmedia":[{"embeddable":true,"href":"https:\/\/www.glm.de\/en\/wp-json\/wp\/v2\/media\/937"}],"wp:attachment":[{"href":"https:\/\/www.glm.de\/en\/wp-json\/wp\/v2\/media?parent=936"}],"wp:term":[{"taxonomy":"product_brand","embeddable":true,"href":"https:\/\/www.glm.de\/en\/wp-json\/wp\/v2\/product_brand?post=936"},{"taxonomy":"product_cat","embeddable":true,"href":"https:\/\/www.glm.de\/en\/wp-json\/wp\/v2\/product_cat?post=936"},{"taxonomy":"product_tag","embeddable":true,"href":"https:\/\/www.glm.de\/en\/wp-json\/wp\/v2\/product_tag?post=936"}],"curies":[{"name":"wp","href":"https:\/\/api.w.org\/{rel}","templated":true}]}}