{"id":938,"date":"2014-03-04T14:07:38","date_gmt":"2014-03-04T12:07:38","guid":{"rendered":"http:\/\/www.glm.de\/?post_type=product&#038;p=938"},"modified":"2019-11-12T16:44:16","modified_gmt":"2019-11-12T14:44:16","slug":"chris-jarrett-wax-cabinet","status":"publish","type":"product","link":"https:\/\/www.glm.de\/en\/product\/chris-jarrett-wax-cabinet\/","title":{"rendered":"Chris Jarrett &#8211; Wax Cabinet"},"content":{"rendered":"<p><strong>Chris Jarrett<\/strong> Piano<br \/>\n<strong>Adrien Dennefeld<\/strong> Guitar, Electronics<br \/>\n<strong>J\u00e9r\u00f4me Fohrer<\/strong> Double Bass<br \/>\n<strong>Pascal Gully<\/strong> Drums<\/p>\n<p>01.  <strong>L &#8216;Homme De Fer<\/strong> 6:19<br \/>\n02.  <strong>Inside The Bunker<\/strong> 4:46<br \/>\n03.  <strong>White Nights<\/strong> 6:32<br \/>\n04.  <strong>Wax Cabinet<\/strong> 2:38<br \/>\n05.  <strong>Wood And String<\/strong> 4:24<br \/>\n06.  <strong>Beograd<\/strong> 4:11<br \/>\n07.  <strong>Friand Poulet<\/strong> 7:15<br \/>\n08.  <strong>Engf\u00fchrung<\/strong> 3:35<br \/>\n09.  <strong>Flunching<\/strong> 3:55<br \/>\n10.  <strong>Foam<\/strong> 4:13<br \/>\n11.  <strong>The Simmer<\/strong> 5:56<\/p>\n<p>Oh my god &#8211; it&#8217;s alive!<br \/>\nMit diesem alten Filmzitat in Horrorfilmmanier kann man ebensogut das neue und erste Album der Formation FOUR FREE bei seinem Schritt ins H\u00f6rerohr begr\u00fc\u00dfen.<br \/>\nChris Jarrett (Komposition und Piano), und seine Mitstreiter Pascal Gully (drums), Jerome Fohrer (double bass) und Adrien Dennefeld (Guitar, electronics) bringen hier, wie in besagtem Horrorgenre, eine laute, ueberraschende, nicht verbogene und doch gespannte Variante des Jazz (?) zu Gehoer, die mal amuesiert, mal antreibt, mal das Blut in den Adern gefrieren laesst.<br \/>\nVertraeumte Elegien werden von verrueckten highspeed Sarabanden gejagt, Bluesextrakte setzen sich aus dekonstruierten Fetzen zu einer grinsenden Fratze zusammen.<br \/>\nAlles in allem, temporeich und mit dem f\u00fcr Jarrett typischen Tritt in den Allerwetesten wird hier gehobelt &#8211; nicht immer einfach aber immer ehrlich.<br \/>\nWer einige der Kompositionen bereits als Soloklavierdarbietung kennt, wird von der Umsetzung im Quartett vielleicht begeistert und ueberrascht sein &#8211; manchmal addiert sich zur Substanz noch ein richtig schmatzender Groove&#8230;.allerdings nicht um der Eing\u00e4ngigkeit Willen, sondern aus Spass daran. Und manchmal zerf\u00e4llt alles einfach wie unter Teilchenbeschuss. Berstender drive, schrille Guitarlicks, Stakkatoattacken, fein zisellierte Winzigkeiten und ein paar chirurgisch pr\u00e4zise Schnitte lassen hier den Korpus des gelenken Frankensteins wachsen. Alt &#8211; Neu &#8211; man weiss es nicht genau, eher witzig als zaudernd, eher ernst als ulkig.<\/p>\n","protected":false},"excerpt":{"rendered":"<p><a class=\"button smart_link_button\" href=\"https:\/\/smarturl.it\/waxcabinet\" target=\"_blank\" rel=\"noopener\">Choose your store!<\/a><\/p>\n","protected":false},"featured_media":939,"comment_status":"open","ping_status":"closed","template":"","meta":[],"product_brand":[],"product_cat":[607],"product_tag":[197],"class_list":{"0":"post-938","1":"product","2":"type-product","3":"status-publish","4":"has-post-thumbnail","6":"product_cat-edition-collage","7":"product_tag-chris-jarrett","9":"first","10":"instock","11":"taxable","12":"shipping-taxable","13":"product-type-external"},"_links":{"self":[{"href":"https:\/\/www.glm.de\/en\/wp-json\/wp\/v2\/product\/938"}],"collection":[{"href":"https:\/\/www.glm.de\/en\/wp-json\/wp\/v2\/product"}],"about":[{"href":"https:\/\/www.glm.de\/en\/wp-json\/wp\/v2\/types\/product"}],"replies":[{"embeddable":true,"href":"https:\/\/www.glm.de\/en\/wp-json\/wp\/v2\/comments?post=938"}],"wp:featuredmedia":[{"embeddable":true,"href":"https:\/\/www.glm.de\/en\/wp-json\/wp\/v2\/media\/939"}],"wp:attachment":[{"href":"https:\/\/www.glm.de\/en\/wp-json\/wp\/v2\/media?parent=938"}],"wp:term":[{"taxonomy":"product_brand","embeddable":true,"href":"https:\/\/www.glm.de\/en\/wp-json\/wp\/v2\/product_brand?post=938"},{"taxonomy":"product_cat","embeddable":true,"href":"https:\/\/www.glm.de\/en\/wp-json\/wp\/v2\/product_cat?post=938"},{"taxonomy":"product_tag","embeddable":true,"href":"https:\/\/www.glm.de\/en\/wp-json\/wp\/v2\/product_tag?post=938"}],"curies":[{"name":"wp","href":"https:\/\/api.w.org\/{rel}","templated":true}]}}