{"id":940,"date":"2014-03-04T14:22:19","date_gmt":"2014-03-04T12:22:19","guid":{"rendered":"http:\/\/www.glm.de\/?post_type=product&#038;p=940"},"modified":"2025-05-28T03:05:14","modified_gmt":"2025-05-28T01:05:14","slug":"marcus-schinkel-trio-indigo-streichquartett-9-symphonies","status":"publish","type":"product","link":"https:\/\/www.glm.de\/en\/product\/marcus-schinkel-trio-indigo-streichquartett-9-symphonies\/","title":{"rendered":"Marcus Schinkel Trio &#038; Indigo Streichquartett &#8211; 9 Symphonies"},"content":{"rendered":"<p><strong>Marcus Schinkel<\/strong> piano<br \/>\n<strong>Wim de Vries<\/strong> drums<br \/>\n<strong>Bas Rietmeyer<\/strong> bass, ebass on track I &amp; IX<\/p>\n<p><strong>Heike Haushalter<\/strong> violin<br \/>\n<strong>Petra Stalz<\/strong> violin<br \/>\n<strong>Monika Malek<\/strong> viola<br \/>\n<strong>Gesa Hangen<\/strong> cello<\/p>\n<p><em>Guest musicians:<\/em><\/p>\n<p><strong>Klaus Mages<\/strong> percussion on track VII &amp; IX<br \/>\n<strong>Peter Engelhard<\/strong> guitar on track IX<\/p>\n<p>01. <strong>First One<\/strong> <em>based on symphony 1, part 3<\/em> 5:50<br \/>\n02. <strong>Prince Charles<\/strong> <em>based on symphony 2, part 1<\/em> 5:13<br \/>\n03. <strong>Adagio Eroica<\/strong> <em>based on symphony 3, part 3<\/em> 5:09<br \/>\n04. <strong>Four In Four<\/strong> <em>based on symphony 4, part 4<\/em> 5:06<br \/>\n05. <strong>Destiny Song<\/strong> <em>based on symphony 5, part 3<\/em> 6:38<br \/>\n06. <strong>Ankunft Auf Dem Lande<\/strong> <em>based on symphony 6, part 1<\/em> 5:23<br \/>\n07. <strong>Napoleon&#8217;s Last Dance<\/strong> <em>based on symphony 7, part 2<\/em> 5:46<br \/>\n08. <strong>Someday A Symphonie Will Come<\/strong> <em>based on symphony 8, part 1<\/em> 6:53<br \/>\n09. <strong>Alle Menschen Werden Br\u00fcder<\/strong> <em>based on symphony 9, part 3<\/em> 6:03<\/p>\n<p>&nbsp;<\/p>\n<p>Dieses kleine St\u00e4dtchen am Rhein hat es in sich: Bonn scheint sich zu der neuen Schmiede f\u00fcr Deutschlands n\u00e4chste Jazzgeneration zu mausern. Nach den bekanntesten deutschen Jazztrompetern Till Br\u00f6nner und Nils W\u00fclker, erscheint nun der Bonner Jazzpianist Marcus Schinkel mit Jazzarrangements von Werken der ureigensten deutschen Wurzel am internationalen CD- Markt:<br \/>\n<strong>Die Symphonien von Ludwig van Beethoven!<\/strong><\/p>\n<p>Schon in den 60er Jahren wurden klassische Komponisten f\u00fcr Jazzbands bearbeitet, jedoch hatte sich bisher noch niemand an die Werke von Ludwig van Beethoven gewagt, die sich durch ihre selbstbewusste Natur nicht so leicht in Jazzmusik \u00fcbertragen lassen.<br \/>\nMarcus Schinkel jedoch interpretierte schon in seiner ersten Produktion &#8220;News From Beethoven&#8221; (2004) bekannte Kompositionen des Musikgenies wie die &#8220;Mondscheinsonate&#8221; und &#8220;F\u00fcr Elise&#8221; auf seine ganz eigene Art.<\/p>\n<p>F\u00fcr sein neuestes Projekt <strong>&#8220;9 Symphonies&#8221;<\/strong> arrangiert er 9 Themen aus den 9 Symphonien aufw\u00e4ndig f\u00fcr <strong>Jazztrio und klassisches Streichquartett<\/strong> und l\u00e4sst seine eigene Kompositionstechnik noch intensiver mit den Melodien der Symphonien Beethovens verschmelzen. Das Streichquartett gibt dazu den klassischen Kontrapunkt, mal als Melodietr\u00e4ger, mal als Kommentator.<br \/>\nDas Ergebnis kann sich sehen lassen:<br \/>\nDie originalen Themen werden im Tempo gestaucht oder gestreckt, die Leitakkorde harmonisch in die Jetztzeit katapultiert oder mit spannenden Rhythmen versehen.<\/p>\n<p>Das Motto der CD gleicht dem Ausspruch:<br \/>\n<strong>&#8220;Die Tradition ist nicht die Aufbewahrung der Asche, sondern die Weitergabe des Feuers!&#8221;<\/strong><\/p>\n<p>Produced 2009 by Edition Collage<\/p>\n","protected":false},"excerpt":{"rendered":"<p><a class=\"button smart_link_button\" href=\"https:\/\/smarturl.it\/marcusschinkeltrio\" target=\"_blank\" rel=\"noopener\">Choose your store!<\/a><\/p>\n","protected":false},"featured_media":941,"comment_status":"open","ping_status":"closed","template":"","meta":[],"product_brand":[],"product_cat":[607],"product_tag":[198],"class_list":{"0":"post-940","1":"product","2":"type-product","3":"status-publish","4":"has-post-thumbnail","6":"product_cat-edition-collage","7":"product_tag-marcus-schinkel","9":"first","10":"instock","11":"taxable","12":"shipping-taxable","13":"product-type-external"},"_links":{"self":[{"href":"https:\/\/www.glm.de\/en\/wp-json\/wp\/v2\/product\/940"}],"collection":[{"href":"https:\/\/www.glm.de\/en\/wp-json\/wp\/v2\/product"}],"about":[{"href":"https:\/\/www.glm.de\/en\/wp-json\/wp\/v2\/types\/product"}],"replies":[{"embeddable":true,"href":"https:\/\/www.glm.de\/en\/wp-json\/wp\/v2\/comments?post=940"}],"wp:featuredmedia":[{"embeddable":true,"href":"https:\/\/www.glm.de\/en\/wp-json\/wp\/v2\/media\/941"}],"wp:attachment":[{"href":"https:\/\/www.glm.de\/en\/wp-json\/wp\/v2\/media?parent=940"}],"wp:term":[{"taxonomy":"product_brand","embeddable":true,"href":"https:\/\/www.glm.de\/en\/wp-json\/wp\/v2\/product_brand?post=940"},{"taxonomy":"product_cat","embeddable":true,"href":"https:\/\/www.glm.de\/en\/wp-json\/wp\/v2\/product_cat?post=940"},{"taxonomy":"product_tag","embeddable":true,"href":"https:\/\/www.glm.de\/en\/wp-json\/wp\/v2\/product_tag?post=940"}],"curies":[{"name":"wp","href":"https:\/\/api.w.org\/{rel}","templated":true}]}}