{"id":942,"date":"2014-03-04T14:36:34","date_gmt":"2014-03-04T12:36:34","guid":{"rendered":"http:\/\/www.glm.de\/?post_type=product&#038;p=942"},"modified":"2022-12-30T12:52:14","modified_gmt":"2022-12-30T10:52:14","slug":"michael-lutzeier-quartet-schlager-hitz","status":"publish","type":"product","link":"https:\/\/www.glm.de\/en\/product\/michael-lutzeier-quartet-schlager-hitz\/","title":{"rendered":"Michael Lutzeier Quartet &#8211; Schlager HitZ"},"content":{"rendered":"<p><strong>Michael Lutzeier<\/strong> baritone saxophone<br \/>\n<strong>Bernd Hess<\/strong> guitar<br \/>\n<strong>Thomas Stabenow<\/strong> contrabass<br \/>\n<strong>Rick Hollander<\/strong> drums<\/p>\n<p>01. <strong>Mein Herz m\u00fcsste ein Rundfunksender sein<\/strong> <em>(Kreuder)<\/em> 6:34<br \/>\n02. <strong>Wenn der wei\u00dfe Flieder<\/strong> <em>(Doelle)<\/em> 5:17<br \/>\n03. <strong>Kann denn Liebe S\u00fcnde sein<\/strong> <em>(Br\u00fchne)<\/em> 2:52<br \/>\n04. <strong>Der Wind hat mir ein Lied erz\u00e4hlt<\/strong> <em>(Br\u00fchne)<\/em> 4:15<br \/>\n05. <strong>Ich wei\u00df es wird einmal ein Wunder geschehn<\/strong> <em>(Jary)<\/em> 2:52<br \/>\n06. <strong>Capriolen<\/strong> <em>(Kreuder)<\/em> 5:33<br \/>\n07. <strong>Ich bin Kopf bis Fuss<\/strong> <em>(Holl\u00e4nder)<\/em> 7:10<br \/>\n08. <strong>Mein Herz hat heut Premiere<\/strong> <em>(Igelhoff\/Steimel)<\/em> 5:25<br \/>\n09. <strong>Ich wei\u00df dass ich dich lieben mu\u00df<\/strong> <em>(Mackeben)<\/em> 7:37<br \/>\n10. <strong>San Francisco<\/strong> <em>(Kaper\/Jurmann)<\/em> 5:43<br \/>\n11. <strong>Die Nacht ist nicht allein zum Schlafen da<\/strong> <em>(Mackeben)<\/em> 5:44<br \/>\n12. <strong>Warum<\/strong> <em>(Mackeben)<\/em> 6:04<br \/>\n13. <strong>Mein Herz m\u00fcsste ein Rundfunksender sein<\/strong> (Bonus Track) <em>(Kreuder)<\/em> 6:11<\/p>\n<p>&nbsp;<\/p>\n<p>Nach dem Motto &#8220;Schellacks neu lackiert&#8221; arrangiert Michael Lutzeier und sein Quartett die Hits der zwanziger bis f\u00fcnfziger Jahre auf &#8220;Schlager HitZ&#8221; frech originell, zieht ihnen die St\u00fctzstr\u00fcmpfe aus und steckt sie in ein zeitgem\u00e4\u00dfes jazziges Gewand. Zusammen mit den hervorragenden Mitmusikern Bernd Hess an der Gitarre, Thomas Stabenow am Kontraba\u00df und Rick Hollander am Schlagzeug, darf man sich sicher auf einen ganz un\u00fcblichen Jazz- und Schlagerabend freuen!<\/p>\n<p>Produced 2008 by Edition Collage<\/p>\n","protected":false},"excerpt":{"rendered":"<p><a class=\"button smart_link_button\" href=\"https:\/\/smarturl.it\/michaellutzeierquart\" target=\"_blank\" rel=\"noopener\">Choose your store!<\/a><\/p>\n","protected":false},"featured_media":943,"comment_status":"open","ping_status":"closed","template":"","meta":[],"product_brand":[],"product_cat":[607],"product_tag":[199],"class_list":{"0":"post-942","1":"product","2":"type-product","3":"status-publish","4":"has-post-thumbnail","6":"product_cat-edition-collage","7":"product_tag-michael-lutzeier","9":"first","10":"instock","11":"taxable","12":"shipping-taxable","13":"product-type-external"},"_links":{"self":[{"href":"https:\/\/www.glm.de\/en\/wp-json\/wp\/v2\/product\/942"}],"collection":[{"href":"https:\/\/www.glm.de\/en\/wp-json\/wp\/v2\/product"}],"about":[{"href":"https:\/\/www.glm.de\/en\/wp-json\/wp\/v2\/types\/product"}],"replies":[{"embeddable":true,"href":"https:\/\/www.glm.de\/en\/wp-json\/wp\/v2\/comments?post=942"}],"wp:featuredmedia":[{"embeddable":true,"href":"https:\/\/www.glm.de\/en\/wp-json\/wp\/v2\/media\/943"}],"wp:attachment":[{"href":"https:\/\/www.glm.de\/en\/wp-json\/wp\/v2\/media?parent=942"}],"wp:term":[{"taxonomy":"product_brand","embeddable":true,"href":"https:\/\/www.glm.de\/en\/wp-json\/wp\/v2\/product_brand?post=942"},{"taxonomy":"product_cat","embeddable":true,"href":"https:\/\/www.glm.de\/en\/wp-json\/wp\/v2\/product_cat?post=942"},{"taxonomy":"product_tag","embeddable":true,"href":"https:\/\/www.glm.de\/en\/wp-json\/wp\/v2\/product_tag?post=942"}],"curies":[{"name":"wp","href":"https:\/\/api.w.org\/{rel}","templated":true}]}}