{"id":993,"date":"2014-03-25T16:45:27","date_gmt":"2014-03-25T14:45:27","guid":{"rendered":"http:\/\/www.glm.de\/?post_type=product&#038;p=993"},"modified":"2022-12-29T05:05:12","modified_gmt":"2022-12-29T03:05:12","slug":"inka-moods-a-portrait-in-music","status":"publish","type":"product","link":"https:\/\/www.glm.de\/en\/product\/inka-moods-a-portrait-in-music\/","title":{"rendered":"INKA MOODS &#8211; a portrait in music"},"content":{"rendered":"<p><strong>Wolfgang Lohmeier<\/strong> percussion<br \/>\n<strong>Mulo Francel<\/strong>\u00a0saxophones, clarinets, flute, mandoline<br \/>\n<strong>Martina Eisenreich<\/strong>\u00a0violin<br \/>\n<strong>D.D. Lowka<\/strong>\u00a0bass<br \/>\n<strong>Evelyn Huber<\/strong>\u00a0harp<br \/>\n<strong>Sonja Huber<\/strong> vibraphone<br \/>\n<strong>Stefanie Boltz<\/strong>\u00a0vocals<br \/>\n<strong>Hannah K\u00f6pf<\/strong>\u00a0vocals<br \/>\n<strong>Ecco di Lorenzo<\/strong>\u00a0vocals<br \/>\n<strong>Andreas Hinterseher<\/strong>\u00a0accordion<br \/>\n<strong>Kiko Pedrozo<\/strong> harp<br \/>\n<strong>Stephan Glaubitz<\/strong> bass<br \/>\n<strong>Christoph M\u00fcller<\/strong> guitar<br \/>\n<strong>Claudia Quiroz<\/strong> sopran<br \/>\n<strong>Yerar Ch\u00e1vez<\/strong> flute<br \/>\n<strong>Robert Wolf<\/strong>\u00a0guitar<br \/>\n<strong>Joe Warrlich<\/strong> fretless bass<br \/>\n<strong>Ingo Sandhofen<\/strong> guitar<br \/>\n<strong>Pepe Rojas<\/strong>\u00a0charango &amp; flutes<br \/>\n<strong>Alexander Kilian<\/strong>\u00a0flamenco-guitar<br \/>\n<strong>Jan Pascal<\/strong>\u00a0flamenco-guitar<br \/>\n<strong>Azucena Rubio<\/strong>\u00a0palmas<\/p>\n<!--[if lt IE 9]><script>document.createElement('audio');<\/script><![endif]-->\n\t<div class=\"wp-playlist wp-audio-playlist wp-playlist-light\">\n\t\t\t<div class=\"wp-playlist-current-item\"><\/div>\n\t\t<audio controls=\"controls\" preload=\"none\" width=\"958\"\n\t\t\t><\/audio>\n\t<div class=\"wp-playlist-next\"><\/div>\n\t<div class=\"wp-playlist-prev\"><\/div>\n\t<noscript>\n\t<ol>\n\t\t<li><a href='https:\/\/www.glm.de\/en\/wp-content\/uploads\/2014\/10\/01_El-co\u0301ndor-pasa.mp3'>El co\u0301ndor pasa<\/a><\/li><li><a href='https:\/\/www.glm.de\/en\/wp-content\/uploads\/2014\/10\/02_Inca-mood-wind-and-water.mp3'>Inca mood wind and water<\/a><\/li><li><a href='https:\/\/www.glm.de\/en\/wp-content\/uploads\/2014\/10\/03_Totora.mp3'>Totora<\/a><\/li><li><a href='https:\/\/www.glm.de\/en\/wp-content\/uploads\/2014\/10\/04_Atahualpa.mp3'>Atahualpa<\/a><\/li><li><a href='https:\/\/www.glm.de\/en\/wp-content\/uploads\/2014\/10\/05_Pacha-Mama.mp3'>Pacha Mama<\/a><\/li><li><a href='https:\/\/www.glm.de\/en\/wp-content\/uploads\/2014\/10\/06_Inca-mood-ritual.mp3'>Inca mood ritual<\/a><\/li><li><a href='https:\/\/www.glm.de\/en\/wp-content\/uploads\/2014\/10\/07_Cacao.mp3'>Cacao<\/a><\/li><li><a href='https:\/\/www.glm.de\/en\/wp-content\/uploads\/2014\/10\/08_Caminando.mp3'>Caminando<\/a><\/li><li><a href='https:\/\/www.glm.de\/en\/wp-content\/uploads\/2014\/10\/09_Inca-mood-sun-prayer.mp3'>Inca mood sun prayer<\/a><\/li><li><a href='https:\/\/www.glm.de\/en\/wp-content\/uploads\/2014\/10\/10_Celestine.mp3'>Celestine<\/a><\/li><li><a href='https:\/\/www.glm.de\/en\/wp-content\/uploads\/2014\/10\/11_Estudio-para-charango.mp3'>Estudio para charango<\/a><\/li><li><a href='https:\/\/www.glm.de\/en\/wp-content\/uploads\/2014\/10\/12_Machu-Picchu.mp3'>Machu Picchu<\/a><\/li><li><a href='https:\/\/www.glm.de\/en\/wp-content\/uploads\/2014\/10\/13_Melancoli\u0301a.mp3'>Melancoli\u0301a<\/a><\/li><li><a href='https:\/\/www.glm.de\/en\/wp-content\/uploads\/2014\/10\/14_Inca-mood-awakening.mp3'>Inca mood awakening<\/a><\/li><li><a href='https:\/\/www.glm.de\/en\/wp-content\/uploads\/2014\/10\/15_Gracias-a-la-vida.mp3'>Gracias a la vida<\/a><\/li>\t<\/ol>\n\t<\/noscript>\n\t<script type=\"application\/json\" class=\"wp-playlist-script\">{\"type\":\"audio\",\"tracklist\":true,\"tracknumbers\":true,\"images\":true,\"artists\":true,\"tracks\":[{\"src\":\"https:\\\/\\\/www.glm.de\\\/en\\\/wp-content\\\/uploads\\\/2014\\\/10\\\/01_El-co\\u0301ndor-pasa.mp3\",\"type\":\"audio\\\/mpeg\",\"title\":\"El co\\u0301ndor pasa\",\"caption\":\"\",\"description\":\"\\\"01_El co\\u0301ndor pasa\\\".\",\"meta\":{\"length_formatted\":\"1:30\"},\"image\":{\"src\":\"https:\\\/\\\/www.glm.de\\\/en\\\/wp-content\\\/uploads\\\/2014\\\/10\\\/FM190.jpg\",\"width\":550,\"height\":500},\"thumb\":{\"src\":\"https:\\\/\\\/www.glm.de\\\/en\\\/wp-content\\\/uploads\\\/2014\\\/10\\\/FM190-150x150.jpg\",\"width\":150,\"height\":150}},{\"src\":\"https:\\\/\\\/www.glm.de\\\/en\\\/wp-content\\\/uploads\\\/2014\\\/10\\\/02_Inca-mood-wind-and-water.mp3\",\"type\":\"audio\\\/mpeg\",\"title\":\"Inca mood wind and water\",\"caption\":\"\",\"description\":\"\\\"02_Inca mood wind and water\\\".\",\"meta\":{\"length_formatted\":\"0:59\"},\"image\":{\"src\":\"https:\\\/\\\/www.glm.de\\\/en\\\/wp-content\\\/uploads\\\/2014\\\/10\\\/FM190.jpg\",\"width\":550,\"height\":500},\"thumb\":{\"src\":\"https:\\\/\\\/www.glm.de\\\/en\\\/wp-content\\\/uploads\\\/2014\\\/10\\\/FM190-150x150.jpg\",\"width\":150,\"height\":150}},{\"src\":\"https:\\\/\\\/www.glm.de\\\/en\\\/wp-content\\\/uploads\\\/2014\\\/10\\\/03_Totora.mp3\",\"type\":\"audio\\\/mpeg\",\"title\":\"Totora\",\"caption\":\"\",\"description\":\"\\\"03_Totora\\\".\",\"meta\":{\"length_formatted\":\"1:30\"},\"image\":{\"src\":\"https:\\\/\\\/www.glm.de\\\/en\\\/wp-content\\\/uploads\\\/2014\\\/10\\\/FM190.jpg\",\"width\":550,\"height\":500},\"thumb\":{\"src\":\"https:\\\/\\\/www.glm.de\\\/en\\\/wp-content\\\/uploads\\\/2014\\\/10\\\/FM190-150x150.jpg\",\"width\":150,\"height\":150}},{\"src\":\"https:\\\/\\\/www.glm.de\\\/en\\\/wp-content\\\/uploads\\\/2014\\\/10\\\/04_Atahualpa.mp3\",\"type\":\"audio\\\/mpeg\",\"title\":\"Atahualpa\",\"caption\":\"\",\"description\":\"\\\"04_Atahualpa\\\".\",\"meta\":{\"length_formatted\":\"1:30\"},\"image\":{\"src\":\"https:\\\/\\\/www.glm.de\\\/en\\\/wp-content\\\/uploads\\\/2014\\\/10\\\/FM190.jpg\",\"width\":550,\"height\":500},\"thumb\":{\"src\":\"https:\\\/\\\/www.glm.de\\\/en\\\/wp-content\\\/uploads\\\/2014\\\/10\\\/FM190-150x150.jpg\",\"width\":150,\"height\":150}},{\"src\":\"https:\\\/\\\/www.glm.de\\\/en\\\/wp-content\\\/uploads\\\/2014\\\/10\\\/05_Pacha-Mama.mp3\",\"type\":\"audio\\\/mpeg\",\"title\":\"Pacha Mama\",\"caption\":\"\",\"description\":\"\\\"05_Pacha Mama\\\".\",\"meta\":{\"length_formatted\":\"1:30\"},\"image\":{\"src\":\"https:\\\/\\\/www.glm.de\\\/en\\\/wp-content\\\/uploads\\\/2014\\\/10\\\/FM190.jpg\",\"width\":550,\"height\":500},\"thumb\":{\"src\":\"https:\\\/\\\/www.glm.de\\\/en\\\/wp-content\\\/uploads\\\/2014\\\/10\\\/FM190-150x150.jpg\",\"width\":150,\"height\":150}},{\"src\":\"https:\\\/\\\/www.glm.de\\\/en\\\/wp-content\\\/uploads\\\/2014\\\/10\\\/06_Inca-mood-ritual.mp3\",\"type\":\"audio\\\/mpeg\",\"title\":\"Inca mood ritual\",\"caption\":\"\",\"description\":\"\\\"06_Inca mood ritual\\\".\",\"meta\":{\"length_formatted\":\"0:44\"},\"image\":{\"src\":\"https:\\\/\\\/www.glm.de\\\/en\\\/wp-content\\\/uploads\\\/2014\\\/10\\\/FM190.jpg\",\"width\":550,\"height\":500},\"thumb\":{\"src\":\"https:\\\/\\\/www.glm.de\\\/en\\\/wp-content\\\/uploads\\\/2014\\\/10\\\/FM190-150x150.jpg\",\"width\":150,\"height\":150}},{\"src\":\"https:\\\/\\\/www.glm.de\\\/en\\\/wp-content\\\/uploads\\\/2014\\\/10\\\/07_Cacao.mp3\",\"type\":\"audio\\\/mpeg\",\"title\":\"Cacao\",\"caption\":\"\",\"description\":\"\\\"07_Cacao\\\".\",\"meta\":{\"length_formatted\":\"1:30\"},\"image\":{\"src\":\"https:\\\/\\\/www.glm.de\\\/en\\\/wp-content\\\/uploads\\\/2014\\\/10\\\/FM190.jpg\",\"width\":550,\"height\":500},\"thumb\":{\"src\":\"https:\\\/\\\/www.glm.de\\\/en\\\/wp-content\\\/uploads\\\/2014\\\/10\\\/FM190-150x150.jpg\",\"width\":150,\"height\":150}},{\"src\":\"https:\\\/\\\/www.glm.de\\\/en\\\/wp-content\\\/uploads\\\/2014\\\/10\\\/08_Caminando.mp3\",\"type\":\"audio\\\/mpeg\",\"title\":\"Caminando\",\"caption\":\"\",\"description\":\"\\\"08_Caminando\\\".\",\"meta\":{\"length_formatted\":\"1:30\"},\"image\":{\"src\":\"https:\\\/\\\/www.glm.de\\\/en\\\/wp-content\\\/uploads\\\/2014\\\/10\\\/FM190.jpg\",\"width\":550,\"height\":500},\"thumb\":{\"src\":\"https:\\\/\\\/www.glm.de\\\/en\\\/wp-content\\\/uploads\\\/2014\\\/10\\\/FM190-150x150.jpg\",\"width\":150,\"height\":150}},{\"src\":\"https:\\\/\\\/www.glm.de\\\/en\\\/wp-content\\\/uploads\\\/2014\\\/10\\\/09_Inca-mood-sun-prayer.mp3\",\"type\":\"audio\\\/mpeg\",\"title\":\"Inca mood sun prayer\",\"caption\":\"\",\"description\":\"\\\"09_Inca mood sun prayer\\\".\",\"meta\":{\"length_formatted\":\"0:40\"},\"image\":{\"src\":\"https:\\\/\\\/www.glm.de\\\/en\\\/wp-content\\\/uploads\\\/2014\\\/10\\\/FM190.jpg\",\"width\":550,\"height\":500},\"thumb\":{\"src\":\"https:\\\/\\\/www.glm.de\\\/en\\\/wp-content\\\/uploads\\\/2014\\\/10\\\/FM190-150x150.jpg\",\"width\":150,\"height\":150}},{\"src\":\"https:\\\/\\\/www.glm.de\\\/en\\\/wp-content\\\/uploads\\\/2014\\\/10\\\/10_Celestine.mp3\",\"type\":\"audio\\\/mpeg\",\"title\":\"Celestine\",\"caption\":\"\",\"description\":\"\\\"10_Celestine\\\".\",\"meta\":{\"length_formatted\":\"1:30\"},\"image\":{\"src\":\"https:\\\/\\\/www.glm.de\\\/en\\\/wp-content\\\/uploads\\\/2014\\\/10\\\/FM190.jpg\",\"width\":550,\"height\":500},\"thumb\":{\"src\":\"https:\\\/\\\/www.glm.de\\\/en\\\/wp-content\\\/uploads\\\/2014\\\/10\\\/FM190-150x150.jpg\",\"width\":150,\"height\":150}},{\"src\":\"https:\\\/\\\/www.glm.de\\\/en\\\/wp-content\\\/uploads\\\/2014\\\/10\\\/11_Estudio-para-charango.mp3\",\"type\":\"audio\\\/mpeg\",\"title\":\"Estudio para charango\",\"caption\":\"\",\"description\":\"\\\"11_Estudio para charango\\\".\",\"meta\":{\"length_formatted\":\"1:07\"},\"image\":{\"src\":\"https:\\\/\\\/www.glm.de\\\/en\\\/wp-content\\\/uploads\\\/2014\\\/10\\\/FM190.jpg\",\"width\":550,\"height\":500},\"thumb\":{\"src\":\"https:\\\/\\\/www.glm.de\\\/en\\\/wp-content\\\/uploads\\\/2014\\\/10\\\/FM190-150x150.jpg\",\"width\":150,\"height\":150}},{\"src\":\"https:\\\/\\\/www.glm.de\\\/en\\\/wp-content\\\/uploads\\\/2014\\\/10\\\/12_Machu-Picchu.mp3\",\"type\":\"audio\\\/mpeg\",\"title\":\"Machu Picchu\",\"caption\":\"\",\"description\":\"\\\"12_Machu Picchu\\\".\",\"meta\":{\"length_formatted\":\"1:30\"},\"image\":{\"src\":\"https:\\\/\\\/www.glm.de\\\/en\\\/wp-content\\\/uploads\\\/2014\\\/10\\\/FM190.jpg\",\"width\":550,\"height\":500},\"thumb\":{\"src\":\"https:\\\/\\\/www.glm.de\\\/en\\\/wp-content\\\/uploads\\\/2014\\\/10\\\/FM190-150x150.jpg\",\"width\":150,\"height\":150}},{\"src\":\"https:\\\/\\\/www.glm.de\\\/en\\\/wp-content\\\/uploads\\\/2014\\\/10\\\/13_Melancoli\\u0301a.mp3\",\"type\":\"audio\\\/mpeg\",\"title\":\"Melancoli\\u0301a\",\"caption\":\"\",\"description\":\"\\\"13_Melancoli\\u0301a\\\".\",\"meta\":{\"length_formatted\":\"1:30\"},\"image\":{\"src\":\"https:\\\/\\\/www.glm.de\\\/en\\\/wp-content\\\/uploads\\\/2014\\\/10\\\/FM190.jpg\",\"width\":550,\"height\":500},\"thumb\":{\"src\":\"https:\\\/\\\/www.glm.de\\\/en\\\/wp-content\\\/uploads\\\/2014\\\/10\\\/FM190-150x150.jpg\",\"width\":150,\"height\":150}},{\"src\":\"https:\\\/\\\/www.glm.de\\\/en\\\/wp-content\\\/uploads\\\/2014\\\/10\\\/14_Inca-mood-awakening.mp3\",\"type\":\"audio\\\/mpeg\",\"title\":\"Inca mood awakening\",\"caption\":\"\",\"description\":\"\\\"14_Inca mood awakening\\\".\",\"meta\":{\"length_formatted\":\"1:30\"},\"image\":{\"src\":\"https:\\\/\\\/www.glm.de\\\/en\\\/wp-content\\\/uploads\\\/2014\\\/10\\\/FM190.jpg\",\"width\":550,\"height\":500},\"thumb\":{\"src\":\"https:\\\/\\\/www.glm.de\\\/en\\\/wp-content\\\/uploads\\\/2014\\\/10\\\/FM190-150x150.jpg\",\"width\":150,\"height\":150}},{\"src\":\"https:\\\/\\\/www.glm.de\\\/en\\\/wp-content\\\/uploads\\\/2014\\\/10\\\/15_Gracias-a-la-vida.mp3\",\"type\":\"audio\\\/mpeg\",\"title\":\"Gracias a la vida\",\"caption\":\"\",\"description\":\"\\\"15_Gracias a la vida\\\".\",\"meta\":{\"length_formatted\":\"1:30\"},\"image\":{\"src\":\"https:\\\/\\\/www.glm.de\\\/en\\\/wp-content\\\/uploads\\\/2014\\\/10\\\/FM190.jpg\",\"width\":550,\"height\":500},\"thumb\":{\"src\":\"https:\\\/\\\/www.glm.de\\\/en\\\/wp-content\\\/uploads\\\/2014\\\/10\\\/FM190-150x150.jpg\",\"width\":150,\"height\":150}}]}<\/script>\n<\/div>\n\t\n<p>01. <strong>El C\u00f3ndor pasa<\/strong> <em>(folk song of Peru \/ Arr. M. Francel)<\/em> 8:25<br \/>\n02.\u00a0<strong>Inka mood: wind &amp; water<\/strong> 2:00<br \/>\n03.\u00a0<strong>Totora<\/strong> <em>(W. Lohmeier)<\/em> 8:00<br \/>\n04.\u00a0<strong>Atahualpa<\/strong> <em>(M. Francel)<\/em> 8:00<br \/>\n05.\u00a0<strong>Pacha Mama<\/strong> <em>(W. Lohmeier &amp; M. Eisenreich)<\/em> 5:00<br \/>\n06.\u00a0<strong>Inka mood: ritual<\/strong> 0:55<br \/>\n07.\u00a0<strong>Cacao<\/strong> <em>(M. Francel)<\/em> 5:25<br \/>\n08.\u00a0<strong>Caminando<\/strong> <em>(K. Pedrozo)<\/em> 6:00<br \/>\n09. <strong>Inka mood: sun prayer<\/strong>\u00a00:20<br \/>\n10.\u00a0<strong>Celestine<\/strong> <em>(W. Lohmeier)<\/em>\u00a0 6:10<br \/>\n11. <strong>Estudio para Charango<\/strong> <em>(M. N\u00fa\u00f1ez)<\/em>\u00a01:30<br \/>\n12.\u00a0<strong>Machu Picchu<\/strong> <em>(M. Eisenreich)<\/em> 8:00<br \/>\n13. <strong>Melancol\u00eda<\/strong> <em>(J. Pascal &amp; A. Kilian)<\/em> 6:08<br \/>\n14. <strong>Inka mood: awakening<\/strong>\u00a0 2:26<br \/>\n15. <strong>Gracias a la Vida<\/strong> <em>(V. Parra)<\/em> 7:00<\/p>\n<p><strong>INKA MOODS<br \/>\na portrait in music<\/strong><br \/>\n\u2026von Martina Eisenreich, Wolfgang Lohmeier und Mulo Francel.<br \/>\n\u2026mit vielen internationalen Musikern wie Quadro Nuevo,<br \/>\nCaf\u00e9 del mundo und G\u00e4sten aus den Inka-L\u00e4ndern.<\/p>\n<p><em>a beautiful landscape of acoustic music and sound<br \/>\na relaxed and adventurous trip to the Andes<br \/>\nhighly inspired by the world of the Inca<br \/>\ndedicated to the people on the mystic mountains<\/em><\/p>\n<p><strong>Die Musik:<\/strong><br \/>\nF\u00fcnftausend Kilometer entlang der Anden von Kolumbien bis Chile erstreckte sich das Reich der Inka. Ein kreatives Team namhafter World Music-K\u00fcnstler besch\u00e4ftigt sich nun mit dem kulturellen Verm\u00e4chtnis des geheimnisvollen Volkes und transformiert dies in einen modernen Sound. Traditionelle St\u00fccke wie das alte peruanische Volkslied El C\u00f3ndor pasa oder Gracias a la Vida der chilenischen S\u00e4ngerin Violeta Parra klingen \u00fcberraschend frisch und entspannt. Dazu steuern die Musiker eigene Kompositionen bei: Atahualpa (f\u00fcr den letzten Inka-K\u00f6nig), Totora (f\u00fcr das Gras des Titicaca-Sees, aus welchem seit Jahrtausenden Boote geflochten werden) und eine Hymne an Machu Picchu. Das Ensemble Caf\u00e9 del mundo macht mit Flamenco-Stimmung das Element der spanischen Eroberer h\u00f6rbar. Handgemachte Musik, ausschlie\u00dflich gespielt auf akustischen Instrumenten von Saxophon, Violine und Viola, \u00fcber zahlreiche Percussions bis hin zum Vibraphon und Hang. Virtuose Gastmusiker aus den Anden-L\u00e4ndern bereichern das Projekt durch ihre typischen Spielweisen auf Indio-Fl\u00f6ten, der Anden-Harfe und der Charango.<\/p>\n<p><strong>Die Inspiration:<\/strong><br \/>\n<em>Mulo Francel<\/em> von Quadro Nuevo unternahm bereits als Jugendlicher ausgedehnte Reisen durch Lateinamerika. Mit seinem Onkel in Ecuador war er auf dem hohen Altiplano von Peru und Bolivien unterwegs, um das alte Quinoa-Korn der Inka zu rekultivieren: <em>&#8220;Das haben n\u00e4mlich die Spanier den Inkas ausgetrieben, gedeiht aber auf H\u00f6hen \u00fcber 3000 Meter viel besser als Kartoffeln oder andere Getreidearten. Quinoa w\u00e4re also ein hervorragendes Lebensmittel zur Ern\u00e4hrung der einfachen Bev\u00f6lkerung in den Anden. Nur war das Wissen darum in Vergessenheit geraten. Wir sind damals viele Tage in den Hochebenen von Dorf zu Dorf gefahren. Sp\u00e4ter war ich noch mehrmals in S\u00fcdamerika, weil es mich fasziniert und meine Musik pr\u00e4gt und inspiriert. Zuletzt war ich im Januar 2014 mit Quadro Nuevo in Argentinien.&#8221;<\/em><\/p>\n<p><em>Wolfgang Lohmeier<\/em> gilt als einer der innovativsten Perkussionisten der Musikszene und setzte sich lange mit den Rhythmen der Ureinwohner S\u00fcdamerikas auseinander. Aussergew\u00f6hnlich ist nicht nur sein Sammelsurium kurioser Perkussion aus s\u00e4mtlichen Kontinenten, sondern vor allem die gro\u00dfe Kraft und Ausdrucksvielfalt, mit der er kunstvoll synkopische Muster webt, Trommeln wirbeln l\u00e4sst und selbst Schlaginstrumenten melodi\u00f6se Kapriolen abringt. <em>\u201cEs inspiriert mich, einen musikalischen Raum mit der Magie fremder V\u00f6lker zu verzaubern. Die Aufgabe, ein umfassendes musikalisches Portrait des sagenumwobenen Inka-Volkes zu gestalten, liegt mir schon lange am Herzen\u201c.<\/em><\/p>\n<p>Die Komponistin und Geigerin <em>Martina Eisenreich<\/em> spielte zusammen mit Wolfgang Lohmeier Filmmusik zu \u201ePachak\u00fatec \u2013 Time Of Change\u201d ein. Daf\u00fcr drangen die beiden zusammen mit \u00d1aupany Puma, einem Nachfahren des Inkavolkes, Pilger auf den Spuren der alten Sonnentradition auf dem Weg des Sonnenpriesters, monatelang tief in die Ur-Kl\u00e4nge der Andenl\u00e4nder, in die Religion und in die Zeremonien des Inka-Volkes ein. <em>\u201cDie alten Br\u00e4uche und die Ideologien der Inka, die \u00d1aupany uns zeigte &#8211; unter anderem ein tiefer Respekt vor Pacha Mama, Mutter Erde, der Natur und allen Lebewesen &#8211; haben mich tief ber\u00fchrt und beeindruckt. Als Filmkomponistin arbeite ich viel mit musikalischen Stimmungen und akustischen Landschaftsbildern und fand die Idee sehr reizvoll, zusammen mit Mulo Francel und Wolfgang Lohmeier unser ganz pers\u00f6nliches Album mit INKA Moods zu schaffen.&#8221;<\/em><\/p>\n<p><strong>Die Reihe SCH\u00d6NE T\u00d6NE:<\/strong><br \/>\nDie Zusammenarbeit von <em>Mulo Francel<\/em> und dem Tonmeister &amp; Perkussionisten <em>Wolfgang Lohmeier<\/em> begann bereits Mitte der 90er Jahre bei den Aufnahmen der ersten Quadro Nuevo-Alben, wof\u00fcr sie mehrere audiophile Auszeichnungen erhielten. Zusammen mit der erfolgreichen Filmkomponistin und Geigerin <em>Martina Eisenreich<\/em> wurde nun die Idee geboren, zu jeweils einem Thema eine akustische Landschaft zu kreieren: entspannt-atmosph\u00e4rische Musik mit gro\u00dfer Neugier f\u00fcr fremde Kulturen, mit h\u00f6chstem Anspruch an k\u00fcnstlerische und klang\u00e4sthetische Qualit\u00e4t.<br \/>\n<em>(Anmerkung: bereits die erfolgreiche Gew\u00fcrz-Vertonung &#8220;Mulo Francel &amp; Evelyn Huber: Songs of Spices&#8221; entstand 2010 im kreativen Kollektiv um die Musiker von Quadro Nuevo)<\/em><\/p>\n","protected":false},"excerpt":{"rendered":"<p><a class=\"button smart_link_button\" href=\"https:\/\/smarturl.it\/inkamoods\" target=\"_blank\" rel=\"noopener\">Choose your store!<\/a><\/p>\n","protected":false},"featured_media":994,"comment_status":"open","ping_status":"closed","template":"","meta":[],"product_brand":[],"product_cat":[604,619,204,640],"product_tag":[184,62,626,682,641],"class_list":{"0":"post-993","1":"product","2":"type-product","3":"status-publish","4":"has-post-thumbnail","6":"product_cat-fine-music","7":"product_cat-martina-eisenreich","8":"product_cat-schoene-toene","9":"product_cat-wolfgang-lohmeier","10":"product_tag-cafe-del-mundo-2","11":"product_tag-tina-eisenreich","12":"product_tag-mulo-francel","13":"product_tag-schoene-toene","14":"product_tag-wolfgang-lohmeier","16":"first","17":"instock","18":"taxable","19":"shipping-taxable","20":"product-type-external"},"_links":{"self":[{"href":"https:\/\/www.glm.de\/en\/wp-json\/wp\/v2\/product\/993"}],"collection":[{"href":"https:\/\/www.glm.de\/en\/wp-json\/wp\/v2\/product"}],"about":[{"href":"https:\/\/www.glm.de\/en\/wp-json\/wp\/v2\/types\/product"}],"replies":[{"embeddable":true,"href":"https:\/\/www.glm.de\/en\/wp-json\/wp\/v2\/comments?post=993"}],"wp:featuredmedia":[{"embeddable":true,"href":"https:\/\/www.glm.de\/en\/wp-json\/wp\/v2\/media\/994"}],"wp:attachment":[{"href":"https:\/\/www.glm.de\/en\/wp-json\/wp\/v2\/media?parent=993"}],"wp:term":[{"taxonomy":"product_brand","embeddable":true,"href":"https:\/\/www.glm.de\/en\/wp-json\/wp\/v2\/product_brand?post=993"},{"taxonomy":"product_cat","embeddable":true,"href":"https:\/\/www.glm.de\/en\/wp-json\/wp\/v2\/product_cat?post=993"},{"taxonomy":"product_tag","embeddable":true,"href":"https:\/\/www.glm.de\/en\/wp-json\/wp\/v2\/product_tag?post=993"}],"curies":[{"name":"wp","href":"https:\/\/api.w.org\/{rel}","templated":true}]}}